{"id":5590,"date":"2020-01-15T12:38:36","date_gmt":"2020-01-15T12:38:36","guid":{"rendered":"https:\/\/www.djurskyddet.se\/norravarmland\/?page_id=5590"},"modified":"2025-08-27T15:51:34","modified_gmt":"2025-08-27T15:51:34","slug":"ge-en-gava","status":"publish","type":"page","link":"https:\/\/www.djurskyddet.se\/norravarmland\/ge-en-gava\/","title":{"rendered":"Ge en g\u00e5va"},"content":{"rendered":"\n<p><em>Vi \u00e4r beroende av er som vill sk\u00e4nka pengar eller g\u00e5vor!<\/em><\/p>\n\n\n\n<p>Om du vill ge ett ekonomiskt bidrag till f\u00f6reningen s\u00e5 swisha oss eller s\u00e4tt in valfritt belopp p\u00e5 v\u00e5rt bankgiro.<\/p>\n\n\n\n<p>Bankgiro:&nbsp;<strong>611-2940<\/strong><\/p>\n\n\n\n<p>M\u00e4rk talongen med &#8221;g\u00e5va&#8221; och g\u00e4rna ditt namn.<\/p>\n\n\n\n<p>Swishnummer:&nbsp;<strong>123 237 2639<\/strong><\/p>\n\n\n\n<p>Andra g\u00e5vor som t.ex. kattmat, kattsand, leksaker, filtar, kattl\u00e5dor med mera beh\u00f6vs ocks\u00e5. Kontakta oss om du k\u00e4nner att det \u00e4r n\u00e5got du vill bidra med.<\/p>\n\n\n\n<p>Ni som ger blod eller plasma i V\u00e4rmland har nu m\u00f6jlighet att sk\u00e4nka den ers\u00e4ttning ni f\u00e5r f\u00f6r detta till oss.<\/p>\n","protected":false},"excerpt":{"rendered":"<p>Vi \u00e4r beroende av er som vill sk\u00e4nka pengar eller g\u00e5vor! Om du vill ge ett ekonomiskt bidrag till f\u00f6reningen s\u00e5 swisha oss eller s\u00e4tt in valfritt belopp p\u00e5 v\u00e5rt bankgiro. Bankgiro:&nbsp;611-2940 M\u00e4rk talongen med &#8221;g\u00e5va&#8221; och g\u00e4rna ditt namn. Swishnummer:&nbsp;123 237 2639 Andra g\u00e5vor som t.ex. kattmat, kattsand, leksaker, filtar, kattl\u00e5dor med mera beh\u00f6vs ocks\u00e5. Kontakta oss om du k\u00e4nner att det \u00e4r n\u00e5got du vill bidra med. Ni&hellip;<\/p>\n<p><a class=\"more-link\" href=\"https:\/\/www.djurskyddet.se\/norravarmland\/ge-en-gava\/\" title=\"Continue reading &lsquo;Ge en g\u00e5va&rsquo;\">L&auml;s mer<span class=\"meta-nav\">&raquo;<\/span><\/a><\/p>\n","protected":false},"author":3,"featured_media":0,"parent":0,"menu_order":0,"comment_status":"closed","ping_status":"closed","template":"left-sidebar.php","meta":{"_acf_changed":false,"footnotes":""},"class_list":["post-5590","page","type-page","status-publish","hentry"],"acf":[],"_links":{"self":[{"href":"https:\/\/www.djurskyddet.se\/norravarmland\/wp-json\/wp\/v2\/pages\/5590","targetHints":{"allow":["GET"]}}],"collection":[{"href":"https:\/\/www.djurskyddet.se\/norravarmland\/wp-json\/wp\/v2\/pages"}],"about":[{"href":"https:\/\/www.djurskyddet.se\/norravarmland\/wp-json\/wp\/v2\/types\/page"}],"author":[{"embeddable":true,"href":"https:\/\/www.djurskyddet.se\/norravarmland\/wp-json\/wp\/v2\/users\/3"}],"replies":[{"embeddable":true,"href":"https:\/\/www.djurskyddet.se\/norravarmland\/wp-json\/wp\/v2\/comments?post=5590"}],"version-history":[{"count":4,"href":"https:\/\/www.djurskyddet.se\/norravarmland\/wp-json\/wp\/v2\/pages\/5590\/revisions"}],"predecessor-version":[{"id":7125,"href":"https:\/\/www.djurskyddet.se\/norravarmland\/wp-json\/wp\/v2\/pages\/5590\/revisions\/7125"}],"wp:attachment":[{"href":"https:\/\/www.djurskyddet.se\/norravarmland\/wp-json\/wp\/v2\/media?parent=5590"}],"curies":[{"name":"wp","href":"https:\/\/api.w.org\/{rel}","templated":true}]}}