{"id":5593,"date":"2020-01-15T12:39:23","date_gmt":"2020-01-15T12:39:23","guid":{"rendered":"https:\/\/www.djurskyddet.se\/norravarmland\/?page_id=5593"},"modified":"2025-08-27T19:05:35","modified_gmt":"2025-08-27T19:05:35","slug":"jourhem","status":"publish","type":"page","link":"https:\/\/www.djurskyddet.se\/norravarmland\/jourhem\/","title":{"rendered":"Jourhem"},"content":{"rendered":"\n<p><strong>V\u00e5r verksamhet \u00e4r&nbsp;beroende av v\u00e5ra jourhem.<\/strong><\/p>\n\n\n\n<p>Som jourhem kan du hj\u00e4lpa oss att ta emot\u00a0djur genom att \u00f6ppna d\u00f6rrarna till ditt hem. Du tar d\u00e5 hand om djuret som om den vore din egen, tills vi finner ett f\u00f6r-alltid-hem.\u00a0Under\u00a0djurets tid i jourhemmet st\u00e5r vi f\u00f6r kostnader s\u00e5som veterin\u00e4rv\u00e5rd, mediciner, mat och str\u00f6 etc.<\/p>\n\n\n\n<p>F\u00f6r att passa som jourhem b\u00f6r du ha tillr\u00e4ckligt med utrymme f\u00f6r djuret. Tidigare erfarenhet av\u00a0djuret \u00e4r bra, men inget krav. T\u00e5lamod och k\u00e4rlek \u00e4r A&amp;O. Du kan ha egna djur\u00a0i hemmet men det \u00e4r d\u00e5 n\u00f6dv\u00e4ndigt att du kan h\u00e5lla ditt eget djur\u00a0\u00e5tskild fr\u00e5n det nya\u00a0djuret under den f\u00f6rsta tiden, d\u00e5 det finns en liten risk att nya djuret\u00a0kan b\u00e4ra p\u00e5 sjukdomar som kan \u00f6verf\u00f6ras till\u00a0ditt djur.\u00a0Ditt eget\u00a0djur b\u00f6r vara vaccinerad. <\/p>\n\n\n\n<p>\u00c4r du eller n\u00e5gon du k\u00e4nner intresserad av att g\u00f6ra en viktig insats i en katts liv s\u00e5 tveka inte att kontakta oss!<\/p>\n\n\n\n<ul class=\"wp-block-list\">\n<li><a href=\"https:\/\/www.djurskyddet.se\/norravarmland\/wp-content\/uploads\/sites\/41\/2025\/08\/jourhem.docx.pdf\">Villkor &#8211; Jourhemsavtal<\/a><\/li>\n<\/ul>\n\n\n\n<p><\/p>\n","protected":false},"excerpt":{"rendered":"<p>V\u00e5r verksamhet \u00e4r&nbsp;beroende av v\u00e5ra jourhem. Som jourhem kan du hj\u00e4lpa oss att ta emot\u00a0djur genom att \u00f6ppna d\u00f6rrarna till ditt hem. Du tar d\u00e5 hand om djuret som om den vore din egen, tills vi finner ett f\u00f6r-alltid-hem.\u00a0Under\u00a0djurets tid i jourhemmet st\u00e5r vi f\u00f6r kostnader s\u00e5som veterin\u00e4rv\u00e5rd, mediciner, mat och str\u00f6 etc. F\u00f6r att passa som jourhem b\u00f6r du ha tillr\u00e4ckligt med utrymme f\u00f6r djuret. Tidigare erfarenhet av\u00a0djuret \u00e4r&hellip;<\/p>\n<p><a class=\"more-link\" href=\"https:\/\/www.djurskyddet.se\/norravarmland\/jourhem\/\" title=\"Continue reading &lsquo;Jourhem&rsquo;\">L&auml;s mer<span class=\"meta-nav\">&raquo;<\/span><\/a><\/p>\n","protected":false},"author":3,"featured_media":0,"parent":0,"menu_order":0,"comment_status":"closed","ping_status":"closed","template":"left-sidebar.php","meta":{"_acf_changed":false,"footnotes":""},"class_list":["post-5593","page","type-page","status-publish","hentry"],"acf":[],"_links":{"self":[{"href":"https:\/\/www.djurskyddet.se\/norravarmland\/wp-json\/wp\/v2\/pages\/5593","targetHints":{"allow":["GET"]}}],"collection":[{"href":"https:\/\/www.djurskyddet.se\/norravarmland\/wp-json\/wp\/v2\/pages"}],"about":[{"href":"https:\/\/www.djurskyddet.se\/norravarmland\/wp-json\/wp\/v2\/types\/page"}],"author":[{"embeddable":true,"href":"https:\/\/www.djurskyddet.se\/norravarmland\/wp-json\/wp\/v2\/users\/3"}],"replies":[{"embeddable":true,"href":"https:\/\/www.djurskyddet.se\/norravarmland\/wp-json\/wp\/v2\/comments?post=5593"}],"version-history":[{"count":2,"href":"https:\/\/www.djurskyddet.se\/norravarmland\/wp-json\/wp\/v2\/pages\/5593\/revisions"}],"predecessor-version":[{"id":7131,"href":"https:\/\/www.djurskyddet.se\/norravarmland\/wp-json\/wp\/v2\/pages\/5593\/revisions\/7131"}],"wp:attachment":[{"href":"https:\/\/www.djurskyddet.se\/norravarmland\/wp-json\/wp\/v2\/media?parent=5593"}],"curies":[{"name":"wp","href":"https:\/\/api.w.org\/{rel}","templated":true}]}}