{"id":5595,"date":"2020-01-15T12:40:54","date_gmt":"2020-01-15T12:40:54","guid":{"rendered":"https:\/\/www.djurskyddet.se\/norravarmland\/?page_id=5595"},"modified":"2025-09-02T07:49:33","modified_gmt":"2025-09-02T07:49:33","slug":"vilda-djur","status":"publish","type":"page","link":"https:\/\/www.djurskyddet.se\/norravarmland\/vilda-djur\/","title":{"rendered":"Vilda djur"},"content":{"rendered":"\n<p><\/p>\n\n\n\n<p>Vi hj\u00e4lper fr\u00e4mst katter, om ni tr\u00e4ffar p\u00e5 ett skadat vild-djur kan ni v\u00e4nda er till kommunen.<\/p>\n\n\n\n<p>Kontakta Madeleine Nilsson som \u00e4r auktoriserad eller Jimmy Nilsson som \u00e4r assisterande viltrehabiliterare. <a href=\"https:\/\/angtorpviltrehab.se\/\">Hemsidan<\/a> &#8211; \u00c4ngtorp Viltrehabilitering, d\u00e4r finner ni information &amp; kontaktuppgifter.<\/p>\n\n\n\n<p><\/p>\n","protected":false},"excerpt":{"rendered":"<p>Vi hj\u00e4lper fr\u00e4mst katter, om ni tr\u00e4ffar p\u00e5 ett skadat vild-djur kan ni v\u00e4nda er till kommunen. Kontakta Madeleine Nilsson som \u00e4r auktoriserad eller Jimmy Nilsson som \u00e4r assisterande viltrehabiliterare. Hemsidan &#8211; \u00c4ngtorp Viltrehabilitering, d\u00e4r finner ni information &amp; kontaktuppgifter.<\/p>\n","protected":false},"author":3,"featured_media":0,"parent":0,"menu_order":0,"comment_status":"closed","ping_status":"closed","template":"left-sidebar.php","meta":{"_acf_changed":false,"footnotes":""},"class_list":["post-5595","page","type-page","status-publish","hentry"],"acf":[],"_links":{"self":[{"href":"https:\/\/www.djurskyddet.se\/norravarmland\/wp-json\/wp\/v2\/pages\/5595","targetHints":{"allow":["GET"]}}],"collection":[{"href":"https:\/\/www.djurskyddet.se\/norravarmland\/wp-json\/wp\/v2\/pages"}],"about":[{"href":"https:\/\/www.djurskyddet.se\/norravarmland\/wp-json\/wp\/v2\/types\/page"}],"author":[{"embeddable":true,"href":"https:\/\/www.djurskyddet.se\/norravarmland\/wp-json\/wp\/v2\/users\/3"}],"replies":[{"embeddable":true,"href":"https:\/\/www.djurskyddet.se\/norravarmland\/wp-json\/wp\/v2\/comments?post=5595"}],"version-history":[{"count":8,"href":"https:\/\/www.djurskyddet.se\/norravarmland\/wp-json\/wp\/v2\/pages\/5595\/revisions"}],"predecessor-version":[{"id":7155,"href":"https:\/\/www.djurskyddet.se\/norravarmland\/wp-json\/wp\/v2\/pages\/5595\/revisions\/7155"}],"wp:attachment":[{"href":"https:\/\/www.djurskyddet.se\/norravarmland\/wp-json\/wp\/v2\/media?parent=5595"}],"curies":[{"name":"wp","href":"https:\/\/api.w.org\/{rel}","templated":true}]}}