{"id":5607,"date":"2020-01-15T12:46:26","date_gmt":"2020-01-15T12:46:26","guid":{"rendered":"https:\/\/www.djurskyddet.se\/norravarmland\/?page_id=5607"},"modified":"2025-10-01T09:51:18","modified_gmt":"2025-10-01T09:51:18","slug":"bli-medlem","status":"publish","type":"page","link":"https:\/\/www.djurskyddet.se\/norravarmland\/bli-medlem\/","title":{"rendered":"Bli medlem"},"content":{"rendered":"\n<p class=\"p1\"><span class=\"s1\">Genom att bli medlem hj\u00e4lper du till att ge fler djur ett b\u00e4ttre liv! Medlemskap i Djurskyddet Norra V\u00e4rmland kostar <\/span><strong>250 kr per \u00e5r<\/strong><span class=\"s1\">. Medlemskapet \u00e4r inte baserat p\u00e5 kalender\u00e5r, utan om du blir medlem i dag f\u00e5r du en f\u00f6rfr\u00e5gan om att f\u00f6rl\u00e4nga ditt medlemskap om 12 m\u00e5nader.<\/span><\/p>\n\n\n\n<p>Som medlem i Djurskyddet Norra V\u00e4rmland \u00e4r du ocks\u00e5 medlem i riksf\u00f6rbundet Djurskyddet Sverige och f\u00e5r Tidningen Djurskyddet fyra g\u00e5nger per \u00e5r, b\u00e5de i brevl\u00e5dan och i appen TD. Ladda ner den d\u00e4r appar finns! Dessutom kan du l\u00e4sa intressanta djurskyddsnyheter p\u00e5 <a href=\"https:\/\/tidningen.djurskyddet.se\/\"><strong>webbtidningen<\/strong> <\/a>och kan ta del av ett antal\u202ffina <strong><a href=\"https:\/\/www.djurskyddet.se\/stod-oss\/bli-medlem\/medlemsformaner\/\">medlemsf\u00f6rm\u00e5ner<\/a><\/strong>, s\u00e5som rabatt hos olika n\u00e4tbutiker.\u00a0<\/p>\n\n\n\n<p>Registrera dig som medlem p\u00e5\u202fDjurskyddet Sveriges hemsida. <strong>Se till att v\u00e4lja Djurskyddet Norra V\u00e4rmland<\/strong> som din lokalf\u00f6rening.\u00a0<\/p>\n\n\n\n<div class=\"wp-block-buttons is-layout-flex wp-block-buttons-is-layout-flex\">\n<div class=\"wp-block-button has-custom-font-size has-small-font-size\"><a class=\"wp-block-button__link has-white-color has-text-color has-background has-link-color wp-element-button\" href=\"https:\/\/donation.djurskyddet.se\/s\/medlem\" style=\"background-color:#00a64a\">Bli medlem h\u00e4r<\/a><\/div>\n<\/div>\n\n\n\n<p><br><strong>Tack f\u00f6r att du st\u00f6djer v\u00e5rt arbete f\u00f6r djuren!<\/strong><\/p>\n","protected":false},"excerpt":{"rendered":"<p>Genom att bli medlem hj\u00e4lper du till att ge fler djur ett b\u00e4ttre liv! Medlemskap i Djurskyddet Norra V\u00e4rmland kostar 250 kr per \u00e5r. Medlemskapet \u00e4r inte baserat p\u00e5 kalender\u00e5r, utan om du blir medlem i dag f\u00e5r du en f\u00f6rfr\u00e5gan om att f\u00f6rl\u00e4nga ditt medlemskap om 12 m\u00e5nader. Som medlem i Djurskyddet Norra V\u00e4rmland \u00e4r du ocks\u00e5 medlem i riksf\u00f6rbundet Djurskyddet Sverige och f\u00e5r Tidningen Djurskyddet fyra g\u00e5nger per&hellip;<\/p>\n<p><a class=\"more-link\" href=\"https:\/\/www.djurskyddet.se\/norravarmland\/bli-medlem\/\" title=\"Continue reading &lsquo;Bli medlem&rsquo;\">L&auml;s mer<span class=\"meta-nav\">&raquo;<\/span><\/a><\/p>\n","protected":false},"author":3,"featured_media":0,"parent":0,"menu_order":0,"comment_status":"closed","ping_status":"closed","template":"left-sidebar.php","meta":{"_acf_changed":false,"footnotes":""},"class_list":["post-5607","page","type-page","status-publish","hentry"],"acf":[],"_links":{"self":[{"href":"https:\/\/www.djurskyddet.se\/norravarmland\/wp-json\/wp\/v2\/pages\/5607","targetHints":{"allow":["GET"]}}],"collection":[{"href":"https:\/\/www.djurskyddet.se\/norravarmland\/wp-json\/wp\/v2\/pages"}],"about":[{"href":"https:\/\/www.djurskyddet.se\/norravarmland\/wp-json\/wp\/v2\/types\/page"}],"author":[{"embeddable":true,"href":"https:\/\/www.djurskyddet.se\/norravarmland\/wp-json\/wp\/v2\/users\/3"}],"replies":[{"embeddable":true,"href":"https:\/\/www.djurskyddet.se\/norravarmland\/wp-json\/wp\/v2\/comments?post=5607"}],"version-history":[{"count":10,"href":"https:\/\/www.djurskyddet.se\/norravarmland\/wp-json\/wp\/v2\/pages\/5607\/revisions"}],"predecessor-version":[{"id":7225,"href":"https:\/\/www.djurskyddet.se\/norravarmland\/wp-json\/wp\/v2\/pages\/5607\/revisions\/7225"}],"wp:attachment":[{"href":"https:\/\/www.djurskyddet.se\/norravarmland\/wp-json\/wp\/v2\/media?parent=5607"}],"curies":[{"name":"wp","href":"https:\/\/api.w.org\/{rel}","templated":true}]}}