{"id":5647,"date":"2020-01-15T14:31:45","date_gmt":"2020-01-15T14:31:45","guid":{"rendered":"https:\/\/www.djurskyddet.se\/norravarmland\/?page_id=5647"},"modified":"2025-08-27T19:59:37","modified_gmt":"2025-08-27T19:59:37","slug":"upphittade-borttappade-djur","status":"publish","type":"page","link":"https:\/\/www.djurskyddet.se\/norravarmland\/upphittade-borttappade-djur\/","title":{"rendered":"Upphittade\/borttappade djur"},"content":{"rendered":"\n<p>Har du hittat ett djur som s\u00f6ker sin \u00e4gare eller har ditt djur sprungit bort?<\/p>\n\n\n\n<p>Maila eller kontakta oss p\u00e5 Messenger. Skicka bild p\u00e5 djuret, allm\u00e4n information och kontaktuppgifter till dig till\u00a0<strong><a href=\"mailto:norravarmland@djurskyddet.se\">norravarmland@djurskyddet.se<\/a><\/strong><a href=\"mailto:norravarmland@djurskyddet.se\">\u00a0<\/a>eller v\u00e5r Facebook-sida\u00a0<a href=\"https:\/\/www.facebook.com\/djurskyddetnorravarmland\/\" data-type=\"link\" data-id=\"https:\/\/www.facebook.com\/djurskyddetnorravarmland\/\">Djurskyddet Norra V\u00e4rmland<\/a>.<br><\/p>\n\n\n\n<p>Gl\u00f6m inte att h\u00f6ra av dig om det l\u00f6st sig p\u00e5 annat h\u00e5ll s\u00e5 vi kan uppdatera efterlysningen.<\/p>\n\n\n\n<p><strong>Ett liten f\u00f6rtydligande av vad som g\u00e4ller vid heml\u00f6sa och vanv\u00e5rdade djur<\/strong> &#8211; <br>Enligt djurskyddslagen ska man f\u00f6rst kontakta\u00a0<strong>L\u00e4nsstyrelsen, 010-224 71 20<\/strong>. Om djuret har blivit misshandlat eller utsatt f\u00f6r bristande omv\u00e5rdnad\u00a0kan man kontakta\u00a0<strong>Polisen\u00a011414<\/strong>\u00a0eller den\u00a0<strong>djur-ansvarige p\u00e5 polisen 010-567 09 48<\/strong>.<\/p>\n\n\n\n<p>Vi \u00e4r en f\u00f6rening och g\u00e5r efter stadgar, vi \u00e4r ingen myndighet.<\/p>\n\n\n\n<p><strong>K\u00e4nner ni er os\u00e4kra p\u00e5 vad ni ska g\u00f6ra s\u00e5 \u00e4r ni sj\u00e4lvklart v\u00e4lkomna att kontakta oss, vi kan r\u00e5da er till vad som kan vara b\u00e4st och om ni \u00f6nskar kan vi ta kontakt med r\u00e4tt instans.&nbsp;<\/strong><\/p>\n\n\n\n<p><\/p>\n","protected":false},"excerpt":{"rendered":"<p>Har du hittat ett djur som s\u00f6ker sin \u00e4gare eller har ditt djur sprungit bort? Maila eller kontakta oss p\u00e5 Messenger. Skicka bild p\u00e5 djuret, allm\u00e4n information och kontaktuppgifter till dig till\u00a0norravarmland@djurskyddet.se\u00a0eller v\u00e5r Facebook-sida\u00a0Djurskyddet Norra V\u00e4rmland. Gl\u00f6m inte att h\u00f6ra av dig om det l\u00f6st sig p\u00e5 annat h\u00e5ll s\u00e5 vi kan uppdatera efterlysningen. Ett liten f\u00f6rtydligande av vad som g\u00e4ller vid heml\u00f6sa och vanv\u00e5rdade djur &#8211; Enligt djurskyddslagen ska&hellip;<\/p>\n<p><a class=\"more-link\" href=\"https:\/\/www.djurskyddet.se\/norravarmland\/upphittade-borttappade-djur\/\" title=\"Continue reading &lsquo;Upphittade\/borttappade djur&rsquo;\">L&auml;s mer<span class=\"meta-nav\">&raquo;<\/span><\/a><\/p>\n","protected":false},"author":3,"featured_media":0,"parent":0,"menu_order":0,"comment_status":"closed","ping_status":"closed","template":"left-sidebar.php","meta":{"_acf_changed":false,"footnotes":""},"class_list":["post-5647","page","type-page","status-publish","hentry"],"acf":[],"_links":{"self":[{"href":"https:\/\/www.djurskyddet.se\/norravarmland\/wp-json\/wp\/v2\/pages\/5647","targetHints":{"allow":["GET"]}}],"collection":[{"href":"https:\/\/www.djurskyddet.se\/norravarmland\/wp-json\/wp\/v2\/pages"}],"about":[{"href":"https:\/\/www.djurskyddet.se\/norravarmland\/wp-json\/wp\/v2\/types\/page"}],"author":[{"embeddable":true,"href":"https:\/\/www.djurskyddet.se\/norravarmland\/wp-json\/wp\/v2\/users\/3"}],"replies":[{"embeddable":true,"href":"https:\/\/www.djurskyddet.se\/norravarmland\/wp-json\/wp\/v2\/comments?post=5647"}],"version-history":[{"count":6,"href":"https:\/\/www.djurskyddet.se\/norravarmland\/wp-json\/wp\/v2\/pages\/5647\/revisions"}],"predecessor-version":[{"id":7136,"href":"https:\/\/www.djurskyddet.se\/norravarmland\/wp-json\/wp\/v2\/pages\/5647\/revisions\/7136"}],"wp:attachment":[{"href":"https:\/\/www.djurskyddet.se\/norravarmland\/wp-json\/wp\/v2\/media?parent=5647"}],"curies":[{"name":"wp","href":"https:\/\/api.w.org\/{rel}","templated":true}]}}