{"id":5754,"date":"2020-01-15T15:14:44","date_gmt":"2020-01-15T15:14:44","guid":{"rendered":"https:\/\/www.djurskyddet.se\/norravarmland\/?page_id=5754"},"modified":"2025-11-11T18:34:10","modified_gmt":"2025-11-11T18:34:10","slug":"omplacerade-djur","status":"publish","type":"page","link":"https:\/\/www.djurskyddet.se\/norravarmland\/omplacerade-djur\/","title":{"rendered":"Omplacerade djur"},"content":{"rendered":"\n<p>I menyn till v\u00e4nster kan du se vilka djur vi har hj\u00e4lpt till ett f\u00f6r-alltid-hem tidigare \u00e5r. Fr\u00e5n och med 2022 finns alla omplacerade katter i egen flik l\u00e4ngst upp p\u00e5 sidan.<\/p>\n","protected":false},"excerpt":{"rendered":"<p>I menyn till v\u00e4nster kan du se vilka djur vi har hj\u00e4lpt till ett f\u00f6r-alltid-hem tidigare \u00e5r. Fr\u00e5n och med 2022 finns alla omplacerade katter i egen flik l\u00e4ngst upp p\u00e5 sidan.<\/p>\n","protected":false},"author":3,"featured_media":0,"parent":0,"menu_order":0,"comment_status":"closed","ping_status":"closed","template":"left-sidebar.php","meta":{"_acf_changed":false,"footnotes":""},"class_list":["post-5754","page","type-page","status-publish","hentry"],"acf":[],"_links":{"self":[{"href":"https:\/\/www.djurskyddet.se\/norravarmland\/wp-json\/wp\/v2\/pages\/5754","targetHints":{"allow":["GET"]}}],"collection":[{"href":"https:\/\/www.djurskyddet.se\/norravarmland\/wp-json\/wp\/v2\/pages"}],"about":[{"href":"https:\/\/www.djurskyddet.se\/norravarmland\/wp-json\/wp\/v2\/types\/page"}],"author":[{"embeddable":true,"href":"https:\/\/www.djurskyddet.se\/norravarmland\/wp-json\/wp\/v2\/users\/3"}],"replies":[{"embeddable":true,"href":"https:\/\/www.djurskyddet.se\/norravarmland\/wp-json\/wp\/v2\/comments?post=5754"}],"version-history":[{"count":3,"href":"https:\/\/www.djurskyddet.se\/norravarmland\/wp-json\/wp\/v2\/pages\/5754\/revisions"}],"predecessor-version":[{"id":7262,"href":"https:\/\/www.djurskyddet.se\/norravarmland\/wp-json\/wp\/v2\/pages\/5754\/revisions\/7262"}],"wp:attachment":[{"href":"https:\/\/www.djurskyddet.se\/norravarmland\/wp-json\/wp\/v2\/media?parent=5754"}],"curies":[{"name":"wp","href":"https:\/\/api.w.org\/{rel}","templated":true}]}}