{"id":5809,"date":"2020-01-24T10:13:47","date_gmt":"2020-01-24T10:13:47","guid":{"rendered":"https:\/\/www.djurskyddet.se\/norravarmland\/?page_id=5809"},"modified":"2021-11-09T16:17:59","modified_gmt":"2021-11-09T16:17:59","slug":"sponsring","status":"publish","type":"page","link":"https:\/\/www.djurskyddet.se\/norravarmland\/sponsring\/","title":{"rendered":"Sponsring"},"content":{"rendered":"\n<h2 class=\"wp-block-heading\"> <\/h2>\n\n\n\n<div class=\"wp-block-image\"><figure class=\"aligncenter is-resized\"><img loading=\"lazy\" decoding=\"async\" src=\"https:\/\/www.djurskyddet.se\/norravarmland\/wp-content\/uploads\/sites\/41\/2020\/01\/hills300-1-1024x1024.png\" alt=\"\" class=\"wp-image-5810\" width=\"319\" height=\"319\" srcset=\"https:\/\/www.djurskyddet.se\/norravarmland\/wp-content\/uploads\/sites\/41\/2020\/01\/hills300-1-1024x1024.png 1024w, https:\/\/www.djurskyddet.se\/norravarmland\/wp-content\/uploads\/sites\/41\/2020\/01\/hills300-1-1024x1024-150x150.png 150w, https:\/\/www.djurskyddet.se\/norravarmland\/wp-content\/uploads\/sites\/41\/2020\/01\/hills300-1-1024x1024-300x300.png 300w, https:\/\/www.djurskyddet.se\/norravarmland\/wp-content\/uploads\/sites\/41\/2020\/01\/hills300-1-1024x1024-768x768.png 768w, https:\/\/www.djurskyddet.se\/norravarmland\/wp-content\/uploads\/sites\/41\/2020\/01\/hills300-1-1024x1024-400x400.png 400w\" sizes=\"auto, (max-width: 319px) 100vw, 319px\" \/><figcaption><strong>V\u00e5ra katter \u00e4ter kvalitetsfoder fr\u00e5n Hill\u00b4s<\/strong><\/figcaption><\/figure><\/div>\n\n\n\n<p><\/p>\n\n\n\n<div class=\"wp-block-image\"><figure class=\"aligncenter size-large is-resized\"><img loading=\"lazy\" decoding=\"async\" src=\"https:\/\/www.djurskyddet.se\/norravarmland\/wp-content\/uploads\/sites\/41\/2021\/09\/BestFriend_CMYK-1024x333.png\" alt=\"\" class=\"wp-image-6554\" width=\"517\" height=\"168\" srcset=\"https:\/\/www.djurskyddet.se\/norravarmland\/wp-content\/uploads\/sites\/41\/2021\/09\/BestFriend_CMYK-1024x333.png 1024w, https:\/\/www.djurskyddet.se\/norravarmland\/wp-content\/uploads\/sites\/41\/2021\/09\/BestFriend_CMYK-300x97.png 300w, https:\/\/www.djurskyddet.se\/norravarmland\/wp-content\/uploads\/sites\/41\/2021\/09\/BestFriend_CMYK-768x249.png 768w, https:\/\/www.djurskyddet.se\/norravarmland\/wp-content\/uploads\/sites\/41\/2021\/09\/BestFriend_CMYK-1536x499.png 1536w, https:\/\/www.djurskyddet.se\/norravarmland\/wp-content\/uploads\/sites\/41\/2021\/09\/BestFriend_CMYK-400x130.png 400w, https:\/\/www.djurskyddet.se\/norravarmland\/wp-content\/uploads\/sites\/41\/2021\/09\/BestFriend_CMYK.png 1626w\" sizes=\"auto, (max-width: 517px) 100vw, 517px\" \/><\/figure><\/div>\n\n\n\n<p>  <\/p>\n\n\n\n<figure class=\"wp-block-image size-large is-resized\"><img loading=\"lazy\" decoding=\"async\" src=\"https:\/\/www.djurskyddet.se\/norravarmland\/wp-content\/uploads\/sites\/41\/2021\/11\/Heymans.jpg\" alt=\"\" class=\"wp-image-6664\" width=\"840\" height=\"201\" srcset=\"https:\/\/www.djurskyddet.se\/norravarmland\/wp-content\/uploads\/sites\/41\/2021\/11\/Heymans.jpg 1024w, https:\/\/www.djurskyddet.se\/norravarmland\/wp-content\/uploads\/sites\/41\/2021\/11\/Heymans-300x72.jpg 300w, https:\/\/www.djurskyddet.se\/norravarmland\/wp-content\/uploads\/sites\/41\/2021\/11\/Heymans-768x185.jpg 768w, https:\/\/www.djurskyddet.se\/norravarmland\/wp-content\/uploads\/sites\/41\/2021\/11\/Heymans-400x96.jpg 400w\" sizes=\"auto, (max-width: 840px) 100vw, 840px\" \/><\/figure>\n\n\n\n<p>    <\/p>\n","protected":false},"excerpt":{"rendered":"","protected":false},"author":3,"featured_media":0,"parent":0,"menu_order":0,"comment_status":"closed","ping_status":"closed","template":"","meta":{"_acf_changed":false,"footnotes":""},"class_list":["post-5809","page","type-page","status-publish","hentry"],"acf":[],"_links":{"self":[{"href":"https:\/\/www.djurskyddet.se\/norravarmland\/wp-json\/wp\/v2\/pages\/5809","targetHints":{"allow":["GET"]}}],"collection":[{"href":"https:\/\/www.djurskyddet.se\/norravarmland\/wp-json\/wp\/v2\/pages"}],"about":[{"href":"https:\/\/www.djurskyddet.se\/norravarmland\/wp-json\/wp\/v2\/types\/page"}],"author":[{"embeddable":true,"href":"https:\/\/www.djurskyddet.se\/norravarmland\/wp-json\/wp\/v2\/users\/3"}],"replies":[{"embeddable":true,"href":"https:\/\/www.djurskyddet.se\/norravarmland\/wp-json\/wp\/v2\/comments?post=5809"}],"version-history":[{"count":11,"href":"https:\/\/www.djurskyddet.se\/norravarmland\/wp-json\/wp\/v2\/pages\/5809\/revisions"}],"predecessor-version":[{"id":6667,"href":"https:\/\/www.djurskyddet.se\/norravarmland\/wp-json\/wp\/v2\/pages\/5809\/revisions\/6667"}],"wp:attachment":[{"href":"https:\/\/www.djurskyddet.se\/norravarmland\/wp-json\/wp\/v2\/media?parent=5809"}],"curies":[{"name":"wp","href":"https:\/\/api.w.org\/{rel}","templated":true}]}}