{"id":7156,"date":"2025-09-02T08:11:59","date_gmt":"2025-09-02T08:11:59","guid":{"rendered":"https:\/\/www.djurskyddet.se\/norravarmland\/?page_id=7156"},"modified":"2025-09-02T09:42:00","modified_gmt":"2025-09-02T09:42:00","slug":"solskenshistorier","status":"publish","type":"page","link":"https:\/\/www.djurskyddet.se\/norravarmland\/solskenshistorier\/","title":{"rendered":"Solskenshistorier"},"content":{"rendered":"\n<p class=\"has-text-align-center has-vivid-green-cyan-color has-text-color has-link-color wp-elements-1d4f2b1af8a37ce5735895ed5f7049bc\">2025<\/p>\n\n\n\n<figure class=\"wp-block-gallery has-nested-images columns-default is-cropped wp-block-gallery-1 is-layout-flex wp-block-gallery-is-layout-flex\">\n<figure data-wp-context=\"{&quot;imageId&quot;:&quot;69d27e948af76&quot;}\" data-wp-interactive=\"core\/image\" class=\"wp-block-image size-full is-style-rounded wp-lightbox-container\"><img loading=\"lazy\" decoding=\"async\" width=\"577\" height=\"577\" data-wp-class--hide=\"state.isContentHidden\" data-wp-class--show=\"state.isContentVisible\" data-wp-init=\"callbacks.setButtonStyles\" data-wp-on-async--click=\"actions.showLightbox\" data-wp-on-async--load=\"callbacks.setButtonStyles\" data-wp-on-async-window--resize=\"callbacks.setButtonStyles\" data-id=\"7165\" src=\"https:\/\/www.djurskyddet.se\/norravarmland\/wp-content\/uploads\/sites\/41\/2025\/09\/gl00njfh.png\" alt=\"\" class=\"wp-image-7165\" srcset=\"https:\/\/www.djurskyddet.se\/norravarmland\/wp-content\/uploads\/sites\/41\/2025\/09\/gl00njfh.png 577w, https:\/\/www.djurskyddet.se\/norravarmland\/wp-content\/uploads\/sites\/41\/2025\/09\/gl00njfh-300x300.png 300w, https:\/\/www.djurskyddet.se\/norravarmland\/wp-content\/uploads\/sites\/41\/2025\/09\/gl00njfh-150x150.png 150w, https:\/\/www.djurskyddet.se\/norravarmland\/wp-content\/uploads\/sites\/41\/2025\/09\/gl00njfh-400x400.png 400w\" sizes=\"auto, (max-width: 577px) 100vw, 577px\" \/><button\n\t\t\tclass=\"lightbox-trigger\"\n\t\t\ttype=\"button\"\n\t\t\taria-haspopup=\"dialog\"\n\t\t\taria-label=\"F\u00f6rstora bild\"\n\t\t\tdata-wp-init=\"callbacks.initTriggerButton\"\n\t\t\tdata-wp-on-async--click=\"actions.showLightbox\"\n\t\t\tdata-wp-style--right=\"state.imageButtonRight\"\n\t\t\tdata-wp-style--top=\"state.imageButtonTop\"\n\t\t>\n\t\t\t<svg xmlns=\"http:\/\/www.w3.org\/2000\/svg\" width=\"12\" height=\"12\" fill=\"none\" viewBox=\"0 0 12 12\">\n\t\t\t\t<path fill=\"#fff\" d=\"M2 0a2 2 0 0 0-2 2v2h1.5V2a.5.5 0 0 1 .5-.5h2V0H2Zm2 10.5H2a.5.5 0 0 1-.5-.5V8H0v2a2 2 0 0 0 2 2h2v-1.5ZM8 12v-1.5h2a.5.5 0 0 0 .5-.5V8H12v2a2 2 0 0 1-2 2H8Zm2-12a2 2 0 0 1 2 2v2h-1.5V2a.5.5 0 0 0-.5-.5H8V0h2Z\" \/>\n\t\t\t<\/svg>\n\t\t<\/button><figcaption class=\"wp-element-caption\">SALLY &#8211; <br>Sally kom i november 2023 till mig en liten skygg fr\u00f6ken med en egen vilja. Hon \u00e4r f\u00f6rsiktig s\u00e5 h\u00e4r f\u00e5r man ta det med ro. Vi f\u00e5r inte klappa henne \u00e4n men vi g\u00f6r framsteg. Hon kommer och tar godis ur handen och talar skarpt om n\u00e4r hon \u00e4r hungrig. Leker g\u00e4rna med en kvist f\u00f6r d\u00e5 \u00e4r handen l\u00e5ngt undan. Hon f\u00f6ljer g\u00e4rna med ut och tar sig en runda och kommer hem med en mus.<br>B\u00e5de Gizmo och Sally blev adopterade av sin jourhems matte, d\u00e4r de b\u00e5da tv\u00e5 f\u00e5tt v\u00e4xa som individer samt f\u00e5tt bra mat fr\u00e5n Hills. Hon r\u00e4ddades fr\u00e5n ett d\u00f6dsbo med 16 andra katter.<\/figcaption><\/figure>\n<\/figure>\n\n\n\n<figure class=\"wp-block-gallery has-nested-images columns-default is-cropped wp-block-gallery-2 is-layout-flex wp-block-gallery-is-layout-flex\">\n<figure class=\"wp-block-image size-full is-style-rounded\" id=\"solskenshistorier\"><img loading=\"lazy\" decoding=\"async\" width=\"785\" height=\"785\" data-id=\"7167\" src=\"https:\/\/www.djurskyddet.se\/norravarmland\/wp-content\/uploads\/sites\/41\/2025\/09\/mcffsq6g.png\" alt=\"\" class=\"wp-image-7167\" srcset=\"https:\/\/www.djurskyddet.se\/norravarmland\/wp-content\/uploads\/sites\/41\/2025\/09\/mcffsq6g.png 785w, https:\/\/www.djurskyddet.se\/norravarmland\/wp-content\/uploads\/sites\/41\/2025\/09\/mcffsq6g-300x300.png 300w, https:\/\/www.djurskyddet.se\/norravarmland\/wp-content\/uploads\/sites\/41\/2025\/09\/mcffsq6g-150x150.png 150w, https:\/\/www.djurskyddet.se\/norravarmland\/wp-content\/uploads\/sites\/41\/2025\/09\/mcffsq6g-768x768.png 768w, https:\/\/www.djurskyddet.se\/norravarmland\/wp-content\/uploads\/sites\/41\/2025\/09\/mcffsq6g-400x400.png 400w\" sizes=\"auto, (max-width: 785px) 100vw, 785px\" \/><figcaption class=\"wp-element-caption\">GIZMO &#8211; <br>N\u00e4r han kom till mig 2023 i mitten p\u00e5 april hette han Vilding och han gjorde sk\u00e4l f\u00f6r sitt namn. Han fr\u00e4ste,spottade och gjorde utfall. Jag funderade p\u00e5 vad har jag gjort. Denna katt kommer aldrig bli tam. Men jag t\u00e4nkte om, jag m\u00e5ste g\u00f6ra allt p\u00e5 hans s\u00e4tt. Gizmos fristad var n\u00e4mligen under min s\u00e4ng. 5 min flera g\u00e5nger under en dag l\u00e5g jag p\u00e5 magen och pratade med han och skickade in lite godis. Det blev spott,fr\u00e4s och lite slag av en vass tass. N\u00e4r jag l\u00e5g d\u00e4r p\u00e5 magen och pratade med han s\u00e5 sa jag till han du \u00e4r ingen vilding du \u00e4r en Gizmo och s\u00e5 blev det. 1 m\u00e5nad senare s\u00e5 l\u00e5g han I soffan och stirrade p\u00e5 mig. Sen gick allt s\u00e5 fort sommaren samma \u00e5r s\u00e5 fick jag stryka han \u00f6ver ryggen, klia han bakom \u00f6rat t.o.m lyfta upp han. Nu \u00e4r han en trogen f\u00f6ljeslagare och en tuffing. L\u00e4mnar inte min sida. Kommer p\u00e5 inkallning n\u00e4r han \u00e4r ute. Gizmo r\u00e4ddades fr\u00e5n ett d\u00f6dsbo med 16 andra katter.<\/figcaption><\/figure>\n<\/figure>\n\n\n\n<figure class=\"wp-block-gallery has-nested-images columns-default is-cropped wp-block-gallery-3 is-layout-flex wp-block-gallery-is-layout-flex\">\n<figure class=\"wp-block-image size-full is-style-rounded\"><img loading=\"lazy\" decoding=\"async\" width=\"462\" height=\"462\" data-id=\"7173\" src=\"https:\/\/www.djurskyddet.se\/norravarmland\/wp-content\/uploads\/sites\/41\/2025\/09\/xs2g83pg.png\" alt=\"\" class=\"wp-image-7173\" srcset=\"https:\/\/www.djurskyddet.se\/norravarmland\/wp-content\/uploads\/sites\/41\/2025\/09\/xs2g83pg.png 462w, https:\/\/www.djurskyddet.se\/norravarmland\/wp-content\/uploads\/sites\/41\/2025\/09\/xs2g83pg-300x300.png 300w, https:\/\/www.djurskyddet.se\/norravarmland\/wp-content\/uploads\/sites\/41\/2025\/09\/xs2g83pg-150x150.png 150w, https:\/\/www.djurskyddet.se\/norravarmland\/wp-content\/uploads\/sites\/41\/2025\/09\/xs2g83pg-400x400.png 400w\" sizes=\"auto, (max-width: 462px) 100vw, 462px\" \/><figcaption class=\"wp-element-caption\">LUNA &#8211; <br>Luna \u00e4r f\u00f6dd utomhus och har inte haft mycket kontakt med m\u00e4nniskor innan hon f\u00e5ngades in och kom till jourhemmet. Hon har en fin l\u00e5ng p\u00e4ls, vilket g\u00f6r att den l\u00e4tt tovor ihop sig.<br>N\u00e4r hon kom in fick hon Hills som hon \u00e5t med god aptit. Hon har gjort j\u00e4tte framsteg, b\u00e5de det sociala aspekt och hennes p\u00e4ls. Hon \u00e4r fin i hullen och f\u00e5tt sig ett k\u00e4rleksfullt hem med nya syskon som hon \u00e4lskar.<\/figcaption><\/figure>\n<\/figure>\n\n\n\n<figure class=\"wp-block-gallery has-nested-images columns-default is-cropped wp-block-gallery-4 is-layout-flex wp-block-gallery-is-layout-flex\">\n<figure class=\"wp-block-image size-large is-style-rounded\"><img loading=\"lazy\" decoding=\"async\" width=\"768\" height=\"768\" data-id=\"7175\" src=\"https:\/\/www.djurskyddet.se\/norravarmland\/wp-content\/uploads\/sites\/41\/2025\/09\/Nisse-solskenshistoria-edited.jpg\" alt=\"\" class=\"wp-image-7175\" srcset=\"https:\/\/www.djurskyddet.se\/norravarmland\/wp-content\/uploads\/sites\/41\/2025\/09\/Nisse-solskenshistoria-edited.jpg 768w, https:\/\/www.djurskyddet.se\/norravarmland\/wp-content\/uploads\/sites\/41\/2025\/09\/Nisse-solskenshistoria-edited-300x300.jpg 300w, https:\/\/www.djurskyddet.se\/norravarmland\/wp-content\/uploads\/sites\/41\/2025\/09\/Nisse-solskenshistoria-edited-150x150.jpg 150w, https:\/\/www.djurskyddet.se\/norravarmland\/wp-content\/uploads\/sites\/41\/2025\/09\/Nisse-solskenshistoria-edited-400x400.jpg 400w\" sizes=\"auto, (max-width: 768px) 100vw, 768px\" \/><figcaption class=\"wp-element-caption\">NISSE &#8211;<br>Den som hj\u00e4lpte Nisse till sitt nya hem: Hittades p\u00e5 v\u00e4gkanten med sin d\u00f6da p\u00e5k\u00f6rda mamma.<br>Hans mamma blev p\u00e5k\u00f6rd och vi hittade henne vid v\u00e4gkanten s\u00e5 vi \u00e5kte till n\u00e4rmaste hus. Han hade 2 kullar med kattungar som han sa va 12 veckor gamla varav Nisse h\u00f6rde till mamman som blev p\u00e5k\u00f6rd . Dom bodde utomhus och var aldrig inne. Han sa att han skulle ha ihj\u00e4l dom om ingen tog dom. Han brukar tydligen f\u00e5 kattungar varje \u00e5r d\u00e5 han har okastrerade honor, s\u00e5 har han ihj\u00e4l dom han inte blir av med. Jag och min syster lyckades hitta hem till resten av katterna men Nisse blev \u00f6ver och jag klarade inte av att veta att han skulle ha ihj\u00e4l honom s\u00e5 jag tog hem honom. Fick mata med ers\u00e4ttning ett tag d\u00e5 han var s\u00e5 liten. Hans syster dog dock 2 dygn senare hos sitt nya hem. Veterin\u00e4ren trodde Hon hade s\u00e5 mycket mask s\u00e5 de \u00e4tit henne inifr\u00e5n, hon v\u00e4gde bara 450g och var 6v. Nisse hade lungmask men blev b\u00e4ttre av avmaskningen, \u00e5t antibiotika mot luftv\u00e4gsinfektion s\u00e5 han blev mycket b\u00e4ttre med rosslet. Ja och sen s\u00e5 blev han riktigt pigg \u00e5 glad. Veterin\u00e4ren sa att han inte hade \u00f6verlevt om han inte f\u00e5tt hj\u00e4lp s\u00e5 k\u00e4ndes ju bra. Gubben bor n\u00e5n km bort fr\u00e5n mig. Tyv\u00e4rr beh\u00f6ll han ju en av sina ungar n\u00e4r mamman dog, som ocks\u00e5 var en hona s\u00e5 nu blir det nog inavel pappan bodde ocks\u00e5 d\u00e4r.<br>Idag \u00e4r Nisse en riktigt pigg och busig kisse, som kommer p\u00e5 direkten antingen f\u00f6r mys eller lek. Han \u00e4r fin i p\u00e4ls och kropp, bor tillsammans med flera kompisar. Hostar knappt l\u00e4ngre tack vare all hj\u00e4lp han f\u00e5tt i livet och med en bra kost.<\/figcaption><\/figure>\n<\/figure>\n\n\n\n<figure class=\"wp-block-gallery has-nested-images columns-default is-cropped wp-block-gallery-5 is-layout-flex wp-block-gallery-is-layout-flex\">\n<figure class=\"wp-block-image size-large is-style-rounded\"><img loading=\"lazy\" decoding=\"async\" width=\"576\" height=\"576\" data-id=\"7177\" src=\"https:\/\/www.djurskyddet.se\/norravarmland\/wp-content\/uploads\/sites\/41\/2025\/09\/Sinus-solskenshistoria-edited.jpg\" alt=\"\" class=\"wp-image-7177\" srcset=\"https:\/\/www.djurskyddet.se\/norravarmland\/wp-content\/uploads\/sites\/41\/2025\/09\/Sinus-solskenshistoria-edited.jpg 576w, https:\/\/www.djurskyddet.se\/norravarmland\/wp-content\/uploads\/sites\/41\/2025\/09\/Sinus-solskenshistoria-edited-300x300.jpg 300w, https:\/\/www.djurskyddet.se\/norravarmland\/wp-content\/uploads\/sites\/41\/2025\/09\/Sinus-solskenshistoria-edited-150x150.jpg 150w, https:\/\/www.djurskyddet.se\/norravarmland\/wp-content\/uploads\/sites\/41\/2025\/09\/Sinus-solskenshistoria-edited-400x400.jpg 400w\" sizes=\"auto, (max-width: 576px) 100vw, 576px\" \/><figcaption class=\"wp-element-caption\">SINUS &#8211;<br>Sinus h\u00e4mtades p\u00e5 samma st\u00e4lle som Luna. De bodde utomhus tillsammans i en stor kattkoloni, alla lika r\u00e4dda och skygga. Vi i styrelsen och volont\u00e4rer \u00e5kte dit tv\u00e5 dagar med f\u00e4llorna och f\u00f6rs\u00f6kte f\u00e5 med oss s\u00e5 m\u00e5nga som m\u00f6jligt.<br>N\u00e4r han kom till mig va han en kattunge som inte v\u00e5gade g\u00e5 ur buren, magen var rund som en fotboll p\u00e5 grund av mask. Jag d\u00f6pte honom till Tiger, han fr\u00e4ste och g\u00f6mde sig hela tiden. Till slut en dag s\u00e5 v\u00e4nde allt, jag la honom mot min hals. D\u00e5 b\u00f6rjade han kuttra, efter det va gos ett m\u00e5ste och han d\u00f6ptes om till Sinus f\u00f6r sitt speciella kurr-ljud. Han blev kr\u00e4sen och ville bara ha Hills bl\u00f6tmat f\u00f6r att sen \u00e4ta som de stora katterna i hemmet.<br>Idag bor Sinus hos min mormor och bonusmorfar,<br>Sinus kom till oss som julklapp, b\u00e4sta julklappen n\u00e5gonsin. Han \u00e4r en liten speciell katt, ibland en riktig od\u00e5ga. Fruktansv\u00e4rt nyfiken, ska se p\u00e5 allt och g\u00e4rna ta i grejer. Om jag st\u00e5r vid diskb\u00e4nken s\u00e5 kommer han och &#8221;duttar&#8221; p\u00e5 mitt h\u00f6gra ben och om jag inte v\u00e4nder mig om direkt, s\u00e5 biter han mig. Ibland kommer han bakifr\u00e5n och hoppar upp p\u00e5 min rygg och h\u00e4nger d\u00e4r. Han \u00e4r j\u00e4ttesn\u00e4ll och aldrig att han fr\u00e4ser eller \u00e4r grinig. Varje kv\u00e4ll n\u00e4r jag ska borsta t\u00e4nderna s\u00e5 ska det rinna lite vatten. Han dricker vatten, tv\u00e4ttar framf\u00f6tterna och ibland kanar han omkull och d\u00e5 blir han lite v\u00e5tare men det \u00e4r helt ok. Han gillar att leka tittut, bara han inte ser mig s\u00e5 tror han att han \u00e4r osynlig. N\u00e4r jag sagt tittut typ tre, fyra g\u00e5nger s\u00e5 kommer han som en raket och ska ta mig. Han \u00e4r ett riktigt matvrak och efter varje m\u00e5l, s\u00e5 ska han ha godis. P\u00e5 kv\u00e4llen s\u00e5 s\u00e4tter han sig framf\u00f6r mig och psykar mig, f\u00f6r d\u00e5 vill han l\u00e4gga sig. N\u00e4r jag l\u00e4gger mig, s\u00e5 kollar han att jag ligger still och d\u00e5 kan han g\u00e5 och l\u00e4gga sig n\u00e5gonstans. Han ligger g\u00e4rna p\u00e5 golvet och h\u00e5rda underlag. Mjukt och mysigt \u00e4r inget f\u00f6r honom. Han har en liten l\u00e5da som det varit jordgubbar i och den \u00e4r perfekt, tycker han. Var ju b\u00e4ttre n\u00e4r han var mindre men nu p\u00f6ser han \u00f6ver lite \u00f6verallt.<\/figcaption><\/figure>\n<\/figure>\n","protected":false},"excerpt":{"rendered":"<p>H\u00e4r kan ni l\u00e4sa om djur som blivit r\u00e4ddade fr\u00e5n sv\u00e5ra f\u00f6rh\u00e5llanden och f\u00e5tt nya, trygga hem.<\/p>\n","protected":false},"author":39,"featured_media":0,"parent":0,"menu_order":0,"comment_status":"closed","ping_status":"closed","template":"","meta":{"_acf_changed":false,"footnotes":""},"class_list":["post-7156","page","type-page","status-publish","hentry"],"acf":[],"_links":{"self":[{"href":"https:\/\/www.djurskyddet.se\/norravarmland\/wp-json\/wp\/v2\/pages\/7156","targetHints":{"allow":["GET"]}}],"collection":[{"href":"https:\/\/www.djurskyddet.se\/norravarmland\/wp-json\/wp\/v2\/pages"}],"about":[{"href":"https:\/\/www.djurskyddet.se\/norravarmland\/wp-json\/wp\/v2\/types\/page"}],"author":[{"embeddable":true,"href":"https:\/\/www.djurskyddet.se\/norravarmland\/wp-json\/wp\/v2\/users\/39"}],"replies":[{"embeddable":true,"href":"https:\/\/www.djurskyddet.se\/norravarmland\/wp-json\/wp\/v2\/comments?post=7156"}],"version-history":[{"count":5,"href":"https:\/\/www.djurskyddet.se\/norravarmland\/wp-json\/wp\/v2\/pages\/7156\/revisions"}],"predecessor-version":[{"id":7178,"href":"https:\/\/www.djurskyddet.se\/norravarmland\/wp-json\/wp\/v2\/pages\/7156\/revisions\/7178"}],"wp:attachment":[{"href":"https:\/\/www.djurskyddet.se\/norravarmland\/wp-json\/wp\/v2\/media?parent=7156"}],"curies":[{"name":"wp","href":"https:\/\/api.w.org\/{rel}","templated":true}]}}