{"id":7186,"date":"2025-08-27T10:08:00","date_gmt":"2025-08-27T10:08:00","guid":{"rendered":"https:\/\/www.djurskyddet.se\/norravarmland\/?page_id=7186"},"modified":"2026-03-21T23:28:50","modified_gmt":"2026-03-21T23:28:50","slug":"nyheter","status":"publish","type":"page","link":"https:\/\/www.djurskyddet.se\/norravarmland\/nyheter\/","title":{"rendered":"Nyheter"},"content":{"rendered":"\n<p>2025-06-09<\/p>\n\n\n\n<p>\u00c5rsm\u00f6tet avklarat numer \u00e4r styrelsen st\u00f6rre och fler har anslutit sig.<\/p>\n\n\n\n<ul class=\"wp-block-list\">\n<li>Ordf\u00f6rande &#8211; Johanna Lib\u00e4ck<\/li>\n\n\n\n<li>Kass\u00f6r &#8211; Felicia Hellinge<\/li>\n\n\n\n<li>Ledamot &#8211; Anna Larsson<\/li>\n\n\n\n<li>Ledamot &#8211; Manon Fransen<\/li>\n<\/ul>\n\n\n\n<!--nextpage-->\n\n\n\n<p>2025-08-27<\/p>\n\n\n\n<p>M\u00f6te inom f\u00f6reningen: Uppdaterat v\u00e5ra avtal f\u00f6r adoptioner och jourhem<\/p>\n\n\n\n<!--nextpage-->\n\n\n\n<p>2025-09-01<\/p>\n\n\n\n<p>Manon &amp; Felicia har f\u00e5ngat in en kattmamma med 4 b\u00e4bisar under ett hus, i samarbete med Djurskyddet Karlstad. De har blivit matade av grannarna i f\u00e4llan f\u00f6r att g\u00f6ra dom trygga. Manon har f\u00e5tt bilder dygnet runt fr\u00e5n en \u00e5telkamera, de \u00e4r nu i jourhem.<\/p>\n\n\n\n<figure class=\"wp-block-gallery has-nested-images columns-default is-cropped wp-block-gallery-1 is-layout-flex wp-block-gallery-is-layout-flex\">\n<figure class=\"wp-block-image size-large is-style-rounded\"><img loading=\"lazy\" decoding=\"async\" width=\"768\" height=\"1024\" data-id=\"7198\" src=\"https:\/\/www.djurskyddet.se\/norravarmland\/wp-content\/uploads\/sites\/41\/2025\/09\/Kattmamma-med-fyra-babisar-fran-Molnbacka.jpg\" alt=\"\" class=\"wp-image-7198\" srcset=\"https:\/\/www.djurskyddet.se\/norravarmland\/wp-content\/uploads\/sites\/41\/2025\/09\/Kattmamma-med-fyra-babisar-fran-Molnbacka.jpg 768w, https:\/\/www.djurskyddet.se\/norravarmland\/wp-content\/uploads\/sites\/41\/2025\/09\/Kattmamma-med-fyra-babisar-fran-Molnbacka-225x300.jpg 225w, https:\/\/www.djurskyddet.se\/norravarmland\/wp-content\/uploads\/sites\/41\/2025\/09\/Kattmamma-med-fyra-babisar-fran-Molnbacka-400x533.jpg 400w\" sizes=\"auto, (max-width: 768px) 100vw, 768px\" \/><\/figure>\n<\/figure>\n\n\n\n<!--nextpage-->\n\n\n\n<p>2025-09-06<\/p>\n\n\n\n<p>Vi har haft insamling f\u00f6r O&#8217;Mally d\u00e5 hans t\u00e4nder varit i d\u00e5ligt skick, han har levt med st\u00e4ndig sm\u00e4rta. Flera t\u00e4nder opererades bort, summan p\u00e5 fakturan landade p\u00e5 9470:-.<\/p>\n\n\n\n<p>Vi tackar fr\u00e5n djupet av v\u00e5ra hj\u00e4rtan ni fantastiska eldsj\u00e4lar f\u00f6r era gener\u00f6sa bidrag, stora som sm\u00e5. Resten av pengarna g\u00e5r till att st\u00f6tta fler utsatta katter. <\/p>\n\n\n\n<p>Den totala summan av insamlingen blev 13200:-<\/p>\n\n\n\n<p> TACK <img loading=\"lazy\" decoding=\"async\" height=\"16\" width=\"16\" src=\"https:\/\/static.xx.fbcdn.net\/images\/emoji.php\/v9\/t6c\/1\/16\/2764.png\" alt=\"\u2764\ufe0f\"><\/p>\n\n\n\n<figure class=\"wp-block-gallery has-nested-images columns-default is-cropped wp-block-gallery-2 is-layout-flex wp-block-gallery-is-layout-flex\">\n<figure class=\"wp-block-image size-large is-style-rounded\"><img loading=\"lazy\" decoding=\"async\" width=\"768\" height=\"1024\" data-id=\"7218\" src=\"https:\/\/www.djurskyddet.se\/norravarmland\/wp-content\/uploads\/sites\/41\/2025\/09\/OMally.jpg\" alt=\"\" class=\"wp-image-7218\" srcset=\"https:\/\/www.djurskyddet.se\/norravarmland\/wp-content\/uploads\/sites\/41\/2025\/09\/OMally.jpg 768w, https:\/\/www.djurskyddet.se\/norravarmland\/wp-content\/uploads\/sites\/41\/2025\/09\/OMally-225x300.jpg 225w, https:\/\/www.djurskyddet.se\/norravarmland\/wp-content\/uploads\/sites\/41\/2025\/09\/OMally-400x533.jpg 400w\" sizes=\"auto, (max-width: 768px) 100vw, 768px\" \/><figcaption class=\"wp-element-caption\">O&#8217;Mally<\/figcaption><\/figure>\n<\/figure>\n\n\n\n<!--nextpage-->\n\n\n\n<p>2025-11-01<\/p>\n\n\n\n<p>Uppdateras adoptionspriserna &#8211;<\/p>\n\n\n\n<ul class=\"wp-block-list\">\n<li>fr\u00e5n 800:- kattunge (okastrerad, krav p\u00e5 kastrering och intyg vid fullbordad \u00e5lder) 1500:- <\/li>\n\n\n\n<li>fr\u00e5n 1200:- vuxenkatt (kastrerad) till 2000:-<\/li>\n<\/ul>\n\n\n\n<p>Till\u00e4gg &#8211; alla katter vi adopterar ut \u00e4r  grundkollade av veterin\u00e4r, chippade, vaccinerade &amp; avmaskade oavsett \u00e5lder.<\/p>\n\n\n\n<!--nextpage-->\n\n\n\n<p>2026-03-28 H\u00e5lls \u00e5rets \u00e5rsm\u00f6te.<\/p>\n\n\n\n<figure class=\"wp-block-gallery has-nested-images columns-default is-cropped wp-block-gallery-3 is-layout-flex wp-block-gallery-is-layout-flex\">\n<figure class=\"wp-block-image size-large\"><img loading=\"lazy\" decoding=\"async\" width=\"727\" height=\"1024\" data-id=\"7314\" src=\"https:\/\/www.djurskyddet.se\/norravarmland\/wp-content\/uploads\/sites\/41\/2026\/03\/Skarmbild_22-3-2026_02757_www.djurskyddet.se_.jpeg\" alt=\"\" class=\"wp-image-7314\" srcset=\"https:\/\/www.djurskyddet.se\/norravarmland\/wp-content\/uploads\/sites\/41\/2026\/03\/Skarmbild_22-3-2026_02757_www.djurskyddet.se_.jpeg 727w, https:\/\/www.djurskyddet.se\/norravarmland\/wp-content\/uploads\/sites\/41\/2026\/03\/Skarmbild_22-3-2026_02757_www.djurskyddet.se_-213x300.jpeg 213w, https:\/\/www.djurskyddet.se\/norravarmland\/wp-content\/uploads\/sites\/41\/2026\/03\/Skarmbild_22-3-2026_02757_www.djurskyddet.se_-400x563.jpeg 400w\" sizes=\"auto, (max-width: 727px) 100vw, 727px\" \/><\/figure>\n<\/figure>\n","protected":false},"excerpt":{"rendered":"<p>2025-06-09 \u00c5rsm\u00f6tet avklarat numer \u00e4r styrelsen st\u00f6rre och fler har anslutit sig.<\/p>\n","protected":false},"author":39,"featured_media":0,"parent":0,"menu_order":0,"comment_status":"closed","ping_status":"closed","template":"left-sidebar.php","meta":{"_acf_changed":false,"footnotes":""},"class_list":["post-7186","page","type-page","status-publish","hentry"],"acf":[],"_links":{"self":[{"href":"https:\/\/www.djurskyddet.se\/norravarmland\/wp-json\/wp\/v2\/pages\/7186","targetHints":{"allow":["GET"]}}],"collection":[{"href":"https:\/\/www.djurskyddet.se\/norravarmland\/wp-json\/wp\/v2\/pages"}],"about":[{"href":"https:\/\/www.djurskyddet.se\/norravarmland\/wp-json\/wp\/v2\/types\/page"}],"author":[{"embeddable":true,"href":"https:\/\/www.djurskyddet.se\/norravarmland\/wp-json\/wp\/v2\/users\/39"}],"replies":[{"embeddable":true,"href":"https:\/\/www.djurskyddet.se\/norravarmland\/wp-json\/wp\/v2\/comments?post=7186"}],"version-history":[{"count":6,"href":"https:\/\/www.djurskyddet.se\/norravarmland\/wp-json\/wp\/v2\/pages\/7186\/revisions"}],"predecessor-version":[{"id":7315,"href":"https:\/\/www.djurskyddet.se\/norravarmland\/wp-json\/wp\/v2\/pages\/7186\/revisions\/7315"}],"wp:attachment":[{"href":"https:\/\/www.djurskyddet.se\/norravarmland\/wp-json\/wp\/v2\/media?parent=7186"}],"curies":[{"name":"wp","href":"https:\/\/api.w.org\/{rel}","templated":true}]}}