{"id":5571,"date":"2018-11-01T12:16:46","date_gmt":"2018-11-01T12:16:46","guid":{"rendered":"https:\/\/www.djurskyddet.se\/norrbotten\/?page_id=5571"},"modified":"2019-02-12T11:16:08","modified_gmt":"2019-02-12T10:16:08","slug":"om-oss","status":"publish","type":"page","link":"https:\/\/www.djurskyddet.se\/norrbotten\/om-oss\/","title":{"rendered":"Om oss"},"content":{"rendered":"<h2>V\u00e4lkommen till Djurskyddet Norrbotten!<\/h2>\n<p>F\u00f6reningen Djurskyddet Norrbotten \u00e4r en religi\u00f6st och partipolitiskt obunden ideell f\u00f6rening under den rikst\u00e4ckande organisationen Djurskyddet Sverige.<\/p>\n<p>Vi arbetar f\u00f6r att alla djur ska ges m\u00f6jlighet att utf\u00f6ra sina naturliga beteenden och f\u00f6r att djurens livskvalitet ska f\u00f6rb\u00e4ttras. Vi vill att alla m\u00e4nniskor visar respekt och tar ansvar f\u00f6r alla djur. Djurskyddet Sverige accepterar att m\u00e4nniskan nyttjar djur, men att djur lider p\u00e5 grund av m\u00e4nniskan \u00e4r inte f\u00f6rsvarbart. <a title=\"Ideologi\" href=\"http:\/\/www.djurskyddet.se\/se\/om-djurskyddet\/ideologi\" target=\"_blank\" rel=\"noopener\">L\u00e4s Djurskyddet Sveriges ideologi<\/a><\/p>\n<h3>Djurskyddet Norrbotten arbetar f\u00f6r att:<\/h3>\n<ul>\n<li>Informera om djuren och deras levnadsf\u00f6rh\u00e5llanden<\/li>\n<li>F\u00f6rs\u00f6ka v\u00e4cka intresse f\u00f6r djurens skydd<\/li>\n<li>Samverka med myndigheter i djurskydds- och djurv\u00e5rdsfr\u00e5gor<\/li>\n<li>Verka f\u00f6r god viltv\u00e5rd<\/li>\n<li>Vara ett opinionsbildande organ f\u00f6r djurskydd och djurv\u00e5rd<\/li>\n<\/ul>\n<p>F\u00f6reningens arbete finansieras av frivilliga g\u00e5vor, arv och medlemsavgifter. Vi f\u00e5r inga statliga bidrag.<\/p>\n<p>F\u00f6lj v\u00e5rt arbete p\u00e5 <a href=\"http:\/\/www.facebook.com\/DjurskyddetNorrbotten\" target=\"_blank\" rel=\"noopener\">v\u00e5r Facebooksida<\/a> och l\u00e4s senaste nytt under fliken <a href=\"https:\/\/www.djurskyddet.se\/norrbotten\/aktuellt\/\">Aktuellt<\/a>!<\/p>\n<p><strong>Tack f\u00f6r ditt st\u00f6d, bli medlem eller ge en g\u00e5va &#8211; Hj\u00e4lp oss hj\u00e4lpa djuren!<\/strong><\/p>\n","protected":false},"excerpt":{"rendered":"<p>V\u00e4lkommen till Djurskyddet Norrbotten! F\u00f6reningen Djurskyddet Norrbotten \u00e4r en religi\u00f6st och partipolitiskt obunden ideell f\u00f6rening under den rikst\u00e4ckande organisationen Djurskyddet Sverige. Vi arbetar f\u00f6r att alla djur ska ges m\u00f6jlighet att utf\u00f6ra sina naturliga beteenden och f\u00f6r att djurens livskvalitet ska f\u00f6rb\u00e4ttras. Vi vill att alla m\u00e4nniskor visar respekt och tar ansvar f\u00f6r alla djur. Djurskyddet Sverige accepterar att m\u00e4nniskan nyttjar djur, men att djur lider p\u00e5 grund av m\u00e4nniskan&hellip;<\/p>\n<p><a class=\"more-link\" href=\"https:\/\/www.djurskyddet.se\/norrbotten\/om-oss\/\" title=\"Continue reading &lsquo;Om oss&rsquo;\">L&auml;s mer<span class=\"meta-nav\">&raquo;<\/span><\/a><\/p>\n","protected":false},"author":3,"featured_media":0,"parent":0,"menu_order":0,"comment_status":"closed","ping_status":"closed","template":"page-templates\/left-sidebar.php","meta":{"_acf_changed":false,"footnotes":""},"class_list":["post-5571","page","type-page","status-publish","hentry"],"acf":[],"_links":{"self":[{"href":"https:\/\/www.djurskyddet.se\/norrbotten\/wp-json\/wp\/v2\/pages\/5571","targetHints":{"allow":["GET"]}}],"collection":[{"href":"https:\/\/www.djurskyddet.se\/norrbotten\/wp-json\/wp\/v2\/pages"}],"about":[{"href":"https:\/\/www.djurskyddet.se\/norrbotten\/wp-json\/wp\/v2\/types\/page"}],"author":[{"embeddable":true,"href":"https:\/\/www.djurskyddet.se\/norrbotten\/wp-json\/wp\/v2\/users\/3"}],"replies":[{"embeddable":true,"href":"https:\/\/www.djurskyddet.se\/norrbotten\/wp-json\/wp\/v2\/comments?post=5571"}],"version-history":[{"count":16,"href":"https:\/\/www.djurskyddet.se\/norrbotten\/wp-json\/wp\/v2\/pages\/5571\/revisions"}],"predecessor-version":[{"id":5751,"href":"https:\/\/www.djurskyddet.se\/norrbotten\/wp-json\/wp\/v2\/pages\/5571\/revisions\/5751"}],"wp:attachment":[{"href":"https:\/\/www.djurskyddet.se\/norrbotten\/wp-json\/wp\/v2\/media?parent=5571"}],"curies":[{"name":"wp","href":"https:\/\/api.w.org\/{rel}","templated":true}]}}