{"id":5573,"date":"2018-11-01T12:17:06","date_gmt":"2018-11-01T12:17:06","guid":{"rendered":"https:\/\/www.djurskyddet.se\/norrbotten\/?page_id=5573"},"modified":"2019-02-12T11:18:55","modified_gmt":"2019-02-12T10:18:55","slug":"stod-oss","status":"publish","type":"page","link":"https:\/\/www.djurskyddet.se\/norrbotten\/stod-oss\/","title":{"rendered":"St\u00f6d oss"},"content":{"rendered":"<p>Bli medlem eller ge en g\u00e5va. Vi \u00e4r en ideell f\u00f6rening och \u00e4r beroende av g\u00e5vor och medlemskap f\u00f6r att kunna bedriva v\u00e5r verksamhet.<\/p>\n<p><a href=\"https:\/\/www.djurskyddet.se\/norrbotten\/wp-content\/uploads\/sites\/25\/2018\/11\/katt-o-hund-e1549966247358.jpg\"><img loading=\"lazy\" decoding=\"async\" class=\"aligncenter wp-image-5663 size-full\" src=\"https:\/\/www.djurskyddet.se\/norrbotten\/wp-content\/uploads\/sites\/25\/2018\/11\/katt-o-hund-e1549966247358.jpg\" alt=\"Katt och hund\" width=\"257\" height=\"143\" \/><\/a><\/p>\n","protected":false},"excerpt":{"rendered":"<p>Bli medlem eller ge en g\u00e5va. Vi \u00e4r en ideell f\u00f6rening och \u00e4r beroende av g\u00e5vor och medlemskap f\u00f6r att kunna bedriva v\u00e5r verksamhet.<\/p>\n","protected":false},"author":3,"featured_media":0,"parent":0,"menu_order":0,"comment_status":"closed","ping_status":"closed","template":"page-templates\/left-sidebar.php","meta":{"_acf_changed":false,"footnotes":""},"class_list":["post-5573","page","type-page","status-publish","hentry"],"acf":[],"_links":{"self":[{"href":"https:\/\/www.djurskyddet.se\/norrbotten\/wp-json\/wp\/v2\/pages\/5573","targetHints":{"allow":["GET"]}}],"collection":[{"href":"https:\/\/www.djurskyddet.se\/norrbotten\/wp-json\/wp\/v2\/pages"}],"about":[{"href":"https:\/\/www.djurskyddet.se\/norrbotten\/wp-json\/wp\/v2\/types\/page"}],"author":[{"embeddable":true,"href":"https:\/\/www.djurskyddet.se\/norrbotten\/wp-json\/wp\/v2\/users\/3"}],"replies":[{"embeddable":true,"href":"https:\/\/www.djurskyddet.se\/norrbotten\/wp-json\/wp\/v2\/comments?post=5573"}],"version-history":[{"count":8,"href":"https:\/\/www.djurskyddet.se\/norrbotten\/wp-json\/wp\/v2\/pages\/5573\/revisions"}],"predecessor-version":[{"id":5753,"href":"https:\/\/www.djurskyddet.se\/norrbotten\/wp-json\/wp\/v2\/pages\/5573\/revisions\/5753"}],"wp:attachment":[{"href":"https:\/\/www.djurskyddet.se\/norrbotten\/wp-json\/wp\/v2\/media?parent=5573"}],"curies":[{"name":"wp","href":"https:\/\/api.w.org\/{rel}","templated":true}]}}