{"id":5577,"date":"2018-11-01T12:20:10","date_gmt":"2018-11-01T12:20:10","guid":{"rendered":"https:\/\/www.djurskyddet.se\/norrbotten\/?page_id=5577"},"modified":"2019-02-12T11:23:25","modified_gmt":"2019-02-12T10:23:25","slug":"djurformedling","status":"publish","type":"page","link":"https:\/\/www.djurskyddet.se\/norrbotten\/djurformedling\/","title":{"rendered":"Djurf\u00f6rmedling"},"content":{"rendered":"<p>Vid behov och d\u00e5 tiden r\u00e4cker till s\u00e5 skriver vi h\u00e4r om upphittade, efterlysta och omplacerade djur.<\/p>\n<p>Har du uppgifter du vill f\u00f6rmedla p\u00e5 djurskyddet Norrbottens sidor? Ring v\u00e5r jourtelefon 073-841 84 99 eller posta hos oss p\u00e5 v\u00e5r <a href=\"http:\/\/www.facebook.com\/djurskyddetnorrbotten\" target=\"_blank\" rel=\"noopener\">facebooksida<\/a> tack!<\/p>\n","protected":false},"excerpt":{"rendered":"<p>Vid behov och d\u00e5 tiden r\u00e4cker till s\u00e5 skriver vi h\u00e4r om upphittade, efterlysta och omplacerade djur. Har du uppgifter du vill f\u00f6rmedla p\u00e5 djurskyddet Norrbottens sidor? Ring v\u00e5r jourtelefon 073-841 84 99 eller posta hos oss p\u00e5 v\u00e5r facebooksida tack!<\/p>\n","protected":false},"author":3,"featured_media":0,"parent":0,"menu_order":0,"comment_status":"closed","ping_status":"closed","template":"page-templates\/left-sidebar.php","meta":{"_acf_changed":false,"footnotes":""},"class_list":["post-5577","page","type-page","status-publish","hentry"],"acf":[],"_links":{"self":[{"href":"https:\/\/www.djurskyddet.se\/norrbotten\/wp-json\/wp\/v2\/pages\/5577","targetHints":{"allow":["GET"]}}],"collection":[{"href":"https:\/\/www.djurskyddet.se\/norrbotten\/wp-json\/wp\/v2\/pages"}],"about":[{"href":"https:\/\/www.djurskyddet.se\/norrbotten\/wp-json\/wp\/v2\/types\/page"}],"author":[{"embeddable":true,"href":"https:\/\/www.djurskyddet.se\/norrbotten\/wp-json\/wp\/v2\/users\/3"}],"replies":[{"embeddable":true,"href":"https:\/\/www.djurskyddet.se\/norrbotten\/wp-json\/wp\/v2\/comments?post=5577"}],"version-history":[{"count":8,"href":"https:\/\/www.djurskyddet.se\/norrbotten\/wp-json\/wp\/v2\/pages\/5577\/revisions"}],"predecessor-version":[{"id":5757,"href":"https:\/\/www.djurskyddet.se\/norrbotten\/wp-json\/wp\/v2\/pages\/5577\/revisions\/5757"}],"wp:attachment":[{"href":"https:\/\/www.djurskyddet.se\/norrbotten\/wp-json\/wp\/v2\/media?parent=5577"}],"curies":[{"name":"wp","href":"https:\/\/api.w.org\/{rel}","templated":true}]}}