{"id":5600,"date":"2018-11-01T12:34:03","date_gmt":"2018-11-01T12:34:03","guid":{"rendered":"https:\/\/www.djurskyddet.se\/norrbotten\/?page_id=5600"},"modified":"2019-02-12T11:22:41","modified_gmt":"2019-02-12T10:22:41","slug":"ge-en-gava","status":"publish","type":"page","link":"https:\/\/www.djurskyddet.se\/norrbotten\/stod-oss\/ge-en-gava\/","title":{"rendered":"Ge en g\u00e5va"},"content":{"rendered":"<p>Djurskyddet Norrbotten drivs helt och h\u00e5llet ideellt. Vilket inneb\u00e4r att vi alltid \u00e4r i stort behov av g\u00e5vor, stora som sm\u00e5! Vi v\u00e4lkomnar ditt st\u00f6d p\u00e5 Plusgiro 48 05 26-3. Tack f\u00f6r ditt st\u00f6d!<\/p>\n<p><a href=\"https:\/\/www.djurskyddet.se\/norrbotten\/wp-content\/uploads\/sites\/25\/2018\/11\/Katt-i-tunnel_900x600.jpg\"><img loading=\"lazy\" decoding=\"async\" class=\"aligncenter size-medium wp-image-5687\" src=\"https:\/\/www.djurskyddet.se\/norrbotten\/wp-content\/uploads\/sites\/25\/2018\/11\/Katt-i-tunnel_900x600-300x200.jpg\" alt=\"Katt i leksakstunnel\" width=\"300\" height=\"200\" srcset=\"https:\/\/www.djurskyddet.se\/norrbotten\/wp-content\/uploads\/sites\/25\/2018\/11\/Katt-i-tunnel_900x600-300x200.jpg 300w, https:\/\/www.djurskyddet.se\/norrbotten\/wp-content\/uploads\/sites\/25\/2018\/11\/Katt-i-tunnel_900x600-768x512.jpg 768w, https:\/\/www.djurskyddet.se\/norrbotten\/wp-content\/uploads\/sites\/25\/2018\/11\/Katt-i-tunnel_900x600-400x267.jpg 400w, https:\/\/www.djurskyddet.se\/norrbotten\/wp-content\/uploads\/sites\/25\/2018\/11\/Katt-i-tunnel_900x600.jpg 900w\" sizes=\"auto, (max-width: 300px) 100vw, 300px\" \/><\/a><\/p>\n","protected":false},"excerpt":{"rendered":"<p>Djurskyddet Norrbotten drivs helt och h\u00e5llet ideellt. Vilket inneb\u00e4r att vi alltid \u00e4r i stort behov av g\u00e5vor, stora som sm\u00e5! Vi v\u00e4lkomnar ditt st\u00f6d p\u00e5 Plusgiro 48 05 26-3. Tack f\u00f6r ditt st\u00f6d!<\/p>\n","protected":false},"author":3,"featured_media":0,"parent":5573,"menu_order":0,"comment_status":"closed","ping_status":"closed","template":"page-templates\/left-sidebar.php","meta":{"_acf_changed":false,"footnotes":""},"class_list":["post-5600","page","type-page","status-publish","hentry"],"acf":[],"_links":{"self":[{"href":"https:\/\/www.djurskyddet.se\/norrbotten\/wp-json\/wp\/v2\/pages\/5600","targetHints":{"allow":["GET"]}}],"collection":[{"href":"https:\/\/www.djurskyddet.se\/norrbotten\/wp-json\/wp\/v2\/pages"}],"about":[{"href":"https:\/\/www.djurskyddet.se\/norrbotten\/wp-json\/wp\/v2\/types\/page"}],"author":[{"embeddable":true,"href":"https:\/\/www.djurskyddet.se\/norrbotten\/wp-json\/wp\/v2\/users\/3"}],"replies":[{"embeddable":true,"href":"https:\/\/www.djurskyddet.se\/norrbotten\/wp-json\/wp\/v2\/comments?post=5600"}],"version-history":[{"count":9,"href":"https:\/\/www.djurskyddet.se\/norrbotten\/wp-json\/wp\/v2\/pages\/5600\/revisions"}],"predecessor-version":[{"id":5756,"href":"https:\/\/www.djurskyddet.se\/norrbotten\/wp-json\/wp\/v2\/pages\/5600\/revisions\/5756"}],"up":[{"embeddable":true,"href":"https:\/\/www.djurskyddet.se\/norrbotten\/wp-json\/wp\/v2\/pages\/5573"}],"wp:attachment":[{"href":"https:\/\/www.djurskyddet.se\/norrbotten\/wp-json\/wp\/v2\/media?parent=5600"}],"curies":[{"name":"wp","href":"https:\/\/api.w.org\/{rel}","templated":true}]}}