{"id":5679,"date":"2018-11-06T12:18:19","date_gmt":"2018-11-06T12:18:19","guid":{"rendered":"https:\/\/www.djurskyddet.se\/norrbotten\/?page_id=5679"},"modified":"2019-02-12T11:26:49","modified_gmt":"2019-02-12T10:26:49","slug":"vilda-djur","status":"publish","type":"page","link":"https:\/\/www.djurskyddet.se\/norrbotten\/tips-rad\/vilda-djur\/","title":{"rendered":"Vilda djur"},"content":{"rendered":"<h2>Om du hittat ett skadat djur &#8211; f\u00f6lj dessa punkter<\/h2>\n<p><strong>Kontakta sen veterin\u00e4r eller viltrehabiliterare (se lista) f\u00f6r ytterligare information.<\/strong><\/p>\n<ul>\n<li>Ta in djuret inomhus och placera det i en l\u00e5da eller bur. Det \u00e4r inte bra om en f\u00e5gel pl\u00f6tsligt piggnar till och b\u00f6rjar flyga runt inomhus.<\/li>\n<li>G\u00f6r i ordning en elektrisk v\u00e4rmedyna eller en varmvattenflaska (fyll med varmvatten fr\u00e5n kranen) eller en vanlig flaska fylld med varmvatten fr\u00e5n kranen. St\u00e4ll l\u00e5dan\/buren p\u00e5 v\u00e4rmedynan eller linda in varmvattenflaskan i en handduk och l\u00e4gg djuret p\u00e5 flaskan. Se alltid till att djuret kan komma undan fr\u00e5n v\u00e4rmen om det blir f\u00f6r varmt.<\/li>\n<li>Tvinga aldrig i ett djur\/en f\u00e5gel vatten eller mat i munnen! Risken \u00e4r stor att vatten\/mat hamnar i lungorna ist\u00e4llet vilket kan orsaka lunginflammation.<\/li>\n<li>St\u00e4ll aldrig fram vatten eller mat till ett djur i chock, v\u00e4nta n\u00e5gra timmar.<\/li>\n<li>T\u00e4nk p\u00e5 att djur i chock reagerar precis som m\u00e4nniskor i chock, de beh\u00f6ver v\u00e4rme och lugn och ro. Placera djuret varmt, m\u00f6rkt och tyst. Undvik att hantera det is st\u00f6rsta m\u00f6jliga m\u00e5n eftersom detta kan f\u00f6rv\u00e4rra chocken.<\/li>\n<li>Har du tagit in ett d\u00e4ggdjur kan du kolla om det \u00e4r uttorkat genom att ta tag i nackskinnet och lyfta skinnet upp\u00e5t, om skinnet &#8221;fastnar&#8221; utdraget \u00e4r djuret uttorkat och om skinnet \u00e5ker tillbaka \u00e4r det normalt. Ett uttorkat djur beh\u00f6ver tr\u00e4ffa en veterin\u00e4r om det inte verkar klara att \u00e4ta eller dricka sj\u00e4lv n\u00e4r det \u00e4r varmt igen och borde ha piggnat till. G\u00e4ller det en unge \u00e4r det viktigt att du f\u00e5r hj\u00e4lp snabbt eftersom de klarar sig s\u00e4mre utan mat och vatten en l\u00e4ngre tid.<\/li>\n<li>Om djuret inte verkar ha piggnat till efter ca tre timmar ska du inte sl\u00e4ppa ut det. \u00c4r det fortfarande svagt n\u00e4sta dag och inte verkar pigg, m\u00e5ste du kontakta en viltrehabiliterare eller veterin\u00e4r.<\/li>\n<li>T\u00e4nk p\u00e5 att alltid sl\u00e4ppa ut djur p\u00e5 morgonen s\u00e5 att de har dagen p\u00e5 sig att s\u00f6ka f\u00f6da och l\u00e4mplig nattkvist. Tar du in ett djur p\u00e5 eftermiddagen, b\u00f6r du alltid v\u00e4nta till n\u00e4sta dag med att sl\u00e4ppa ut djuret. (Obs. undantag f\u00f6r nattaktiva djur som t.ex. ugglor.)<\/li>\n<li>T\u00e4nk p\u00e5 att h\u00e5lla djuret du tagit in under uppsikt, det \u00e4r inte alltid djuret piggnar till utan beh\u00f6ver kanske mer v\u00e5rd \u00e4n du sj\u00e4lv kan ge. Om du \u00e4r tveksam, kontakta viltrehabiliterare.<\/li>\n<li>Kontakta veterin\u00e4r genast om djuret krampar, inte kan st\u00e5 utan ligger p\u00e5 sidan trots att djuret \u00e4r varmt. Samma g\u00e4ller om djuret verkar ha sv\u00e5rt att andas, rosslar, kippar efter luft eller verkar ha brutit n\u00e5got.<\/li>\n<li>Har du hittat en unge m\u00e5ste den f\u00e5 mat och v\u00e4tska ofta eftersom den inte klarar lika mycket som en vuxen individ. Kontakta d\u00e4rf\u00f6r genast viltrehabiliterare.<\/li>\n<li>T\u00e4nk p\u00e5 att skydda dig sj\u00e4lv. \u00c4ven om djuret i chocktillst\u00e5nd n\u00e4stan verkar &#8221;tamt&#8221;, blir det snart sig sj\u00e4lv igen n\u00e4r det m\u00e5r b\u00e4ttre och kan bitas, nypas, kl\u00f6sas.<\/li>\n<li>Tv\u00e4tta alltid h\u00e4nderna n\u00e4r du tagit i ett vilt djur.<\/li>\n<li>Hantera alltid fladderm\u00f6ss med skinnhandskar, eftersom de kan b\u00e4ra p\u00e5 utl\u00e4ndska sjukdomar som Rabies.<\/li>\n<li>Igelkottar och fladderm\u00f6ss som vaknat mitt i vintern beh\u00f6ver alltid komma till viltrehabiliterare. En anledning till att de vaknat kan vara att de \u00e4r f\u00f6r magra, och inte kommer att klara vintern. Om de d\u00e5 f\u00e5r hj\u00e4lp i form av r\u00e4tt f\u00f6da och v\u00e4rme kan de sl\u00e4ppas ut igen till v\u00e5ren. En igelkott m\u00e5ste v\u00e4ga minst 600 gr f\u00f6r att klara vintern, men b\u00f6r g\u00e4rna helst 1 kg n\u00e4r vinterdvalan inleds.<\/li>\n<\/ul>\n<p>K\u00e4lla: <a href=\"http:\/\/www.viltrehab.se\/\" target=\"_blank\" rel=\"noopener\">Nordens Viltrehabilitering<\/a><\/p>\n<p>Ge de vilda djuren en hj\u00e4lpande hand under vintern. Fodertips fr\u00e5n Nordens viltrehabilitering.<\/p>\n<p><strong>Tr\u00e4dg\u00e5rdsf\u00e5glar gillar:<\/strong><\/p>\n<p>Solrosfr\u00f6n, hampfr\u00f6n, viltf\u00e5gelblandningar, talgbollar och n\u00f6tter. T\u00e4nk p\u00e5 att ta bort gamla talgbollsn\u00e4t, s\u00e5 att de inte f\u00f6rvandlas till farligt skr\u00e4p som f\u00e5glar och andra djur kan fastna i.<\/p>\n<p><strong>Trastar och sidensvansar gillar: <\/strong><\/p>\n<p>\u00c4pplen, om du sk\u00e4r \u00e4pplet i halvor pickar de ut allt fruktk\u00f6tt. \u00c4ven russin, s\u00f6ta frukter och b\u00e4r. \u00c4r det ett bra r\u00f6nnb\u00e4rs\u00e5r kan man plocka och frysa in. R\u00f6nnb\u00e4r \u00e4r fyllt med nyttiga c-vitaminer. Trastar \u00e4ter \u00e4ven viltf\u00e5gelfr\u00f6n och uppbl\u00f6tt hundtorrfoder om det blir riktigt kallt.<\/p>\n<p><strong>Kr\u00e5kf\u00e5glar gillar: <\/strong><\/p>\n<p>Katt- och hundmat, ost och br\u00f6dkanter. De \u00e4ter det mesta men ge inte saltade eller kryddiga matrester. M\u00e5nga upplever att kr\u00e5kor och skator \u00e4r jobbiga och att de tar maten f\u00f6r sm\u00e5f\u00e5glarna men ett bra s\u00e4tt att undvika konkurrens mellan arterna \u00e4r faktiskt att \u00e4ven ge de st\u00f6rre f\u00e5glarna mat. Och t\u00e4nk p\u00e5 att alla vilda djur har det tufft p\u00e5 vintern.<\/p>\n<p><strong>Hackspettar gillar:<\/strong><\/p>\n<p>Talgbollar, solrosfr\u00f6er och jordn\u00f6tter.<\/p>\n<p><strong>Duvor gillar:<\/strong><\/p>\n<p>Hampfr\u00f6n, solrosfr\u00f6n och s\u00e4d av olika slag. Om vill man lyxa till det finns s\u00e4rskild duvblandning i djuraff\u00e4ren.<\/p>\n<p><strong>Svanar, g\u00e4ss, gr\u00e4s\u00e4nder, soth\u00f6nor m fl gillar:<\/strong><\/p>\n<p>Havrekross, vegetabiliskt h\u00f6nsfoder, kokt pasta, kokt potatis och br\u00f6d. (Om du ger dem kokt pasta, tills\u00e4tt inte matolja f\u00f6r extra fett d\u00e5 detta kan ge f\u00e5glarna oljeskador p\u00e5 fj\u00e4drarna.) F\u00e5glarna beh\u00f6ver tillg\u00e5ng till vatten vid utfodring, ge d\u00e4rf\u00f6r fodret i vattenkanten eller direkt i vattnet (annars fastnar maten i munnen).<\/p>\n<p><strong>M\u00e5sar, trutar och h\u00e4grar gillar:<\/strong><\/p>\n<p>Fisk, g\u00e4rna hela fiskar som str\u00f6mming, nors och liknande. M\u00e5sar och trutar \u00e4ter \u00e4ven br\u00f6d, kokt pasta, uppbl\u00f6tt katt- och hundtorrfoder eller burkmat.<\/p>\n<p><strong>Fasaner och rapph\u00f6ns gillar:<\/strong><\/p>\n<p>Viltf\u00e5gelblandningar, vete och havre.<\/p>\n<p><strong>Tj\u00e4der gillar:<\/strong><\/p>\n<p>N\u00e4stan uteslutande tallbarr, men f\u00e5r under vintrar med mycket sn\u00f6 sv\u00e5rt att hitta grus som \u00e4r n\u00f6dv\u00e4ndigt f\u00f6r matsm\u00e4ltningen. S\u00e4tt upp ett tak som skydd mot sn\u00f6n, och kamoflera det v\u00e4l med granris. Detta gynnar \u00e4ven andra skogslevande f\u00e5glar.<\/p>\n<p><strong>Harar gillar:<\/strong><\/p>\n<p>Knoppar och bark fr\u00e5n vissa l\u00f6vtr\u00e4d, framf\u00f6rallt fr\u00e5n asp och s\u00e4lg. Det g\u00e5r ocks\u00e5 bra att tillskottsfodra med h\u00f6 eller h\u00f6ensilage. \u00c4ven spannm\u00e5l och gnagarpellets uppskattas.<\/p>\n<p><strong>R\u00e5djur gillar:<\/strong><\/p>\n<p>H\u00f6 med bra n\u00e4ringsv\u00e4rde. Du kan \u00e4ven ge dem frukt, gr\u00f6nsaker, h\u00f6ensilage och pellets. P\u00e5 Granng\u00e5rden hittar du r\u00e5djurspellets. T\u00e4nk p\u00e5 var du placerar platsen f\u00f6r utfodring. R\u00e5djuren uppskattar att ha fri sikt runt foderplatsen, s\u00e5 de har en chans att uppt\u00e4cka eventuella rovdjur.<\/p>\n<p><strong>Ekorrar gillar:<\/strong><\/p>\n<p>N\u00f6tter och solrosfr\u00f6n<\/p>\n<p>P\u00e5 Granng\u00e5rden finns v\u00e4ldigt bra foderautomater som rymmer stora m\u00e4ngder fr\u00f6n och gl\u00f6m inte att mata hela vintern. \u00c4ven n\u00e4r det b\u00f6rjar p\u00e5minna om v\u00e5r s\u00e5 \u00e4r det brist p\u00e5 insekter och annat som v\u00e5ra stannf\u00e5glar beh\u00f6ver f\u00f6r att \u00f6verleva. Det \u00e4r bra att p\u00e5b\u00f6rja utfordringen tidigt p\u00e5 h\u00f6sten f\u00f6r att f\u00e5glarna ska f\u00e5 en chans att l\u00e4gga p\u00e5 sig ett skyddande hull inf\u00f6r vintern. Och gl\u00f6m f\u00f6r allt i v\u00e4rlden inte att h\u00e5lla en god hygien i foderautomaten och p\u00e5 marken. M\u00e5nga sjukdomar, som t ex salmonella, sprids vid f\u00e5gelmatbordet. Anv\u00e4nd d\u00e4rf\u00f6r f\u00e5gelmatbord\/automater d\u00e4r f\u00e5glarna inte kan sitta i maten.<\/p>\n<p>K\u00e4lla: <a href=\"http:\/\/www.viltrehab.se\/\" target=\"_blank\" rel=\"noopener\">Nordens Viltrehabilitering<\/a><\/p>\n","protected":false},"excerpt":{"rendered":"<p>Om du hittat ett skadat djur &#8211; f\u00f6lj dessa punkter Kontakta sen veterin\u00e4r eller viltrehabiliterare (se lista) f\u00f6r ytterligare information. Ta in djuret inomhus och placera det i en l\u00e5da eller bur. Det \u00e4r inte bra om en f\u00e5gel pl\u00f6tsligt piggnar till och b\u00f6rjar flyga runt inomhus. G\u00f6r i ordning en elektrisk v\u00e4rmedyna eller en varmvattenflaska (fyll med varmvatten fr\u00e5n kranen) eller en vanlig flaska fylld med varmvatten fr\u00e5n kranen.&hellip;<\/p>\n<p><a class=\"more-link\" href=\"https:\/\/www.djurskyddet.se\/norrbotten\/tips-rad\/vilda-djur\/\" title=\"Continue reading &lsquo;Vilda djur&rsquo;\">L&auml;s mer<span class=\"meta-nav\">&raquo;<\/span><\/a><\/p>\n","protected":false},"author":3,"featured_media":0,"parent":5579,"menu_order":0,"comment_status":"closed","ping_status":"closed","template":"page-templates\/left-sidebar.php","meta":{"_acf_changed":false,"footnotes":""},"class_list":["post-5679","page","type-page","status-publish","hentry"],"acf":[],"_links":{"self":[{"href":"https:\/\/www.djurskyddet.se\/norrbotten\/wp-json\/wp\/v2\/pages\/5679","targetHints":{"allow":["GET"]}}],"collection":[{"href":"https:\/\/www.djurskyddet.se\/norrbotten\/wp-json\/wp\/v2\/pages"}],"about":[{"href":"https:\/\/www.djurskyddet.se\/norrbotten\/wp-json\/wp\/v2\/types\/page"}],"author":[{"embeddable":true,"href":"https:\/\/www.djurskyddet.se\/norrbotten\/wp-json\/wp\/v2\/users\/3"}],"replies":[{"embeddable":true,"href":"https:\/\/www.djurskyddet.se\/norrbotten\/wp-json\/wp\/v2\/comments?post=5679"}],"version-history":[{"count":26,"href":"https:\/\/www.djurskyddet.se\/norrbotten\/wp-json\/wp\/v2\/pages\/5679\/revisions"}],"predecessor-version":[{"id":5760,"href":"https:\/\/www.djurskyddet.se\/norrbotten\/wp-json\/wp\/v2\/pages\/5679\/revisions\/5760"}],"up":[{"embeddable":true,"href":"https:\/\/www.djurskyddet.se\/norrbotten\/wp-json\/wp\/v2\/pages\/5579"}],"wp:attachment":[{"href":"https:\/\/www.djurskyddet.se\/norrbotten\/wp-json\/wp\/v2\/media?parent=5679"}],"curies":[{"name":"wp","href":"https:\/\/api.w.org\/{rel}","templated":true}]}}