{"id":5518,"date":"2018-05-23T12:23:24","date_gmt":"2018-05-23T12:23:24","guid":{"rendered":"http:\/\/www.djurskyddet.se\/nykoping\/?page_id=5518"},"modified":"2023-12-26T09:30:30","modified_gmt":"2023-12-26T09:30:30","slug":"katthem-pensionat","status":"publish","type":"page","link":"https:\/\/www.djurskyddet.se\/nykoping\/katthem-pensionat\/","title":{"rendered":"Katthem &amp; Pensionat"},"content":{"rendered":"<h2><strong>KATTPENSIONAT<\/strong><\/h2>\n<p>P\u00e5 Finntorps Katthem finns ett kattpensionat, d\u00e4r du kan l\u00e4mna in din katt f\u00f6r inackordering vid exempelvis semestrar o. dyl. Katten m\u00e5ste dock vara vaccinerad mot kattpest och kattsnuva det senaste \u00e5ret.<\/p>\n<p><strong>Du kan inte boka inackordering via mejl, utan ring oss p\u00e5 tel 0155 &#8211; 21 76 32<\/strong><\/p>\n<p><strong>PRISER<\/strong><br \/>\n1 katt &#8211; 200 kr\/dygn (Medlemmar i Djurskyddet Nyk\u00f6ping betalar 150 kr\/dygn)<br \/>\n2 katter &#8211; 250 kr\/dygn (Medlemmar i Djurskyddet Nyk\u00f6ping betalar 200 kr\/dygn)<br \/>\nVid inackordering ing\u00e5r mat, sand och omsorg. T\u00e4nk p\u00e5 att boka i god tid vid jul, skollov och under juli m\u00e5nad.<\/p>\n<h1>Katthemmet<\/h1>\n<h4>\nFinntorps Katthem \u00f6ppnade i sina nuvarande lokaler i juni 2006 och ligger ute i Finntorpsomr\u00e5det p\u00e5 Arn\u00f6. Katthemmet drivs ideellt av f\u00f6reningen Djurskyddet Nyk\u00f6ping.<\/h4>\n<p>I dagsl\u00e4get \u00e4r vi ca 7 personer som jobbar med hemmet och de flesta av oss \u00e4r till vardags verksamma inom olika yrken. Vi \u00e4r alla i olika \u00e5ldrar, men det som h\u00e5ller ihop oss \u00e4r intresset f\u00f6r katter. Vi letar alltid efter fler medhj\u00e4lpare, s\u00e5 kontakta oss om du \u00e4r intresserad. Det \u00e4r ett j\u00e4ttemysigt jobb med m\u00e5nga underbara katter.<\/p>\n<p>Vi \u00e4r i f\u00f6rsta hand till f\u00f6r \u00f6vergivna heml\u00f6sa katter som upphittats av privatpersoner, men vi tar \u00e4ven hand om katter genom kronofogden, de sociala myndigheterna, polisen och l\u00e4nsstyrelsen. Sommartid tar vi i f\u00f6rsta hand in honkatter som \u00e4r dr\u00e4ktiga eller har ungar. Sammanlagt s\u00f6ker vi nya hem f\u00f6r \u00f6ver 50 katter per \u00e5r.<\/p>\n<p>N\u00e4r katten kommer till oss blir den f\u00f6rst placerad i karant\u00e4n d\u00e4r veterin\u00e4ren kollar statusen p\u00e5 katten. Vistelsen i karant\u00e4n \u00e4r minst 3 veckor och under tiden blir katten vaccinerad 2 g\u00e5nger, kastrerad, id-m\u00e4rkt och avmaskad. En del blir \u00e4ven behandlade f\u00f6r \u00f6ronskabb, f\u00e5r antibiotika och genomg\u00e5r andra medicinska \u00e5tg\u00e4rder. N\u00e4r allt detta \u00e4r gjort flyttas kissen till stora huset.<\/p>\n<h3><strong>F\u00f6rs\u00e4ljning<\/strong><\/h3>\n<p>En del tycker att det \u00e4r dyrt att k\u00f6pa en katt hos oss. Men om man kollar upp vad det kostar hos en veterin\u00e4r att g\u00f6ra allt det som \u00e4r gjort p\u00e5 v\u00e5ra katter uppt\u00e4cker man snabbt att v\u00e5ra katter inte kostar s\u00e5 mycket. Varje katt kostar oss mer \u00e4n vi f\u00e5r in p\u00e5 den. Men det \u00e4r dom v\u00e4rda. Vi anser att alla m\u00e5ste hj\u00e4lpas \u00e5t med att f\u00e5 upp statusen p\u00e5 katterna. Dom \u00e4r inga slit och sl\u00e4ng-varor. Innan man skaffar katt b\u00f6r man t\u00e4nka p\u00e5 att en katt \u00e4r en familjemedlem som lever mellan 15-20 \u00e5r.<\/p>\n<p><strong>PRISER<\/strong><br \/>\nFullvuxen katt Utan stamtavla 2000 kr (Vaccinerad, kastrerad, id-m\u00e4rkt och avmaskad)<\/p>\n<p>Fullvuxen raskatt med stamtavla 3000 kr (Vaccinerad, kastrerad, id-m\u00e4rkt och avmaskad)<br \/>\nKattunge &#8211; 1500 kr (Vaccinerad, chippad och avmaskad)<\/p>\n<h3><strong>OMPLACERING<\/strong><\/h3>\n<p>I m\u00e5n av plats tar vi emot omplaceringskatter. En omplaceringskatt ska vara klar n\u00e4r den kommer till oss. Det vill s\u00e4ga kastrerad (g\u00e4ller inte kattungar), vaccinerad, id-m\u00e4rkt och avmaskad. Vi tar ut en avgift p\u00e5 600 kronor vid omplaceringen.<\/p>\n","protected":false},"excerpt":{"rendered":"<p>KATTPENSIONAT P\u00e5 Finntorps Katthem finns ett kattpensionat, d\u00e4r du kan l\u00e4mna in din katt f\u00f6r inackordering vid exempelvis semestrar o. dyl. Katten m\u00e5ste dock vara vaccinerad mot kattpest och kattsnuva det senaste \u00e5ret. Du kan inte boka inackordering via mejl, utan ring oss p\u00e5 tel 0155 &#8211; 21 76 32 PRISER 1 katt &#8211; 200 kr\/dygn (Medlemmar i Djurskyddet Nyk\u00f6ping betalar 150 kr\/dygn) 2 katter &#8211; 250 kr\/dygn (Medlemmar i&hellip;<\/p>\n<p><a class=\"more-link\" href=\"https:\/\/www.djurskyddet.se\/nykoping\/katthem-pensionat\/\" title=\"Continue reading &lsquo;Katthem &amp; Pensionat&rsquo;\">L&auml;s mer<span class=\"meta-nav\">&raquo;<\/span><\/a><\/p>\n","protected":false},"author":3,"featured_media":0,"parent":0,"menu_order":0,"comment_status":"closed","ping_status":"closed","template":"page-templates\/left-sidebar.php","meta":{"_acf_changed":false,"footnotes":""},"class_list":["post-5518","page","type-page","status-publish","hentry"],"acf":[],"_links":{"self":[{"href":"https:\/\/www.djurskyddet.se\/nykoping\/wp-json\/wp\/v2\/pages\/5518","targetHints":{"allow":["GET"]}}],"collection":[{"href":"https:\/\/www.djurskyddet.se\/nykoping\/wp-json\/wp\/v2\/pages"}],"about":[{"href":"https:\/\/www.djurskyddet.se\/nykoping\/wp-json\/wp\/v2\/types\/page"}],"author":[{"embeddable":true,"href":"https:\/\/www.djurskyddet.se\/nykoping\/wp-json\/wp\/v2\/users\/3"}],"replies":[{"embeddable":true,"href":"https:\/\/www.djurskyddet.se\/nykoping\/wp-json\/wp\/v2\/comments?post=5518"}],"version-history":[{"count":16,"href":"https:\/\/www.djurskyddet.se\/nykoping\/wp-json\/wp\/v2\/pages\/5518\/revisions"}],"predecessor-version":[{"id":6893,"href":"https:\/\/www.djurskyddet.se\/nykoping\/wp-json\/wp\/v2\/pages\/5518\/revisions\/6893"}],"wp:attachment":[{"href":"https:\/\/www.djurskyddet.se\/nykoping\/wp-json\/wp\/v2\/media?parent=5518"}],"curies":[{"name":"wp","href":"https:\/\/api.w.org\/{rel}","templated":true}]}}