{"id":5547,"date":"2018-05-24T07:27:15","date_gmt":"2018-05-24T07:27:15","guid":{"rendered":"http:\/\/www.djurskyddet.se\/nykoping\/?page_id=5547"},"modified":"2023-04-11T07:40:22","modified_gmt":"2023-04-11T07:40:22","slug":"kontakta-oss","status":"publish","type":"page","link":"https:\/\/www.djurskyddet.se\/nykoping\/om-oss\/kontakta-oss\/","title":{"rendered":"Kontakta oss"},"content":{"rendered":"<p>FINNTORPS KATTHEM<br \/>\nFinntorpsv\u00e4gen 4<br \/>\n611 45 NYK\u00d6PING<\/p>\n<p>Telefon: 0155 &#8211; 21 76 32<\/p>\n<p>E-post: <a href=\"mailto:nykoping@djurskyddet.se\">nykoping@djurskyddet.se<\/a><\/p>\n<p>Karta: <a href=\"https:\/\/kartor.eniro.se\/m\/9rcfV\" target=\"_blank\" rel=\"noopener noreferrer\">klicka h\u00e4r<\/a><\/p>\n<p>\u00d6PPETTIDER<br \/>\nM\u00e5ndag &#8211; s\u00f6ndag 12:00 &#8211; 14:00<\/p>\n<p>H\u00e4mtning och l\u00e4mning av inackordering kl. 09:30 &#8211; 14:30<\/p>\n<p>Ibland kan det vara st\u00e4ngt p.g.a. personalbrist.<\/p>\n","protected":false},"excerpt":{"rendered":"<p>FINNTORPS KATTHEM Finntorpsv\u00e4gen 4 611 45 NYK\u00d6PING Telefon: 0155 &#8211; 21 76 32 E-post: nykoping@djurskyddet.se Karta: klicka h\u00e4r \u00d6PPETTIDER M\u00e5ndag &#8211; s\u00f6ndag 12:00 &#8211; 14:00 H\u00e4mtning och l\u00e4mning av inackordering kl. 09:30 &#8211; 14:30 Ibland kan det vara st\u00e4ngt p.g.a. personalbrist.<\/p>\n","protected":false},"author":3,"featured_media":0,"parent":5499,"menu_order":0,"comment_status":"closed","ping_status":"closed","template":"page-templates\/left-sidebar.php","meta":{"_acf_changed":false,"footnotes":""},"class_list":["post-5547","page","type-page","status-publish","hentry"],"acf":[],"_links":{"self":[{"href":"https:\/\/www.djurskyddet.se\/nykoping\/wp-json\/wp\/v2\/pages\/5547","targetHints":{"allow":["GET"]}}],"collection":[{"href":"https:\/\/www.djurskyddet.se\/nykoping\/wp-json\/wp\/v2\/pages"}],"about":[{"href":"https:\/\/www.djurskyddet.se\/nykoping\/wp-json\/wp\/v2\/types\/page"}],"author":[{"embeddable":true,"href":"https:\/\/www.djurskyddet.se\/nykoping\/wp-json\/wp\/v2\/users\/3"}],"replies":[{"embeddable":true,"href":"https:\/\/www.djurskyddet.se\/nykoping\/wp-json\/wp\/v2\/comments?post=5547"}],"version-history":[{"count":15,"href":"https:\/\/www.djurskyddet.se\/nykoping\/wp-json\/wp\/v2\/pages\/5547\/revisions"}],"predecessor-version":[{"id":6815,"href":"https:\/\/www.djurskyddet.se\/nykoping\/wp-json\/wp\/v2\/pages\/5547\/revisions\/6815"}],"up":[{"embeddable":true,"href":"https:\/\/www.djurskyddet.se\/nykoping\/wp-json\/wp\/v2\/pages\/5499"}],"wp:attachment":[{"href":"https:\/\/www.djurskyddet.se\/nykoping\/wp-json\/wp\/v2\/media?parent=5547"}],"curies":[{"name":"wp","href":"https:\/\/api.w.org\/{rel}","templated":true}]}}