{"id":5559,"date":"2018-05-24T07:41:28","date_gmt":"2018-05-24T07:41:28","guid":{"rendered":"http:\/\/www.djurskyddet.se\/nykoping\/?page_id=5559"},"modified":"2025-10-01T09:40:52","modified_gmt":"2025-10-01T09:40:52","slug":"bli-medlem","status":"publish","type":"page","link":"https:\/\/www.djurskyddet.se\/nykoping\/stod-oss\/bli-medlem\/","title":{"rendered":"Bli medlem"},"content":{"rendered":"\n<p>Medlemskap i Djurskyddet Nyk\u00f6ping kostar 200 kr per \u00e5r. Du st\u00f6ttar d\u00e5 djuren och v\u00e5rt arbete. Sj\u00e4lvklart har du ocks\u00e5 har r\u00f6str\u00e4tt p\u00e5 v\u00e5rt \u00e5rsm\u00f6te. OBS! Medlemskapet \u00e4r inte baserat p\u00e5 kalender\u00e5r, utan om du blir medlem i dag f\u00e5r du en f\u00f6rfr\u00e5gan om att f\u00f6rl\u00e4nga ditt medlemskap om 12 m\u00e5nader.<\/p>\n\n\n\n<p><span data-contrast=\"auto\">Som medlem i Djurskyddet Nyk\u00f6ping \u00e4r du ocks\u00e5 medlem i riksf\u00f6rbundet Djurskyddet Sverige och f\u00e5r Tidningen Djurskyddet fyra g\u00e5nger per \u00e5r, b\u00e5de i brevl\u00e5dan och i appen TD. Ladda ner den d\u00e4r appar finns! Dessutom kan du l\u00e4sa intressanta djurskyddsnyheter p\u00e5 <\/span><b><a href=\"https:\/\/tidningen.djurskyddet.se\/\"><span data-contrast=\"auto\">webbtidningen<\/span><\/a><\/b><span data-contrast=\"auto\"><a href=\"https:\/\/tidningen.djurskyddet.se\/\"> <\/a>och kan ta del av ett antal\u202ffina <\/span><b><span data-contrast=\"auto\"><a href=\"https:\/\/www.djurskyddet.se\/stod-oss\/bli-medlem\/medlemsformaner\/\">medlemsf\u00f6rm\u00e5ner<\/a><\/span><\/b><span data-contrast=\"auto\">, s\u00e5som rabatt hos olika n\u00e4tbutiker.\u00a0<\/span><\/p>\n\n\n\n<p><span data-contrast=\"auto\">Registrera dig som medlem p\u00e5\u202fDjurskyddet Sveriges hemsida. <strong>Se till att v\u00e4lja Djurskyddet Nyk\u00f6ping<\/strong> som din lokalf\u00f6rening.\u00a0<\/span><\/p>\n\n\n\n<div class=\"wp-block-buttons is-layout-flex wp-block-buttons-is-layout-flex\">\n<div class=\"wp-block-button has-custom-font-size has-small-font-size\"><a class=\"wp-block-button__link has-white-color has-text-color has-background has-link-color wp-element-button\" href=\"https:\/\/donation.djurskyddet.se\/s\/medlem\" style=\"background-color:#00a64a\">Bli medlem h\u00e4r<\/a><\/div>\n<\/div>\n\n\n\n<p><\/p>\n\n\n\n<p><strong>T\u00e4nk p\u00e5 att ju fler medlemmar vi \u00e4r &#8211; Ju fler djur kan vi hj\u00e4lpa.<\/strong><\/p>\n","protected":false},"excerpt":{"rendered":"<p>Medlemskap i Djurskyddet Nyk\u00f6ping kostar 200 kr per \u00e5r. Du st\u00f6ttar d\u00e5 djuren och v\u00e5rt arbete. Sj\u00e4lvklart har du ocks\u00e5 har r\u00f6str\u00e4tt p\u00e5 v\u00e5rt \u00e5rsm\u00f6te. OBS! Medlemskapet \u00e4r inte baserat p\u00e5 kalender\u00e5r, utan om du blir medlem i dag f\u00e5r du en f\u00f6rfr\u00e5gan om att f\u00f6rl\u00e4nga ditt medlemskap om 12 m\u00e5nader. Som medlem i Djurskyddet Nyk\u00f6ping \u00e4r du ocks\u00e5 medlem i riksf\u00f6rbundet Djurskyddet Sverige och f\u00e5r Tidningen Djurskyddet fyra g\u00e5nger&hellip;<\/p>\n<p><a class=\"more-link\" href=\"https:\/\/www.djurskyddet.se\/nykoping\/stod-oss\/bli-medlem\/\" title=\"Continue reading &lsquo;Bli medlem&rsquo;\">L&auml;s mer<span class=\"meta-nav\">&raquo;<\/span><\/a><\/p>\n","protected":false},"author":3,"featured_media":0,"parent":5537,"menu_order":0,"comment_status":"closed","ping_status":"closed","template":"page-templates\/left-sidebar.php","meta":{"_acf_changed":false,"footnotes":""},"class_list":["post-5559","page","type-page","status-publish","hentry"],"acf":[],"_links":{"self":[{"href":"https:\/\/www.djurskyddet.se\/nykoping\/wp-json\/wp\/v2\/pages\/5559","targetHints":{"allow":["GET"]}}],"collection":[{"href":"https:\/\/www.djurskyddet.se\/nykoping\/wp-json\/wp\/v2\/pages"}],"about":[{"href":"https:\/\/www.djurskyddet.se\/nykoping\/wp-json\/wp\/v2\/types\/page"}],"author":[{"embeddable":true,"href":"https:\/\/www.djurskyddet.se\/nykoping\/wp-json\/wp\/v2\/users\/3"}],"replies":[{"embeddable":true,"href":"https:\/\/www.djurskyddet.se\/nykoping\/wp-json\/wp\/v2\/comments?post=5559"}],"version-history":[{"count":23,"href":"https:\/\/www.djurskyddet.se\/nykoping\/wp-json\/wp\/v2\/pages\/5559\/revisions"}],"predecessor-version":[{"id":7063,"href":"https:\/\/www.djurskyddet.se\/nykoping\/wp-json\/wp\/v2\/pages\/5559\/revisions\/7063"}],"up":[{"embeddable":true,"href":"https:\/\/www.djurskyddet.se\/nykoping\/wp-json\/wp\/v2\/pages\/5537"}],"wp:attachment":[{"href":"https:\/\/www.djurskyddet.se\/nykoping\/wp-json\/wp\/v2\/media?parent=5559"}],"curies":[{"name":"wp","href":"https:\/\/api.w.org\/{rel}","templated":true}]}}