{"id":5561,"date":"2018-05-24T07:41:51","date_gmt":"2018-05-24T07:41:51","guid":{"rendered":"http:\/\/www.djurskyddet.se\/nykoping\/?page_id=5561"},"modified":"2018-07-05T07:52:55","modified_gmt":"2018-07-05T07:52:55","slug":"bli-volontar","status":"publish","type":"page","link":"https:\/\/www.djurskyddet.se\/nykoping\/stod-oss\/bli-volontar\/","title":{"rendered":"Bli volont\u00e4r"},"content":{"rendered":"<h3>Volont\u00e4rarbete<\/h3>\n<p>I dagsl\u00e4get \u00e4r vi ca 7 personer som jobbar p\u00e5 Finntorps Katthem. Vi \u00e4r alla i olika \u00e5ldrar, men det som h\u00e5ller ihop oss \u00e4r intresset f\u00f6r katter.<\/p>\n<p>Vi letar alltid efter fler medhj\u00e4lpare, s\u00e5 kontakta oss om du \u00e4r intresserad. Det \u00e4r ett j\u00e4ttemysigt jobb med m\u00e5nga underbara katter.<\/p>\n<p><strong>Vi kan skr\u00e4ddarsy arbetstider som passar just f\u00f6r dig.<\/strong><\/p>\n","protected":false},"excerpt":{"rendered":"<p>Volont\u00e4rarbete I dagsl\u00e4get \u00e4r vi ca 7 personer som jobbar p\u00e5 Finntorps Katthem. Vi \u00e4r alla i olika \u00e5ldrar, men det som h\u00e5ller ihop oss \u00e4r intresset f\u00f6r katter. Vi letar alltid efter fler medhj\u00e4lpare, s\u00e5 kontakta oss om du \u00e4r intresserad. Det \u00e4r ett j\u00e4ttemysigt jobb med m\u00e5nga underbara katter. Vi kan skr\u00e4ddarsy arbetstider som passar just f\u00f6r dig.<\/p>\n","protected":false},"author":3,"featured_media":0,"parent":5537,"menu_order":0,"comment_status":"closed","ping_status":"closed","template":"page-templates\/left-sidebar.php","meta":{"_acf_changed":false,"footnotes":""},"class_list":["post-5561","page","type-page","status-publish","hentry"],"acf":[],"_links":{"self":[{"href":"https:\/\/www.djurskyddet.se\/nykoping\/wp-json\/wp\/v2\/pages\/5561","targetHints":{"allow":["GET"]}}],"collection":[{"href":"https:\/\/www.djurskyddet.se\/nykoping\/wp-json\/wp\/v2\/pages"}],"about":[{"href":"https:\/\/www.djurskyddet.se\/nykoping\/wp-json\/wp\/v2\/types\/page"}],"author":[{"embeddable":true,"href":"https:\/\/www.djurskyddet.se\/nykoping\/wp-json\/wp\/v2\/users\/3"}],"replies":[{"embeddable":true,"href":"https:\/\/www.djurskyddet.se\/nykoping\/wp-json\/wp\/v2\/comments?post=5561"}],"version-history":[{"count":5,"href":"https:\/\/www.djurskyddet.se\/nykoping\/wp-json\/wp\/v2\/pages\/5561\/revisions"}],"predecessor-version":[{"id":5743,"href":"https:\/\/www.djurskyddet.se\/nykoping\/wp-json\/wp\/v2\/pages\/5561\/revisions\/5743"}],"up":[{"embeddable":true,"href":"https:\/\/www.djurskyddet.se\/nykoping\/wp-json\/wp\/v2\/pages\/5537"}],"wp:attachment":[{"href":"https:\/\/www.djurskyddet.se\/nykoping\/wp-json\/wp\/v2\/media?parent=5561"}],"curies":[{"name":"wp","href":"https:\/\/api.w.org\/{rel}","templated":true}]}}