{"id":5563,"date":"2018-05-24T07:42:17","date_gmt":"2018-05-24T07:42:17","guid":{"rendered":"http:\/\/www.djurskyddet.se\/nykoping\/?page_id=5563"},"modified":"2024-07-17T09:36:55","modified_gmt":"2024-07-17T09:36:55","slug":"sponsorer","status":"publish","type":"page","link":"https:\/\/www.djurskyddet.se\/nykoping\/stod-oss\/sponsorer\/","title":{"rendered":"Sponsorer"},"content":{"rendered":"<h3>Dessa f\u00f6retag\/f\u00f6reningar\/verksamheter st\u00f6der oss i v\u00e5rt arbete f\u00f6r djurens b\u00e4sta!<\/h3>\n<p>Tusen tack f\u00f6r all den hj\u00e4lp vi f\u00e5r av er f\u00f6r att kunna hj\u00e4lpa djuren.<\/p>\n<h2><strong>IF f\u00f6rs\u00e4kring<\/strong><\/h2>\n<p><a href=\"http:\/\/www.if.se\/privat\/partner\/djurskyddet\/start\"><img loading=\"lazy\" decoding=\"async\" class=\"alignnone wp-image-6639 \" src=\"https:\/\/www.djurskyddet.se\/nykoping\/wp-content\/uploads\/sites\/17\/2021\/12\/If_Logotype_Blue_RGB_beskuren-300x300.png\" alt=\"\" width=\"208\" height=\"208\" srcset=\"https:\/\/www.djurskyddet.se\/nykoping\/wp-content\/uploads\/sites\/17\/2021\/12\/If_Logotype_Blue_RGB_beskuren-300x300.png 300w, https:\/\/www.djurskyddet.se\/nykoping\/wp-content\/uploads\/sites\/17\/2021\/12\/If_Logotype_Blue_RGB_beskuren-150x150.png 150w, https:\/\/www.djurskyddet.se\/nykoping\/wp-content\/uploads\/sites\/17\/2021\/12\/If_Logotype_Blue_RGB_beskuren-400x400.png 400w, https:\/\/www.djurskyddet.se\/nykoping\/wp-content\/uploads\/sites\/17\/2021\/12\/If_Logotype_Blue_RGB_beskuren.png 480w\" sizes=\"auto, (max-width: 208px) 100vw, 208px\" \/><\/a><\/p>\n<h2><strong>V\u00e5ra katter \u00e4ter kvalitetsfodret fr\u00e5n Hills<\/strong><\/h2>\n<p><img loading=\"lazy\" decoding=\"async\" class=\"alignnone size-full wp-image-6607\" src=\"https:\/\/www.djurskyddet.se\/nykoping\/wp-content\/uploads\/sites\/17\/2021\/09\/Hills_TransformingLives_Logo.png\" alt=\"\" width=\"170\" height=\"168\" \/><\/p>\n<h2><strong>Best Friend<\/strong><\/h2>\n<p><img loading=\"lazy\" decoding=\"async\" class=\"alignnone size-medium wp-image-6606\" src=\"https:\/\/www.djurskyddet.se\/nykoping\/wp-content\/uploads\/sites\/17\/2021\/09\/BestFriend_CMYK-300x97.png\" alt=\"\" width=\"300\" height=\"97\" srcset=\"https:\/\/www.djurskyddet.se\/nykoping\/wp-content\/uploads\/sites\/17\/2021\/09\/BestFriend_CMYK-300x97.png 300w, https:\/\/www.djurskyddet.se\/nykoping\/wp-content\/uploads\/sites\/17\/2021\/09\/BestFriend_CMYK-1024x333.png 1024w, https:\/\/www.djurskyddet.se\/nykoping\/wp-content\/uploads\/sites\/17\/2021\/09\/BestFriend_CMYK-768x249.png 768w, https:\/\/www.djurskyddet.se\/nykoping\/wp-content\/uploads\/sites\/17\/2021\/09\/BestFriend_CMYK-1536x499.png 1536w, https:\/\/www.djurskyddet.se\/nykoping\/wp-content\/uploads\/sites\/17\/2021\/09\/BestFriend_CMYK-400x130.png 400w, https:\/\/www.djurskyddet.se\/nykoping\/wp-content\/uploads\/sites\/17\/2021\/09\/BestFriend_CMYK.png 1626w\" sizes=\"auto, (max-width: 300px) 100vw, 300px\" \/><\/p>\n<h2><strong>ICA Knuten<\/strong><\/h2>\n<h2><strong>Arken Zoo<\/strong><\/h2>\n<p><b>Godishuset Nyk\u00f6ping\u00a0<\/b><\/p>\n<p><b>NA Svensson (Woody Byghandel)<\/b><\/p>\n<p><b>B\u00f6nornas Delikatesser<\/b><\/p>\n<p><b>Mc Donalds<\/b><\/p>\n<p><b>Jacks Cyckel<\/b><\/p>\n<p><b>Hemk\u00f6p<\/b><\/p>\n<p><b>Glada hundar<\/b><\/p>\n<p><b>Arken Zoo Veterin\u00e4rsklinik<\/b><\/p>\n<p><b>Distriktsveterin\u00e4rerna\u00a0<\/b><\/p>\n<p>R\u00f6da Korset<\/p>\n<p>Blomsterlandet<\/p>\n<p>H\u00e5rmixarna<\/p>\n<p>VMV<\/p>\n","protected":false},"excerpt":{"rendered":"<p>Dessa f\u00f6retag\/f\u00f6reningar\/verksamheter st\u00f6der oss i v\u00e5rt arbete f\u00f6r djurens b\u00e4sta! Tusen tack f\u00f6r all den hj\u00e4lp vi f\u00e5r av er f\u00f6r att kunna hj\u00e4lpa djuren. IF f\u00f6rs\u00e4kring V\u00e5ra katter \u00e4ter kvalitetsfodret fr\u00e5n Hills Best Friend ICA Knuten Arken Zoo Godishuset Nyk\u00f6ping\u00a0 NA Svensson (Woody Byghandel) B\u00f6nornas Delikatesser Mc Donalds Jacks Cyckel Hemk\u00f6p Glada hundar Arken Zoo Veterin\u00e4rsklinik Distriktsveterin\u00e4rerna\u00a0 R\u00f6da Korset Blomsterlandet H\u00e5rmixarna VMV<\/p>\n","protected":false},"author":3,"featured_media":0,"parent":5537,"menu_order":0,"comment_status":"closed","ping_status":"closed","template":"page-templates\/left-sidebar.php","meta":{"_acf_changed":false,"footnotes":""},"class_list":["post-5563","page","type-page","status-publish","hentry"],"acf":[],"_links":{"self":[{"href":"https:\/\/www.djurskyddet.se\/nykoping\/wp-json\/wp\/v2\/pages\/5563","targetHints":{"allow":["GET"]}}],"collection":[{"href":"https:\/\/www.djurskyddet.se\/nykoping\/wp-json\/wp\/v2\/pages"}],"about":[{"href":"https:\/\/www.djurskyddet.se\/nykoping\/wp-json\/wp\/v2\/types\/page"}],"author":[{"embeddable":true,"href":"https:\/\/www.djurskyddet.se\/nykoping\/wp-json\/wp\/v2\/users\/3"}],"replies":[{"embeddable":true,"href":"https:\/\/www.djurskyddet.se\/nykoping\/wp-json\/wp\/v2\/comments?post=5563"}],"version-history":[{"count":19,"href":"https:\/\/www.djurskyddet.se\/nykoping\/wp-json\/wp\/v2\/pages\/5563\/revisions"}],"predecessor-version":[{"id":6930,"href":"https:\/\/www.djurskyddet.se\/nykoping\/wp-json\/wp\/v2\/pages\/5563\/revisions\/6930"}],"up":[{"embeddable":true,"href":"https:\/\/www.djurskyddet.se\/nykoping\/wp-json\/wp\/v2\/pages\/5537"}],"wp:attachment":[{"href":"https:\/\/www.djurskyddet.se\/nykoping\/wp-json\/wp\/v2\/media?parent=5563"}],"curies":[{"name":"wp","href":"https:\/\/api.w.org\/{rel}","templated":true}]}}