{"id":5591,"date":"2018-05-24T08:59:40","date_gmt":"2018-05-24T08:59:40","guid":{"rendered":"http:\/\/www.djurskyddet.se\/nykoping\/?page_id=5591"},"modified":"2018-08-21T14:19:41","modified_gmt":"2018-08-21T14:19:41","slug":"testamentera","status":"publish","type":"page","link":"https:\/\/www.djurskyddet.se\/nykoping\/stod-oss\/testamentera\/","title":{"rendered":"Testamentera"},"content":{"rendered":"<h3>L\u00e5t din omtanke om djuren leva vidare<\/h3>\n<p>Det finns ett stort antal djurv\u00e4nner som under sin livstid har stort engagemang och \u00e4gnar mycket tid \u00e5t sina s\u00e4llskapsdjur eller djurskyddsfr\u00e5gor i stort, och som k\u00e4nner att v\u00e5r f\u00f6rening skulle kunna vara en l\u00e4mplig mottagare av eventuella g\u00e5vor eller donationer. M\u00e5nga g\u00e5nger \u00e4r det sv\u00e5rt att avg\u00f6ra om en f\u00f6rening \u00e4r seri\u00f6s i sin verksamhet eller att den \u00f6ver huvud taget existerar. Vi vill d\u00e4rf\u00f6r ber\u00e4tta lite om v\u00e5r f\u00f6rening och om hur vi arbetar.<\/p>\n<p>Vi \u00e4r en lokal djurskyddsf\u00f6rening och en av ca 50 f\u00f6reningar som \u00e4r ansluten till riksf\u00f6rbundet <a href=\"http:\/\/www.djurskyddet.se\" rel=\"noopener\" target=\"_blank\">Djurskyddet Sverige<\/a>. Vi arbetar med att f\u00f6rb\u00e4ttra djurskyddet lokalt, bland annat genom att vi omplacerar katter p\u00e5 v\u00e5rt Katthem. Vi arbetar ocks\u00e5 med informationsspridning om djurskydd i l\u00e4net. Vi har en styrelse som arbetar p\u00e5 ideell basis.<\/p>\n<p>Kontakta g\u00e4rna oss eller l\u00e4s mer p\u00e5 <a href=\"http:\/\/www.djurskyddet.se\/stod-oss\/testamentera\/\" target=\"_blank\" rel=\"noopener\">Djurskyddet Sveriges hemsida<\/a> f\u00f6r mer information om hur du testamenterar till oss.<\/p>\n","protected":false},"excerpt":{"rendered":"<p>L\u00e5t din omtanke om djuren leva vidare Det finns ett stort antal djurv\u00e4nner som under sin livstid har stort engagemang och \u00e4gnar mycket tid \u00e5t sina s\u00e4llskapsdjur eller djurskyddsfr\u00e5gor i stort, och som k\u00e4nner att v\u00e5r f\u00f6rening skulle kunna vara en l\u00e4mplig mottagare av eventuella g\u00e5vor eller donationer. M\u00e5nga g\u00e5nger \u00e4r det sv\u00e5rt att avg\u00f6ra om en f\u00f6rening \u00e4r seri\u00f6s i sin verksamhet eller att den \u00f6ver huvud taget existerar.&hellip;<\/p>\n<p><a class=\"more-link\" href=\"https:\/\/www.djurskyddet.se\/nykoping\/stod-oss\/testamentera\/\" title=\"Continue reading &lsquo;Testamentera&rsquo;\">L&auml;s mer<span class=\"meta-nav\">&raquo;<\/span><\/a><\/p>\n","protected":false},"author":3,"featured_media":0,"parent":5537,"menu_order":0,"comment_status":"closed","ping_status":"closed","template":"page-templates\/left-sidebar.php","meta":{"_acf_changed":false,"footnotes":""},"class_list":["post-5591","page","type-page","status-publish","hentry"],"acf":[],"_links":{"self":[{"href":"https:\/\/www.djurskyddet.se\/nykoping\/wp-json\/wp\/v2\/pages\/5591","targetHints":{"allow":["GET"]}}],"collection":[{"href":"https:\/\/www.djurskyddet.se\/nykoping\/wp-json\/wp\/v2\/pages"}],"about":[{"href":"https:\/\/www.djurskyddet.se\/nykoping\/wp-json\/wp\/v2\/types\/page"}],"author":[{"embeddable":true,"href":"https:\/\/www.djurskyddet.se\/nykoping\/wp-json\/wp\/v2\/users\/3"}],"replies":[{"embeddable":true,"href":"https:\/\/www.djurskyddet.se\/nykoping\/wp-json\/wp\/v2\/comments?post=5591"}],"version-history":[{"count":7,"href":"https:\/\/www.djurskyddet.se\/nykoping\/wp-json\/wp\/v2\/pages\/5591\/revisions"}],"predecessor-version":[{"id":5775,"href":"https:\/\/www.djurskyddet.se\/nykoping\/wp-json\/wp\/v2\/pages\/5591\/revisions\/5775"}],"up":[{"embeddable":true,"href":"https:\/\/www.djurskyddet.se\/nykoping\/wp-json\/wp\/v2\/pages\/5537"}],"wp:attachment":[{"href":"https:\/\/www.djurskyddet.se\/nykoping\/wp-json\/wp\/v2\/media?parent=5591"}],"curies":[{"name":"wp","href":"https:\/\/api.w.org\/{rel}","templated":true}]}}