{"id":5639,"date":"2018-05-25T08:25:59","date_gmt":"2018-05-25T08:25:59","guid":{"rendered":"http:\/\/www.djurskyddet.se\/nykoping\/?page_id=5639"},"modified":"2018-08-15T12:09:14","modified_gmt":"2018-08-15T12:09:14","slug":"saknade-upphittade-katter","status":"publish","type":"page","link":"https:\/\/www.djurskyddet.se\/nykoping\/saknade-upphittade-katter\/","title":{"rendered":"Saknade\/upphittade katter"},"content":{"rendered":"<p>Om du saknar din katt kan du kontakta katthemmet. Vi har ett register \u00f6ver saknade \/ upphittade katter.<\/p>\n<p>P\u00e5 <a href=\"http:\/\/www.vilse.nu\" target=\"_blank\" rel=\"noopener\">vilse.nu<\/a> kan du annonsera saknade och upphittade katter.<\/p>\n<p>S\u00e4tt \u00e4ven in en annons i din lokala tidning under saknat. G\u00e4rna med en bild p\u00e5 katten.<\/p>\n<p>Om du hittar en \u00f6vergiven katt \u00e4r det ett par saker du ska g\u00f6ra innan du kontaktar katthemmet. Kolla om katten \u00e4r id-m\u00e4rkt. Om s\u00e5 \u00e4r fallet kan du kontakta Svenska Kennelklubben. Dom har ett \u00e4garregister p\u00e5 alla m\u00e4rkta katter; <a href=\"http:\/\/www.djurid.se\" target=\"_blank\" rel=\"noopener\">www.djurid.se<\/a><\/p>\n<p>Annonsera katten som upphittad i lokaltidningen.<\/p>\n<p>Om kattens \u00e4gare ej g\u00e5r att hitta &#8211; ring till katthemmet s\u00e5 kollar vi om den finns saknad i v\u00e5ra register.<\/p>\n<p>Under sommaren har vi tyv\u00e4rr bara m\u00f6jlighet att ta emot kattungar samt dr\u00e4ktiga honkatter.<\/p>\n<p>N\u00e4r katten kommer till oss blir den f\u00f6rst placerad i karant\u00e4n d\u00e4r Veterin\u00e4ren kollar statusen p\u00e5 katten. Vistelsen i karant\u00e4n \u00e4r minst 3 veckor och under tiden blir katten vaccinerad 2 g\u00e5nger, kastrerad, id-m\u00e4rkt och avmaskad. En del blir \u00e4ven behandlade f\u00f6r \u00f6ronskabb, f\u00e5r antibiotika och genomg\u00e5r andra medicinska \u00e5tg\u00e4rder. N\u00e4r allt detta \u00e4r gjort flyttas kissen till stora huset.<\/p>\n","protected":false},"excerpt":{"rendered":"<p>Om du saknar din katt kan du kontakta katthemmet. Vi har ett register \u00f6ver saknade \/ upphittade katter. P\u00e5 vilse.nu kan du annonsera saknade och upphittade katter. S\u00e4tt \u00e4ven in en annons i din lokala tidning under saknat. G\u00e4rna med en bild p\u00e5 katten. Om du hittar en \u00f6vergiven katt \u00e4r det ett par saker du ska g\u00f6ra innan du kontaktar katthemmet. Kolla om katten \u00e4r id-m\u00e4rkt. Om s\u00e5 \u00e4r&hellip;<\/p>\n<p><a class=\"more-link\" href=\"https:\/\/www.djurskyddet.se\/nykoping\/saknade-upphittade-katter\/\" title=\"Continue reading &lsquo;Saknade\/upphittade katter&rsquo;\">L&auml;s mer<span class=\"meta-nav\">&raquo;<\/span><\/a><\/p>\n","protected":false},"author":3,"featured_media":0,"parent":0,"menu_order":0,"comment_status":"closed","ping_status":"closed","template":"page-templates\/left-sidebar.php","meta":{"_acf_changed":false,"footnotes":""},"class_list":["post-5639","page","type-page","status-publish","hentry"],"acf":[],"_links":{"self":[{"href":"https:\/\/www.djurskyddet.se\/nykoping\/wp-json\/wp\/v2\/pages\/5639","targetHints":{"allow":["GET"]}}],"collection":[{"href":"https:\/\/www.djurskyddet.se\/nykoping\/wp-json\/wp\/v2\/pages"}],"about":[{"href":"https:\/\/www.djurskyddet.se\/nykoping\/wp-json\/wp\/v2\/types\/page"}],"author":[{"embeddable":true,"href":"https:\/\/www.djurskyddet.se\/nykoping\/wp-json\/wp\/v2\/users\/3"}],"replies":[{"embeddable":true,"href":"https:\/\/www.djurskyddet.se\/nykoping\/wp-json\/wp\/v2\/comments?post=5639"}],"version-history":[{"count":9,"href":"https:\/\/www.djurskyddet.se\/nykoping\/wp-json\/wp\/v2\/pages\/5639\/revisions"}],"predecessor-version":[{"id":5764,"href":"https:\/\/www.djurskyddet.se\/nykoping\/wp-json\/wp\/v2\/pages\/5639\/revisions\/5764"}],"wp:attachment":[{"href":"https:\/\/www.djurskyddet.se\/nykoping\/wp-json\/wp\/v2\/media?parent=5639"}],"curies":[{"name":"wp","href":"https:\/\/api.w.org\/{rel}","templated":true}]}}