{"id":5583,"date":"2020-12-10T09:51:06","date_gmt":"2020-12-10T09:51:06","guid":{"rendered":"https:\/\/www.djurskyddet.se\/saffleamal\/?page_id=5583"},"modified":"2024-07-10T12:10:52","modified_gmt":"2024-07-10T12:10:52","slug":"om-oss","status":"publish","type":"page","link":"https:\/\/www.djurskyddet.se\/saffleamal\/om-oss\/","title":{"rendered":"Om oss"},"content":{"rendered":"\n<p>Djurskyddet S\u00e4ffle-\u00c5m\u00e5l\u00a0\u00e4r en lokalf\u00f6rening inom Djurskyddet Sverige. Allt arbete sker ideellt. Verksamheten finansieras med hj\u00e4lp av g\u00e5vor, arv, bidrag fr\u00e5n Djurskyddet Sverige och medlemsavgifter. <\/p>\n\n\n\n<p>Djurskyddet S\u00e4ffle-\u00c5m\u00e5l driver Trolldalens Djurhem med omh\u00e4ndertagande och omplacering av heml\u00f6sa katter. Detta tar det mesta av tid och resurser. I \u00f6vrigt arbetar f\u00f6reningen med att sprida information om god djurh\u00e5llning.<\/p>\n\n\n\n<p>Djurskyddet S\u00e4ffle-\u00c5m\u00e5l kan hj\u00e4lpa till i djurskydds\u00e4renden, men eftersom vi inte \u00e4r en myndighet har vi heller ingen r\u00e4ttighet att agera som en s\u00e5dan. Det inneb\u00e4r att vi exempelvis <em>inte <\/em>kan h\u00e4mta djur utan \u00e4garens tillst\u00e5nd eller utan uppdrag av myndigheter vid de fall det finns en \u00e4gare till djuret.<br>Vi samarbetar med l\u00e4nsstyrelsen, veterin\u00e4r och polis.<\/p>\n\n\n\n<p>Arbetet utf\u00f6rs p\u00e5 ideell basis av v\u00e5ra medlemmar. <strong>Din hj\u00e4lp<\/strong> \u00e4r alltid v\u00e4lkommen, oavsett om det \u00e4r genom ideellt arbete som medlem eller ekonomiskt bidrag Du vill tillf\u00f6ra. Det \u00e4r genom detta som verksamheten kan leva vidare och utvecklas!<\/p>\n\n\n\n<p>Vill Du hj\u00e4lpa till eller veta mer om v\u00e5r f\u00f6rening? Titta vidare p\u00e5 v\u00e5r hemsida!<\/p>\n","protected":false},"excerpt":{"rendered":"<p>Djurskyddet S\u00e4ffle-\u00c5m\u00e5l\u00a0\u00e4r en lokalf\u00f6rening inom Djurskyddet Sverige. Allt arbete sker ideellt. Verksamheten finansieras med hj\u00e4lp av g\u00e5vor, arv, bidrag fr\u00e5n Djurskyddet Sverige och medlemsavgifter. Djurskyddet S\u00e4ffle-\u00c5m\u00e5l driver Trolldalens Djurhem med omh\u00e4ndertagande och omplacering av heml\u00f6sa katter. Detta tar det mesta av tid och resurser. I \u00f6vrigt arbetar f\u00f6reningen med att sprida information om god djurh\u00e5llning. Djurskyddet S\u00e4ffle-\u00c5m\u00e5l kan hj\u00e4lpa till i djurskydds\u00e4renden, men eftersom vi inte \u00e4r en myndighet har&hellip;<\/p>\n<p><a class=\"more-link\" href=\"https:\/\/www.djurskyddet.se\/saffleamal\/om-oss\/\" title=\"Continue reading &lsquo;Om oss&rsquo;\">L&auml;s mer<span class=\"meta-nav\">&raquo;<\/span><\/a><\/p>\n","protected":false},"author":3,"featured_media":0,"parent":0,"menu_order":0,"comment_status":"closed","ping_status":"closed","template":"left-sidebar.php","meta":{"_acf_changed":false,"footnotes":""},"class_list":["post-5583","page","type-page","status-publish","hentry"],"acf":[],"_links":{"self":[{"href":"https:\/\/www.djurskyddet.se\/saffleamal\/wp-json\/wp\/v2\/pages\/5583","targetHints":{"allow":["GET"]}}],"collection":[{"href":"https:\/\/www.djurskyddet.se\/saffleamal\/wp-json\/wp\/v2\/pages"}],"about":[{"href":"https:\/\/www.djurskyddet.se\/saffleamal\/wp-json\/wp\/v2\/types\/page"}],"author":[{"embeddable":true,"href":"https:\/\/www.djurskyddet.se\/saffleamal\/wp-json\/wp\/v2\/users\/3"}],"replies":[{"embeddable":true,"href":"https:\/\/www.djurskyddet.se\/saffleamal\/wp-json\/wp\/v2\/comments?post=5583"}],"version-history":[{"count":2,"href":"https:\/\/www.djurskyddet.se\/saffleamal\/wp-json\/wp\/v2\/pages\/5583\/revisions"}],"predecessor-version":[{"id":5778,"href":"https:\/\/www.djurskyddet.se\/saffleamal\/wp-json\/wp\/v2\/pages\/5583\/revisions\/5778"}],"wp:attachment":[{"href":"https:\/\/www.djurskyddet.se\/saffleamal\/wp-json\/wp\/v2\/media?parent=5583"}],"curies":[{"name":"wp","href":"https:\/\/api.w.org\/{rel}","templated":true}]}}