{"id":5585,"date":"2020-12-10T09:52:36","date_gmt":"2020-12-10T09:52:36","guid":{"rendered":"https:\/\/www.djurskyddet.se\/saffleamal\/?page_id=5585"},"modified":"2024-06-12T08:49:50","modified_gmt":"2024-06-12T08:49:50","slug":"stadgar","status":"publish","type":"page","link":"https:\/\/www.djurskyddet.se\/saffleamal\/stadgar\/","title":{"rendered":"Stadgar"},"content":{"rendered":"\n<p>Djurskyddet S\u00e4ffle-\u00c5m\u00e5ls f\u00f6reningsstadgar hittar du <a href=\"https:\/\/www.djurskyddet.se\/saffleamal\/wp-content\/uploads\/sites\/46\/2024\/06\/Saffle-Amal-stadgar.pdf\">h\u00e4r<\/a>.<\/p>\n","protected":false},"excerpt":{"rendered":"<p>Djurskyddet S\u00e4ffle-\u00c5m\u00e5ls f\u00f6reningsstadgar hittar du h\u00e4r.<\/p>\n","protected":false},"author":3,"featured_media":0,"parent":0,"menu_order":0,"comment_status":"closed","ping_status":"closed","template":"left-sidebar.php","meta":{"_acf_changed":false,"footnotes":""},"class_list":["post-5585","page","type-page","status-publish","hentry"],"acf":[],"_links":{"self":[{"href":"https:\/\/www.djurskyddet.se\/saffleamal\/wp-json\/wp\/v2\/pages\/5585","targetHints":{"allow":["GET"]}}],"collection":[{"href":"https:\/\/www.djurskyddet.se\/saffleamal\/wp-json\/wp\/v2\/pages"}],"about":[{"href":"https:\/\/www.djurskyddet.se\/saffleamal\/wp-json\/wp\/v2\/types\/page"}],"author":[{"embeddable":true,"href":"https:\/\/www.djurskyddet.se\/saffleamal\/wp-json\/wp\/v2\/users\/3"}],"replies":[{"embeddable":true,"href":"https:\/\/www.djurskyddet.se\/saffleamal\/wp-json\/wp\/v2\/comments?post=5585"}],"version-history":[{"count":3,"href":"https:\/\/www.djurskyddet.se\/saffleamal\/wp-json\/wp\/v2\/pages\/5585\/revisions"}],"predecessor-version":[{"id":5707,"href":"https:\/\/www.djurskyddet.se\/saffleamal\/wp-json\/wp\/v2\/pages\/5585\/revisions\/5707"}],"wp:attachment":[{"href":"https:\/\/www.djurskyddet.se\/saffleamal\/wp-json\/wp\/v2\/media?parent=5585"}],"curies":[{"name":"wp","href":"https:\/\/api.w.org\/{rel}","templated":true}]}}