{"id":5588,"date":"2020-12-10T09:53:52","date_gmt":"2020-12-10T09:53:52","guid":{"rendered":"https:\/\/www.djurskyddet.se\/saffleamal\/?page_id=5588"},"modified":"2020-12-10T09:53:52","modified_gmt":"2020-12-10T09:53:52","slug":"historik","status":"publish","type":"page","link":"https:\/\/www.djurskyddet.se\/saffleamal\/historik\/","title":{"rendered":"Historik"},"content":{"rendered":"\n<h1 class=\"wp-block-heading\">Initiativ 1893<\/h1>\n\n\n\n<p>Den 20 maj 1893 h\u00f6ll Karlskrona Allm\u00e4nna Djurskyddsf\u00f6rening sitt f\u00f6rsta styrelsem\u00f6te. P\u00e5 m\u00f6tet tog Ernst Wadstein upp sin \u00f6nskan om att alla djurskyddsf\u00f6reningar i Sverige borde g\u00e5 ihop till ett gemensamt f\u00f6rbund f\u00f6r att f\u00e5 st\u00f6rre genomslagskraft. Svenska Allm\u00e4nna Djurskyddsf\u00f6reningen var intresserade och bad Ernst Wadstein om hj\u00e4lp att f\u00f6rverkliga id\u00e9n. Efter att de lokala f\u00f6reningarna tillfr\u00e5gats om en sammanslutning visade sig 18 stycken vara intresserade av att bilda en centralorganisation.<\/p>\n\n\n\n<h2 class=\"wp-block-heading\">Svenska Djurskyddsf\u00f6reningarnas Centralf\u00f6rbund<\/h2>\n\n\n\n<p>Representanter fr\u00e5n de intresserade f\u00f6reningarna tr\u00e4ffades och arbetade tillsammans fram ett f\u00f6rslag till hur centralorganisationen skulle se ut. Den 4 juni 1897 bildades De Svenska Djurskyddsf\u00f6reningarnas Centralf\u00f6rbund (SDC). Det var startskottet f\u00f6r riksorganisationens arbete som har p\u00e5g\u00e5tt i \u00f6ver 100 \u00e5r.<\/p>\n\n\n\n<h2 class=\"wp-block-heading\">Utbrytarorganisationer<\/h2>\n\n\n\n<p>I juni 1939 var 67 djurskyddsf\u00f6reningar medlemmar i SDC. Svenska Allm\u00e4nna Djurskyddsf\u00f6reningen (numera Svenska Djurskyddsf\u00f6reninigen) och Nordiska Samfundet mot pl\u00e5gsamma djurf\u00f6rs\u00f6k (numera F\u00f6rbundet Djurens R\u00e4tt) var tv\u00e5 av dessa medlemmar. Dessa organisationer l\u00e4mnade SDR p\u00e5 50-talet f\u00f6r att arbeta p\u00e5 egen hand. Vi samarbetar dock \u00e4n idag i viktiga fr\u00e5gor b\u00e5de nationellt och internationellt.<\/p>\n\n\n\n<h2 class=\"wp-block-heading\">Namnbyten<\/h2>\n\n\n\n<p>Riksorganisationen har bytt namn tv\u00e5 g\u00e5nger. F\u00f6rst bytte man 1939 fr\u00e5n Svenska Djurskyddsf\u00f6reningarnas Centralf\u00f6rbund till Sveriges Djurskyddsf\u00f6reningars Riksf\u00f6rbund. Den 1 mars 2004 bytte organisationen namn fr\u00e5n Sveriges Djurskyddsf\u00f6reningars Riksf\u00f6rbund till Djurskyddet Sverige.<\/p>\n","protected":false},"excerpt":{"rendered":"<p>Initiativ 1893 Den 20 maj 1893 h\u00f6ll Karlskrona Allm\u00e4nna Djurskyddsf\u00f6rening sitt f\u00f6rsta styrelsem\u00f6te. P\u00e5 m\u00f6tet tog Ernst Wadstein upp sin \u00f6nskan om att alla djurskyddsf\u00f6reningar i Sverige borde g\u00e5 ihop till ett gemensamt f\u00f6rbund f\u00f6r att f\u00e5 st\u00f6rre genomslagskraft. Svenska Allm\u00e4nna Djurskyddsf\u00f6reningen var intresserade och bad Ernst Wadstein om hj\u00e4lp att f\u00f6rverkliga id\u00e9n. Efter att de lokala f\u00f6reningarna tillfr\u00e5gats om en sammanslutning visade sig 18 stycken vara intresserade av att&hellip;<\/p>\n<p><a class=\"more-link\" href=\"https:\/\/www.djurskyddet.se\/saffleamal\/historik\/\" title=\"Continue reading &lsquo;Historik&rsquo;\">L&auml;s mer<span class=\"meta-nav\">&raquo;<\/span><\/a><\/p>\n","protected":false},"author":3,"featured_media":0,"parent":0,"menu_order":0,"comment_status":"closed","ping_status":"closed","template":"left-sidebar.php","meta":{"_acf_changed":false,"footnotes":""},"class_list":["post-5588","page","type-page","status-publish","hentry"],"acf":[],"_links":{"self":[{"href":"https:\/\/www.djurskyddet.se\/saffleamal\/wp-json\/wp\/v2\/pages\/5588","targetHints":{"allow":["GET"]}}],"collection":[{"href":"https:\/\/www.djurskyddet.se\/saffleamal\/wp-json\/wp\/v2\/pages"}],"about":[{"href":"https:\/\/www.djurskyddet.se\/saffleamal\/wp-json\/wp\/v2\/types\/page"}],"author":[{"embeddable":true,"href":"https:\/\/www.djurskyddet.se\/saffleamal\/wp-json\/wp\/v2\/users\/3"}],"replies":[{"embeddable":true,"href":"https:\/\/www.djurskyddet.se\/saffleamal\/wp-json\/wp\/v2\/comments?post=5588"}],"version-history":[{"count":1,"href":"https:\/\/www.djurskyddet.se\/saffleamal\/wp-json\/wp\/v2\/pages\/5588\/revisions"}],"predecessor-version":[{"id":5589,"href":"https:\/\/www.djurskyddet.se\/saffleamal\/wp-json\/wp\/v2\/pages\/5588\/revisions\/5589"}],"wp:attachment":[{"href":"https:\/\/www.djurskyddet.se\/saffleamal\/wp-json\/wp\/v2\/media?parent=5588"}],"curies":[{"name":"wp","href":"https:\/\/api.w.org\/{rel}","templated":true}]}}