{"id":5591,"date":"2020-12-10T09:54:37","date_gmt":"2020-12-10T09:54:37","guid":{"rendered":"https:\/\/www.djurskyddet.se\/saffleamal\/?page_id=5591"},"modified":"2025-03-30T23:00:04","modified_gmt":"2025-03-30T23:00:04","slug":"styrelse","status":"publish","type":"page","link":"https:\/\/www.djurskyddet.se\/saffleamal\/styrelse\/","title":{"rendered":"Styrelse"},"content":{"rendered":"\n<figure class=\"wp-block-table is-style-stripes\"><table><tbody><tr><td><strong>ORDF\u00d6RANDE<\/strong> <strong>&amp; KASS\u00d6R<\/strong><\/td><td><strong>Britt S\u00f6rqvist Enger<\/strong><\/td><td><strong>S\u00e4ffle<\/strong><\/td><\/tr><tr><td><strong>VICE ORDF\u00d6RANDE<\/strong><\/td><td><strong>Rose-Marie Engstig<\/strong><\/td><td><strong>\u00c5m\u00e5l<\/strong><\/td><\/tr><tr><td><strong>LEDAMOT<\/strong><\/td><td><strong>Susanna Carlsson<\/strong><\/td><td><strong>Mellerud<\/strong><\/td><\/tr><tr><td><strong>LEDAMOT<\/strong><\/td><td><strong>A<strong>nn-Christin Johansson<\/strong><\/strong><\/td><td><strong>\u00c5m\u00e5l<\/strong><\/td><\/tr><tr><td><strong>LEDAMOT<\/strong><\/td><td><strong>Monica Schyman<\/strong><\/td><td><strong>S\u00e4ffle<\/strong><\/td><\/tr><tr><td><\/td><td><\/td><td><\/td><\/tr><tr><td><strong>SUPPLEANT<\/strong><\/td><td><strong>Erika S\u00f6rqvist<\/strong><\/td><td><strong>S\u00e4ffle<\/strong><\/td><\/tr><tr><td><strong><strong>SUPPLEANT<\/strong><\/strong><\/td><td><strong>Birgit Eriksson<\/strong><\/td><td><strong>Segmon<\/strong><\/td><\/tr><tr><td><strong>SUPPLEANT<\/strong><\/td><td><strong>Anna Jansson<\/strong><\/td><td><strong>S\u00e4ffle<\/strong><\/td><\/tr><tr><td><\/td><td><\/td><td><\/td><\/tr><\/tbody><\/table><\/figure>\n\n\n\n<p><\/p>\n","protected":false},"excerpt":{"rendered":"<p>ORDF\u00d6RANDE &amp; KASS\u00d6R Britt S\u00f6rqvist Enger S\u00e4ffle VICE ORDF\u00d6RANDE Rose-Marie Engstig \u00c5m\u00e5l LEDAMOT Susanna Carlsson Mellerud LEDAMOT Ann-Christin Johansson \u00c5m\u00e5l LEDAMOT Monica Schyman S\u00e4ffle SUPPLEANT Erika S\u00f6rqvist S\u00e4ffle SUPPLEANT Birgit Eriksson Segmon SUPPLEANT Anna Jansson S\u00e4ffle<\/p>\n","protected":false},"author":3,"featured_media":0,"parent":0,"menu_order":0,"comment_status":"closed","ping_status":"closed","template":"left-sidebar.php","meta":{"_acf_changed":false,"footnotes":""},"class_list":["post-5591","page","type-page","status-publish","hentry"],"acf":[],"_links":{"self":[{"href":"https:\/\/www.djurskyddet.se\/saffleamal\/wp-json\/wp\/v2\/pages\/5591","targetHints":{"allow":["GET"]}}],"collection":[{"href":"https:\/\/www.djurskyddet.se\/saffleamal\/wp-json\/wp\/v2\/pages"}],"about":[{"href":"https:\/\/www.djurskyddet.se\/saffleamal\/wp-json\/wp\/v2\/types\/page"}],"author":[{"embeddable":true,"href":"https:\/\/www.djurskyddet.se\/saffleamal\/wp-json\/wp\/v2\/users\/3"}],"replies":[{"embeddable":true,"href":"https:\/\/www.djurskyddet.se\/saffleamal\/wp-json\/wp\/v2\/comments?post=5591"}],"version-history":[{"count":7,"href":"https:\/\/www.djurskyddet.se\/saffleamal\/wp-json\/wp\/v2\/pages\/5591\/revisions"}],"predecessor-version":[{"id":6350,"href":"https:\/\/www.djurskyddet.se\/saffleamal\/wp-json\/wp\/v2\/pages\/5591\/revisions\/6350"}],"wp:attachment":[{"href":"https:\/\/www.djurskyddet.se\/saffleamal\/wp-json\/wp\/v2\/media?parent=5591"}],"curies":[{"name":"wp","href":"https:\/\/api.w.org\/{rel}","templated":true}]}}