{"id":5596,"date":"2020-12-10T10:01:19","date_gmt":"2020-12-10T10:01:19","guid":{"rendered":"https:\/\/www.djurskyddet.se\/saffleamal\/?page_id=5596"},"modified":"2024-07-10T11:29:30","modified_gmt":"2024-07-10T11:29:30","slug":"stod-oss","status":"publish","type":"page","link":"https:\/\/www.djurskyddet.se\/saffleamal\/stod-oss\/","title":{"rendered":"St\u00f6d oss"},"content":{"rendered":"\n<p>Det finns flera s\u00e4tt att st\u00f6dja Djurskyddet S\u00e4ffle \u00c5m\u00e5l ekonomiskt. Alla g\u00e5vor anv\u00e4nds till driften av Trolldalens Djurhem inklusive v\u00e5rd och omh\u00e4ndertagande av heml\u00f6sa katter.<\/p>\n\n\n\n<p>Du kan bli medlem, ge en g\u00e5va, bli sponsor eller testamentera till f\u00f6reningen\/djurhemmet.<br>L\u00e4s mer i menyn.<\/p>\n\n\n\n<figure class=\"wp-block-image is-style-rounded\"><img loading=\"lazy\" decoding=\"async\" width=\"1024\" height=\"683\" src=\"https:\/\/www.djurskyddet.se\/saffleamal\/wp-content\/uploads\/sites\/46\/2020\/12\/Kattunge-bedjande-blick-1024x683.jpg\" alt=\"\" class=\"wp-image-5597\" srcset=\"https:\/\/www.djurskyddet.se\/saffleamal\/wp-content\/uploads\/sites\/46\/2020\/12\/Kattunge-bedjande-blick.jpg 1024w, https:\/\/www.djurskyddet.se\/saffleamal\/wp-content\/uploads\/sites\/46\/2020\/12\/Kattunge-bedjande-blick-300x200.jpg 300w, https:\/\/www.djurskyddet.se\/saffleamal\/wp-content\/uploads\/sites\/46\/2020\/12\/Kattunge-bedjande-blick-768x512.jpg 768w, https:\/\/www.djurskyddet.se\/saffleamal\/wp-content\/uploads\/sites\/46\/2020\/12\/Kattunge-bedjande-blick-400x267.jpg 400w\" sizes=\"auto, (max-width: 1024px) 100vw, 1024px\" \/><\/figure>\n","protected":false},"excerpt":{"rendered":"<p>Det finns flera s\u00e4tt att st\u00f6dja Djurskyddet S\u00e4ffle \u00c5m\u00e5l ekonomiskt. Alla g\u00e5vor anv\u00e4nds till driften av Trolldalens Djurhem inklusive v\u00e5rd och omh\u00e4ndertagande av heml\u00f6sa katter. Du kan bli medlem, ge en g\u00e5va, bli sponsor eller testamentera till f\u00f6reningen\/djurhemmet.L\u00e4s mer i menyn.<\/p>\n","protected":false},"author":3,"featured_media":0,"parent":0,"menu_order":0,"comment_status":"closed","ping_status":"closed","template":"left-sidebar.php","meta":{"_acf_changed":false,"footnotes":""},"class_list":["post-5596","page","type-page","status-publish","hentry"],"acf":[],"_links":{"self":[{"href":"https:\/\/www.djurskyddet.se\/saffleamal\/wp-json\/wp\/v2\/pages\/5596","targetHints":{"allow":["GET"]}}],"collection":[{"href":"https:\/\/www.djurskyddet.se\/saffleamal\/wp-json\/wp\/v2\/pages"}],"about":[{"href":"https:\/\/www.djurskyddet.se\/saffleamal\/wp-json\/wp\/v2\/types\/page"}],"author":[{"embeddable":true,"href":"https:\/\/www.djurskyddet.se\/saffleamal\/wp-json\/wp\/v2\/users\/3"}],"replies":[{"embeddable":true,"href":"https:\/\/www.djurskyddet.se\/saffleamal\/wp-json\/wp\/v2\/comments?post=5596"}],"version-history":[{"count":4,"href":"https:\/\/www.djurskyddet.se\/saffleamal\/wp-json\/wp\/v2\/pages\/5596\/revisions"}],"predecessor-version":[{"id":5775,"href":"https:\/\/www.djurskyddet.se\/saffleamal\/wp-json\/wp\/v2\/pages\/5596\/revisions\/5775"}],"wp:attachment":[{"href":"https:\/\/www.djurskyddet.se\/saffleamal\/wp-json\/wp\/v2\/media?parent=5596"}],"curies":[{"name":"wp","href":"https:\/\/api.w.org\/{rel}","templated":true}]}}