{"id":5609,"date":"2020-12-10T10:10:09","date_gmt":"2020-12-10T10:10:09","guid":{"rendered":"https:\/\/www.djurskyddet.se\/saffleamal\/?page_id=5609"},"modified":"2024-07-09T09:35:57","modified_gmt":"2024-07-09T09:35:57","slug":"tips-och-rad","status":"publish","type":"page","link":"https:\/\/www.djurskyddet.se\/saffleamal\/tips-och-rad\/","title":{"rendered":"Tips och r\u00e5d"},"content":{"rendered":"\n<p>H\u00e4r finns bland annat information till dig som funderar p\u00e5 att skaffa katt, som hittat ett bortsprunget djur eller som vill anm\u00e4la ett djur som far illa. <\/p>\n","protected":false},"excerpt":{"rendered":"<p>H\u00e4r finns bland annat information till dig som funderar p\u00e5 att skaffa katt, som hittat ett bortsprunget djur eller som vill anm\u00e4la ett djur som far illa.<\/p>\n","protected":false},"author":3,"featured_media":0,"parent":0,"menu_order":0,"comment_status":"closed","ping_status":"closed","template":"left-sidebar.php","meta":{"_acf_changed":false,"footnotes":""},"class_list":["post-5609","page","type-page","status-publish","hentry"],"acf":[],"_links":{"self":[{"href":"https:\/\/www.djurskyddet.se\/saffleamal\/wp-json\/wp\/v2\/pages\/5609","targetHints":{"allow":["GET"]}}],"collection":[{"href":"https:\/\/www.djurskyddet.se\/saffleamal\/wp-json\/wp\/v2\/pages"}],"about":[{"href":"https:\/\/www.djurskyddet.se\/saffleamal\/wp-json\/wp\/v2\/types\/page"}],"author":[{"embeddable":true,"href":"https:\/\/www.djurskyddet.se\/saffleamal\/wp-json\/wp\/v2\/users\/3"}],"replies":[{"embeddable":true,"href":"https:\/\/www.djurskyddet.se\/saffleamal\/wp-json\/wp\/v2\/comments?post=5609"}],"version-history":[{"count":2,"href":"https:\/\/www.djurskyddet.se\/saffleamal\/wp-json\/wp\/v2\/pages\/5609\/revisions"}],"predecessor-version":[{"id":5761,"href":"https:\/\/www.djurskyddet.se\/saffleamal\/wp-json\/wp\/v2\/pages\/5609\/revisions\/5761"}],"wp:attachment":[{"href":"https:\/\/www.djurskyddet.se\/saffleamal\/wp-json\/wp\/v2\/media?parent=5609"}],"curies":[{"name":"wp","href":"https:\/\/api.w.org\/{rel}","templated":true}]}}