{"id":5611,"date":"2020-12-10T10:11:46","date_gmt":"2020-12-10T10:11:46","guid":{"rendered":"https:\/\/www.djurskyddet.se\/saffleamal\/?page_id=5611"},"modified":"2024-09-13T12:37:18","modified_gmt":"2024-09-13T12:37:18","slug":"innan-du-skaffar-katt","status":"publish","type":"page","link":"https:\/\/www.djurskyddet.se\/saffleamal\/innan-du-skaffar-katt\/","title":{"rendered":"Innan du skaffar katt"},"content":{"rendered":"\n<h1 class=\"wp-block-heading has-medium-font-size\" id=\"innan-du-skaffar-katt\"><strong>Det finns en del att fundera p\u00e5 innan Du skaffar katt<\/strong>:<\/h1>\n\n\n\n<p><\/p>\n\n\n\n<ul class=\"wp-block-list\">\n<li>Tror Du att katten passar in i ditt liv om 10-20 \u00e5r?<\/li>\n\n\n\n<li>Har n\u00e5gon i familjen anlag f\u00f6r p\u00e4lsdjursallergi?&nbsp;Finns&nbsp;det allergiker i Din n\u00e4rmaste sl\u00e4kt\/bekantskapskrets? Om det finns det, hur planerar Du att l\u00f6sa detta?<\/li>\n\n\n\n<li>\u00c4r alla i familjen \u00f6verens om att en katt \u00e4r v\u00e4lkommen som familjemedlem?<\/li>\n\n\n\n<li>Har Du andra djur i familjen? Hur tror Du att en katt kommer att p\u00e5verka deras situation?<\/li>\n\n\n\n<li>\u00c4r Du beredd att betala mat, f\u00f6rs\u00e4kring, \u00e5rlig vaccination mm?<\/li>\n\n\n\n<li>Har Du ekonomiska f\u00f6ruts\u00e4ttningar att betala veterin\u00e4rkostnader som inte t\u00e4cks av f\u00f6rs\u00e4kringen?<\/li>\n\n\n\n<li>Hur mycket tid kommer Du att \u00e4gna \u00e5t att umg\u00e5s med katten? Aktivering och lek \u00e4r speciellt viktigt f\u00f6r innekatter.<\/li>\n\n\n\n<li>Hur l\u00f6ser Du kattpassning om Du reser bort? En katt ska enligt lagen ha tillsyn tv\u00e5 g\u00e5nger per dygn.<\/li>\n\n\n\n<li>Om Du flyttar till mindre yta, t ex fr\u00e5n hus till l\u00e4genhet, r\u00e4knar Du d\u00e5 in katten i den nya bostadssituationen?<\/li>\n\n\n\n<li>Om familjesituationen f\u00f6r\u00e4ndras, r\u00e4knar Du med att beh\u00e5lla katten?<\/li>\n<\/ul>\n\n\n\n<p><\/p>\n\n\n\n<p><\/p>\n\n\n\n<p><\/p>\n","protected":false},"excerpt":{"rendered":"<p>Det finns en del att fundera p\u00e5 innan Du skaffar katt:<\/p>\n","protected":false},"author":3,"featured_media":0,"parent":0,"menu_order":0,"comment_status":"closed","ping_status":"closed","template":"left-sidebar.php","meta":{"_acf_changed":false,"footnotes":""},"class_list":["post-5611","page","type-page","status-publish","hentry"],"acf":[],"_links":{"self":[{"href":"https:\/\/www.djurskyddet.se\/saffleamal\/wp-json\/wp\/v2\/pages\/5611","targetHints":{"allow":["GET"]}}],"collection":[{"href":"https:\/\/www.djurskyddet.se\/saffleamal\/wp-json\/wp\/v2\/pages"}],"about":[{"href":"https:\/\/www.djurskyddet.se\/saffleamal\/wp-json\/wp\/v2\/types\/page"}],"author":[{"embeddable":true,"href":"https:\/\/www.djurskyddet.se\/saffleamal\/wp-json\/wp\/v2\/users\/3"}],"replies":[{"embeddable":true,"href":"https:\/\/www.djurskyddet.se\/saffleamal\/wp-json\/wp\/v2\/comments?post=5611"}],"version-history":[{"count":9,"href":"https:\/\/www.djurskyddet.se\/saffleamal\/wp-json\/wp\/v2\/pages\/5611\/revisions"}],"predecessor-version":[{"id":5943,"href":"https:\/\/www.djurskyddet.se\/saffleamal\/wp-json\/wp\/v2\/pages\/5611\/revisions\/5943"}],"wp:attachment":[{"href":"https:\/\/www.djurskyddet.se\/saffleamal\/wp-json\/wp\/v2\/media?parent=5611"}],"curies":[{"name":"wp","href":"https:\/\/api.w.org\/{rel}","templated":true}]}}