{"id":5677,"date":"2024-06-12T07:17:40","date_gmt":"2024-06-12T07:17:40","guid":{"rendered":"https:\/\/www.djurskyddet.se\/saffleamal\/?page_id=5677"},"modified":"2025-04-23T12:06:43","modified_gmt":"2025-04-23T12:06:43","slug":"var-verksamhet","status":"publish","type":"page","link":"https:\/\/www.djurskyddet.se\/saffleamal\/var-verksamhet\/","title":{"rendered":"Djurhemmet"},"content":{"rendered":"\n<p>L\u00f6rdag 15 juni 2024 invigde vi Trolldalens djurhem. Efter ett par \u00e5rs arbete med reparationer och bygge av boxar mm s\u00e5 \u00e4r vi j\u00e4tteglada att ha n\u00e5tt v\u00e5rt f\u00f6rsta delm\u00e5l att ha ett renoverat hus godk\u00e4nt f\u00f6r katter. Under v\u00e5rt f\u00f6rsta halv\u00e5r s\u00e5 fick 39 katter nya fina hem genom oss.<\/p>\n\n\n\n<p><br>N\u00e4sta m\u00e5l \u00e4r att bygga uteg\u00e5rdar till katterna s\u00e5 de kan f\u00e5 komma ut lite.<\/p>\n\n\n\n<p>I framtiden finns ambitionen att iordningst\u00e4lla en liten sm\u00e5djursavdelning  och kaninstall.<br>V\u00e4lkommen att h\u00f6ra av Dig om Du kan hj\u00e4lpa till med att snickra!<\/p>\n\n\n\n<p><\/p>\n","protected":false},"excerpt":{"rendered":"<p>L\u00f6rdag 15 juni 2024 invigde vi Trolldalens djurhem. Efter ett par \u00e5rs arbete med reparationer och bygge av boxar mm s\u00e5 \u00e4r vi j\u00e4tteglada att ha n\u00e5tt v\u00e5rt f\u00f6rsta delm\u00e5l att ha ett renoverat hus godk\u00e4nt f\u00f6r katter. Under v\u00e5rt f\u00f6rsta halv\u00e5r s\u00e5 fick 39 katter nya fina hem genom oss. N\u00e4sta m\u00e5l \u00e4r att bygga uteg\u00e5rdar till katterna s\u00e5 de kan f\u00e5 komma ut lite. I framtiden finns ambitionen&hellip;<\/p>\n<p><a class=\"more-link\" href=\"https:\/\/www.djurskyddet.se\/saffleamal\/var-verksamhet\/\" title=\"Continue reading &lsquo;Djurhemmet&rsquo;\">L&auml;s mer<span class=\"meta-nav\">&raquo;<\/span><\/a><\/p>\n","protected":false},"author":3,"featured_media":0,"parent":0,"menu_order":0,"comment_status":"closed","ping_status":"closed","template":"","meta":{"_acf_changed":false,"footnotes":""},"class_list":["post-5677","page","type-page","status-publish","hentry"],"acf":[],"_links":{"self":[{"href":"https:\/\/www.djurskyddet.se\/saffleamal\/wp-json\/wp\/v2\/pages\/5677","targetHints":{"allow":["GET"]}}],"collection":[{"href":"https:\/\/www.djurskyddet.se\/saffleamal\/wp-json\/wp\/v2\/pages"}],"about":[{"href":"https:\/\/www.djurskyddet.se\/saffleamal\/wp-json\/wp\/v2\/types\/page"}],"author":[{"embeddable":true,"href":"https:\/\/www.djurskyddet.se\/saffleamal\/wp-json\/wp\/v2\/users\/3"}],"replies":[{"embeddable":true,"href":"https:\/\/www.djurskyddet.se\/saffleamal\/wp-json\/wp\/v2\/comments?post=5677"}],"version-history":[{"count":4,"href":"https:\/\/www.djurskyddet.se\/saffleamal\/wp-json\/wp\/v2\/pages\/5677\/revisions"}],"predecessor-version":[{"id":6382,"href":"https:\/\/www.djurskyddet.se\/saffleamal\/wp-json\/wp\/v2\/pages\/5677\/revisions\/6382"}],"wp:attachment":[{"href":"https:\/\/www.djurskyddet.se\/saffleamal\/wp-json\/wp\/v2\/media?parent=5677"}],"curies":[{"name":"wp","href":"https:\/\/api.w.org\/{rel}","templated":true}]}}