{"id":5680,"date":"2024-06-12T07:20:06","date_gmt":"2024-06-12T07:20:06","guid":{"rendered":"https:\/\/www.djurskyddet.se\/saffleamal\/?page_id=5680"},"modified":"2025-05-20T12:35:02","modified_gmt":"2025-05-20T12:35:02","slug":"pensionat","status":"publish","type":"page","link":"https:\/\/www.djurskyddet.se\/saffleamal\/pensionat\/","title":{"rendered":"Pensionat Gustaf"},"content":{"rendered":"\n<p class=\"has-medium-font-size\">V\u00e4lkommen att l\u00e4mna Dina katter till oss n\u00e4r de beh\u00f6ver tillsyn t ex under semesterperioder.<\/p>\n\n\n\n<p>Pensionatets g\u00e4ster blandas aldrig med djurhemmets katter eller med katter fr\u00e5n andra familjer.<br>Tillsyn med mat, vatten, rensning av toal\u00e5da och st\u00e4dning sker tv\u00e5 g\u00e5nger per dag. I samband med detta f\u00e5r katten kel och lek efter behov.<\/p>\n\n\n\n<p><strong>F\u00f6ljande g\u00e4ller:<\/strong><br>&#8211; Katten ska vara vaccinerad. (Vaccinationsintyg kr\u00e4vs)<br>&#8211; Egen mat ska medf\u00f6lja (f\u00f6r kattens mages skull).<br>&#8211; All utrustning finns men katten f\u00e5r g\u00e4rna ha med egen filt.<br>&#8211; \u00c4garen bekostar ev n\u00f6dv\u00e4ndig akut veterin\u00e4rv\u00e5rd under vistelsen.<\/p>\n\n\n\n<p><strong>Priser:<\/strong><br>&#8211; Pris per p\u00e5b\u00f6rjat dygn 250 kr. Medlemmar betalar 200 kr\/dygn.<br>&#8211; Pris f\u00f6r hel vecka 1000 kr.<br>&#8211; F\u00f6r fler katter tillkommer 100 kr\/p\u00e5b\u00f6rjat dygn per katt. F\u00f6r medlemmar 75 kr\/katt.<br>&#8211; Pris f\u00f6r hel vecka f\u00f6r fler katter 400 kr\/katt.<br>&#8211; Handpenning 150 kr betalas vid bokning.<br><br>Pengarna g\u00e5r oavkortat till driften av djurhemmet och arbetet med att r\u00e4dda och rehabilitera heml\u00f6sa katter.<\/p>\n\n\n\n<p>Bokning g\u00e4rna i god tid via mail  saffle-amal@djurskyddet.se d\u00e5 antalet platser \u00e4r begr\u00e4nsade.<br>Kontakta oss g\u00e4rna f\u00f6r mer information.<br>V\u00e4lkommen!<\/p>\n","protected":false},"excerpt":{"rendered":"<p>V\u00e4lkommen att l\u00e4mna Dina katter till oss n\u00e4r de beh\u00f6ver tillsyn t ex under semesterperioder. Pensionatets g\u00e4ster blandas aldrig med djurhemmets katter eller med katter fr\u00e5n andra familjer.Tillsyn med mat, vatten, rensning av toal\u00e5da och st\u00e4dning sker tv\u00e5 g\u00e5nger per dag. I samband med detta f\u00e5r katten kel och lek efter behov. F\u00f6ljande g\u00e4ller:&#8211; Katten ska vara vaccinerad. (Vaccinationsintyg kr\u00e4vs)&#8211; Egen mat ska medf\u00f6lja (f\u00f6r kattens mages skull).&#8211; All utrustning&hellip;<\/p>\n<p><a class=\"more-link\" href=\"https:\/\/www.djurskyddet.se\/saffleamal\/pensionat\/\" title=\"Continue reading &lsquo;Pensionat Gustaf&rsquo;\">L&auml;s mer<span class=\"meta-nav\">&raquo;<\/span><\/a><\/p>\n","protected":false},"author":3,"featured_media":0,"parent":0,"menu_order":0,"comment_status":"closed","ping_status":"closed","template":"page-templates\/left-sidebar.php","meta":{"_acf_changed":false,"footnotes":""},"class_list":["post-5680","page","type-page","status-publish","hentry"],"acf":[],"_links":{"self":[{"href":"https:\/\/www.djurskyddet.se\/saffleamal\/wp-json\/wp\/v2\/pages\/5680","targetHints":{"allow":["GET"]}}],"collection":[{"href":"https:\/\/www.djurskyddet.se\/saffleamal\/wp-json\/wp\/v2\/pages"}],"about":[{"href":"https:\/\/www.djurskyddet.se\/saffleamal\/wp-json\/wp\/v2\/types\/page"}],"author":[{"embeddable":true,"href":"https:\/\/www.djurskyddet.se\/saffleamal\/wp-json\/wp\/v2\/users\/3"}],"replies":[{"embeddable":true,"href":"https:\/\/www.djurskyddet.se\/saffleamal\/wp-json\/wp\/v2\/comments?post=5680"}],"version-history":[{"count":8,"href":"https:\/\/www.djurskyddet.se\/saffleamal\/wp-json\/wp\/v2\/pages\/5680\/revisions"}],"predecessor-version":[{"id":6442,"href":"https:\/\/www.djurskyddet.se\/saffleamal\/wp-json\/wp\/v2\/pages\/5680\/revisions\/6442"}],"wp:attachment":[{"href":"https:\/\/www.djurskyddet.se\/saffleamal\/wp-json\/wp\/v2\/media?parent=5680"}],"curies":[{"name":"wp","href":"https:\/\/api.w.org\/{rel}","templated":true}]}}