{"id":5686,"date":"2024-06-12T07:21:29","date_gmt":"2024-06-12T07:21:29","guid":{"rendered":"https:\/\/www.djurskyddet.se\/saffleamal\/?page_id=5686"},"modified":"2024-09-13T11:32:05","modified_gmt":"2024-09-13T11:32:05","slug":"adoption","status":"publish","type":"page","link":"https:\/\/www.djurskyddet.se\/saffleamal\/adoption\/","title":{"rendered":"Adoption"},"content":{"rendered":"\n<p>\u00c4r Du intresserad av att ge n\u00e5gon av v\u00e5ra katter ett k\u00e4rleksfullt hem? V\u00e4lkommen att l\u00e4mna en intresseanm\u00e4lan!<br>Katterna har olika bakgrund och behov, det \u00e4r d\u00e4rf\u00f6r mycket viktigt att vi finner ett hem som passar katten s\u00e5v\u00e4l som att kattens personlighet passar Dig. Adoptionsgruppen inom styrelsen jobbar med detta och kommer att kontakta Dig f\u00f6r ett samtal. Om processen g\u00e5r vidare s\u00e5 best\u00e4ms en tid f\u00f6r ett f\u00f6rsta bes\u00f6k p\u00e5 djurhemmet.<\/p>\n","protected":false},"excerpt":{"rendered":"<p>\u00c4r Du intresserad av att ge n\u00e5gon av v\u00e5ra katter ett k\u00e4rleksfullt hem? V\u00e4lkommen att l\u00e4mna en intresseanm\u00e4lan!Katterna har olika bakgrund och behov, det \u00e4r d\u00e4rf\u00f6r mycket viktigt att vi finner ett hem som passar katten s\u00e5v\u00e4l som att kattens personlighet passar Dig. Adoptionsgruppen inom styrelsen jobbar med detta och kommer att kontakta Dig f\u00f6r ett samtal. Om processen g\u00e5r vidare s\u00e5 best\u00e4ms en tid f\u00f6r ett f\u00f6rsta bes\u00f6k p\u00e5&hellip;<\/p>\n<p><a class=\"more-link\" href=\"https:\/\/www.djurskyddet.se\/saffleamal\/adoption\/\" title=\"Continue reading &lsquo;Adoption&rsquo;\">L&auml;s mer<span class=\"meta-nav\">&raquo;<\/span><\/a><\/p>\n","protected":false},"author":3,"featured_media":0,"parent":0,"menu_order":0,"comment_status":"closed","ping_status":"closed","template":"left-sidebar.php","meta":{"_acf_changed":false,"footnotes":""},"class_list":["post-5686","page","type-page","status-publish","hentry"],"acf":[],"_links":{"self":[{"href":"https:\/\/www.djurskyddet.se\/saffleamal\/wp-json\/wp\/v2\/pages\/5686","targetHints":{"allow":["GET"]}}],"collection":[{"href":"https:\/\/www.djurskyddet.se\/saffleamal\/wp-json\/wp\/v2\/pages"}],"about":[{"href":"https:\/\/www.djurskyddet.se\/saffleamal\/wp-json\/wp\/v2\/types\/page"}],"author":[{"embeddable":true,"href":"https:\/\/www.djurskyddet.se\/saffleamal\/wp-json\/wp\/v2\/users\/3"}],"replies":[{"embeddable":true,"href":"https:\/\/www.djurskyddet.se\/saffleamal\/wp-json\/wp\/v2\/comments?post=5686"}],"version-history":[{"count":5,"href":"https:\/\/www.djurskyddet.se\/saffleamal\/wp-json\/wp\/v2\/pages\/5686\/revisions"}],"predecessor-version":[{"id":5934,"href":"https:\/\/www.djurskyddet.se\/saffleamal\/wp-json\/wp\/v2\/pages\/5686\/revisions\/5934"}],"wp:attachment":[{"href":"https:\/\/www.djurskyddet.se\/saffleamal\/wp-json\/wp\/v2\/media?parent=5686"}],"curies":[{"name":"wp","href":"https:\/\/api.w.org\/{rel}","templated":true}]}}