{"id":6285,"date":"2025-02-25T11:59:34","date_gmt":"2025-02-25T11:59:34","guid":{"rendered":"https:\/\/www.djurskyddet.se\/saffleamal\/?page_id=6285"},"modified":"2025-02-25T12:58:34","modified_gmt":"2025-02-25T12:58:34","slug":"sponsorer","status":"publish","type":"page","link":"https:\/\/www.djurskyddet.se\/saffleamal\/sponsorer\/","title":{"rendered":"Sponsorer"},"content":{"rendered":"\n<p><strong>Vi \u00e4r tacksamma f\u00f6r v\u00e5ra sponsorer som valt att st\u00f6dja v\u00e5rt djurhem s\u00e5 att vi kan hj\u00e4lpa fler heml\u00f6sa katter i behov av hj\u00e4lp<\/strong>.<\/p>\n\n\n\n<p>Sidan \u00e4r under uppbyggnad <\/p>\n\n\n\n<p class=\"has-large-font-size\"><strong><em>Sponsorer 2025<\/em><\/strong><\/p>\n\n\n\n<p class=\"has-large-font-size\"><strong><em>Sponsorer 2024<\/em><\/strong><\/p>\n\n\n\n<figure class=\"wp-block-image size-full is-resized\"><img loading=\"lazy\" decoding=\"async\" width=\"650\" height=\"156\" src=\"https:\/\/www.djurskyddet.se\/saffleamal\/wp-content\/uploads\/sites\/46\/2025\/02\/image.png\" alt=\"\" class=\"wp-image-6293\" style=\"width:479px;height:auto\" srcset=\"https:\/\/www.djurskyddet.se\/saffleamal\/wp-content\/uploads\/sites\/46\/2025\/02\/image.png 650w, https:\/\/www.djurskyddet.se\/saffleamal\/wp-content\/uploads\/sites\/46\/2025\/02\/image-300x72.png 300w, https:\/\/www.djurskyddet.se\/saffleamal\/wp-content\/uploads\/sites\/46\/2025\/02\/image-400x96.png 400w\" sizes=\"auto, (max-width: 650px) 100vw, 650px\" \/><\/figure>\n\n\n\n<p>Vi tackar Willy och Berit Heymans f\u00f6r bidraget p\u00e5 20.000 KR<\/p>\n\n\n\n<p><\/p>\n","protected":false},"excerpt":{"rendered":"<p>Vi \u00e4r tacksamma f\u00f6r v\u00e5ra sponsorer som valt att st\u00f6dja v\u00e5rt djurhem s\u00e5 att vi kan hj\u00e4lpa fler heml\u00f6sa katter i behov av hj\u00e4lp. Sidan \u00e4r under uppbyggnad Sponsorer 2025 Sponsorer 2024 Vi tackar Willy och Berit Heymans f\u00f6r bidraget p\u00e5 20.000 KR<\/p>\n","protected":false},"author":59,"featured_media":0,"parent":0,"menu_order":0,"comment_status":"closed","ping_status":"closed","template":"page-templates\/left-sidebar.php","meta":{"_acf_changed":false,"footnotes":""},"class_list":["post-6285","page","type-page","status-publish","hentry"],"acf":[],"_links":{"self":[{"href":"https:\/\/www.djurskyddet.se\/saffleamal\/wp-json\/wp\/v2\/pages\/6285","targetHints":{"allow":["GET"]}}],"collection":[{"href":"https:\/\/www.djurskyddet.se\/saffleamal\/wp-json\/wp\/v2\/pages"}],"about":[{"href":"https:\/\/www.djurskyddet.se\/saffleamal\/wp-json\/wp\/v2\/types\/page"}],"author":[{"embeddable":true,"href":"https:\/\/www.djurskyddet.se\/saffleamal\/wp-json\/wp\/v2\/users\/59"}],"replies":[{"embeddable":true,"href":"https:\/\/www.djurskyddet.se\/saffleamal\/wp-json\/wp\/v2\/comments?post=6285"}],"version-history":[{"count":9,"href":"https:\/\/www.djurskyddet.se\/saffleamal\/wp-json\/wp\/v2\/pages\/6285\/revisions"}],"predecessor-version":[{"id":6303,"href":"https:\/\/www.djurskyddet.se\/saffleamal\/wp-json\/wp\/v2\/pages\/6285\/revisions\/6303"}],"wp:attachment":[{"href":"https:\/\/www.djurskyddet.se\/saffleamal\/wp-json\/wp\/v2\/media?parent=6285"}],"curies":[{"name":"wp","href":"https:\/\/api.w.org\/{rel}","templated":true}]}}