{"id":5498,"date":"2018-06-04T07:37:41","date_gmt":"2018-06-04T07:37:41","guid":{"rendered":"http:\/\/www.djurskyddet.se\/sigfrid\/?page_id=5498"},"modified":"2025-03-08T14:54:40","modified_gmt":"2025-03-08T13:54:40","slug":"om-oss","status":"publish","type":"page","link":"https:\/\/www.djurskyddet.se\/sigfrid\/om-oss\/","title":{"rendered":"Om oss"},"content":{"rendered":"<h3>Varmt v\u00e4lkommen till Djurskyddet Sigfrid!<\/h3>\n<p>Djurskyddet Sigfrid \u00e4r en av ca 50 f\u00f6reningar som \u00e4r anslutna till riksorganisationen <a href=\"http:\/\/www.djurskyddet.se\" target=\"_blank\" rel=\"noopener noreferrer\">Djurskyddet Sverige<\/a>. Vi \u00e4r en ideell f\u00f6rening som jobbar f\u00f6r att f\u00f6rb\u00e4ttra djurens livssituation.<\/p>\n<p>Vi driver ett katthem i V\u00e4xj\u00f6 sedan 2017, d\u00e4r bor heml\u00f6sa katter under tiden vi jobbar f\u00f6r att hitta ett eget hem till dem.<\/p>\n<p>H\u00e4r p\u00e5 v\u00e5r sida kan du l\u00e4sa om att adoptera en katt fr\u00e5n oss, hur du blir jourhem, om vad du som privatperson, f\u00f6retag eller f\u00f6rening kan g\u00f6ra f\u00f6r att st\u00f6tta oss och mycket mer.<\/p>\n<p>V\u00e4lkommen att titta runt &#8211; och tveka inte att kontakta oss om du har n\u00e5gra fr\u00e5gor!<\/p>\n<p>Organisationsnummer 802505-9091<\/p>\n","protected":false},"excerpt":{"rendered":"<p>Varmt v\u00e4lkommen till Djurskyddet Sigfrid! Djurskyddet Sigfrid \u00e4r en av ca 50 f\u00f6reningar som \u00e4r anslutna till riksorganisationen Djurskyddet Sverige. Vi \u00e4r en ideell f\u00f6rening som jobbar f\u00f6r att f\u00f6rb\u00e4ttra djurens livssituation. Vi driver ett katthem i V\u00e4xj\u00f6 sedan 2017, d\u00e4r bor heml\u00f6sa katter under tiden vi jobbar f\u00f6r att hitta ett eget hem till dem. H\u00e4r p\u00e5 v\u00e5r sida kan du l\u00e4sa om att adoptera en katt fr\u00e5n oss,&hellip;<\/p>\n<p><a class=\"more-link\" href=\"https:\/\/www.djurskyddet.se\/sigfrid\/om-oss\/\" title=\"Continue reading &lsquo;Om oss&rsquo;\">L&auml;s mer<span class=\"meta-nav\">&raquo;<\/span><\/a><\/p>\n","protected":false},"author":3,"featured_media":0,"parent":0,"menu_order":0,"comment_status":"closed","ping_status":"closed","template":"page-templates\/left-sidebar.php","meta":{"_acf_changed":false,"footnotes":""},"class_list":["post-5498","page","type-page","status-publish","hentry"],"acf":[],"_links":{"self":[{"href":"https:\/\/www.djurskyddet.se\/sigfrid\/wp-json\/wp\/v2\/pages\/5498","targetHints":{"allow":["GET"]}}],"collection":[{"href":"https:\/\/www.djurskyddet.se\/sigfrid\/wp-json\/wp\/v2\/pages"}],"about":[{"href":"https:\/\/www.djurskyddet.se\/sigfrid\/wp-json\/wp\/v2\/types\/page"}],"author":[{"embeddable":true,"href":"https:\/\/www.djurskyddet.se\/sigfrid\/wp-json\/wp\/v2\/users\/3"}],"replies":[{"embeddable":true,"href":"https:\/\/www.djurskyddet.se\/sigfrid\/wp-json\/wp\/v2\/comments?post=5498"}],"version-history":[{"count":16,"href":"https:\/\/www.djurskyddet.se\/sigfrid\/wp-json\/wp\/v2\/pages\/5498\/revisions"}],"predecessor-version":[{"id":8241,"href":"https:\/\/www.djurskyddet.se\/sigfrid\/wp-json\/wp\/v2\/pages\/5498\/revisions\/8241"}],"wp:attachment":[{"href":"https:\/\/www.djurskyddet.se\/sigfrid\/wp-json\/wp\/v2\/media?parent=5498"}],"curies":[{"name":"wp","href":"https:\/\/api.w.org\/{rel}","templated":true}]}}