{"id":5500,"date":"2018-06-04T07:38:27","date_gmt":"2018-06-04T07:38:27","guid":{"rendered":"http:\/\/www.djurskyddet.se\/sigfrid\/?page_id=5500"},"modified":"2020-11-08T14:31:10","modified_gmt":"2020-11-08T13:31:10","slug":"stod-oss","status":"publish","type":"page","link":"https:\/\/www.djurskyddet.se\/sigfrid\/stod-oss\/","title":{"rendered":"St\u00f6d oss"},"content":{"rendered":"<p>Det finns mycket du som privatperson kan g\u00f6ra f\u00f6r att hj\u00e4lpa oss fram\u00e5t. Kanske bli medlem, sk\u00e4nka en g\u00e5va eller bli volont\u00e4r? Bristen p\u00e5 jourhem \u00e4r stor och kanske \u00e4r jourhem ett uppl\u00e4gg som passar dig?<\/p>\n<p><strong>L\u00e4s mer under flikarna till v\u00e4nster!<\/strong><\/p>\n\n\n<figure class=\"wp-block-image is-resized\"><img loading=\"lazy\" decoding=\"async\" src=\"https:\/\/www.djurskyddet.se\/sigfrid\/wp-content\/uploads\/sites\/18\/2020\/11\/FB_IMG_1599157232396.jpg\" alt=\"\" class=\"wp-image-6583\" width=\"360\" height=\"479\" srcset=\"https:\/\/www.djurskyddet.se\/sigfrid\/wp-content\/uploads\/sites\/18\/2020\/11\/FB_IMG_1599157232396.jpg 720w, https:\/\/www.djurskyddet.se\/sigfrid\/wp-content\/uploads\/sites\/18\/2020\/11\/FB_IMG_1599157232396-225x300.jpg 225w, https:\/\/www.djurskyddet.se\/sigfrid\/wp-content\/uploads\/sites\/18\/2020\/11\/FB_IMG_1599157232396-400x533.jpg 400w\" sizes=\"auto, (max-width: 360px) 100vw, 360px\" \/><\/figure>\n","protected":false},"excerpt":{"rendered":"<p>Det finns mycket du som privatperson kan g\u00f6ra f\u00f6r att hj\u00e4lpa oss fram\u00e5t. Kanske bli medlem, sk\u00e4nka en g\u00e5va eller bli volont\u00e4r? Bristen p\u00e5 jourhem \u00e4r stor och kanske \u00e4r jourhem ett uppl\u00e4gg som passar dig? L\u00e4s mer under flikarna till v\u00e4nster!<\/p>\n","protected":false},"author":3,"featured_media":0,"parent":0,"menu_order":0,"comment_status":"closed","ping_status":"closed","template":"page-templates\/left-sidebar.php","meta":{"_acf_changed":false,"footnotes":""},"class_list":["post-5500","page","type-page","status-publish","hentry"],"acf":[],"_links":{"self":[{"href":"https:\/\/www.djurskyddet.se\/sigfrid\/wp-json\/wp\/v2\/pages\/5500","targetHints":{"allow":["GET"]}}],"collection":[{"href":"https:\/\/www.djurskyddet.se\/sigfrid\/wp-json\/wp\/v2\/pages"}],"about":[{"href":"https:\/\/www.djurskyddet.se\/sigfrid\/wp-json\/wp\/v2\/types\/page"}],"author":[{"embeddable":true,"href":"https:\/\/www.djurskyddet.se\/sigfrid\/wp-json\/wp\/v2\/users\/3"}],"replies":[{"embeddable":true,"href":"https:\/\/www.djurskyddet.se\/sigfrid\/wp-json\/wp\/v2\/comments?post=5500"}],"version-history":[{"count":6,"href":"https:\/\/www.djurskyddet.se\/sigfrid\/wp-json\/wp\/v2\/pages\/5500\/revisions"}],"predecessor-version":[{"id":6585,"href":"https:\/\/www.djurskyddet.se\/sigfrid\/wp-json\/wp\/v2\/pages\/5500\/revisions\/6585"}],"wp:attachment":[{"href":"https:\/\/www.djurskyddet.se\/sigfrid\/wp-json\/wp\/v2\/media?parent=5500"}],"curies":[{"name":"wp","href":"https:\/\/api.w.org\/{rel}","templated":true}]}}