{"id":5502,"date":"2018-06-04T07:38:59","date_gmt":"2018-06-04T07:38:59","guid":{"rendered":"http:\/\/www.djurskyddet.se\/sigfrid\/?page_id=5502"},"modified":"2023-03-12T11:33:37","modified_gmt":"2023-03-12T10:33:37","slug":"katt","status":"publish","type":"page","link":"https:\/\/www.djurskyddet.se\/sigfrid\/katt\/","title":{"rendered":"Katt"},"content":{"rendered":"<p>Under flikarna kan du bland annat l\u00e4sa mer om du vill adoptera en katt fr\u00e5n oss eller bli jourhem. Gl\u00f6m inte att det \u00e4r obligatoriskt att fylla i en intresseanm\u00e4lan. Hittar du inte svar p\u00e5 dina fr\u00e5gor, <a href=\"https:\/\/www.djurskyddet.se\/sigfrid\/om-oss\/kontakta-oss\/\"><em>kontakta oss h\u00e4r!<\/em><\/a><\/p>\n","protected":false},"excerpt":{"rendered":"<p>Under flikarna kan du bland annat l\u00e4sa mer om du vill adoptera en katt fr\u00e5n oss eller bli jourhem. Gl\u00f6m inte att det \u00e4r obligatoriskt att fylla i en intresseanm\u00e4lan. Hittar du inte svar p\u00e5 dina fr\u00e5gor, kontakta oss h\u00e4r!<\/p>\n","protected":false},"author":3,"featured_media":0,"parent":0,"menu_order":0,"comment_status":"closed","ping_status":"closed","template":"page-templates\/left-sidebar.php","meta":{"_acf_changed":false,"footnotes":""},"class_list":["post-5502","page","type-page","status-publish","hentry"],"acf":[],"_links":{"self":[{"href":"https:\/\/www.djurskyddet.se\/sigfrid\/wp-json\/wp\/v2\/pages\/5502","targetHints":{"allow":["GET"]}}],"collection":[{"href":"https:\/\/www.djurskyddet.se\/sigfrid\/wp-json\/wp\/v2\/pages"}],"about":[{"href":"https:\/\/www.djurskyddet.se\/sigfrid\/wp-json\/wp\/v2\/types\/page"}],"author":[{"embeddable":true,"href":"https:\/\/www.djurskyddet.se\/sigfrid\/wp-json\/wp\/v2\/users\/3"}],"replies":[{"embeddable":true,"href":"https:\/\/www.djurskyddet.se\/sigfrid\/wp-json\/wp\/v2\/comments?post=5502"}],"version-history":[{"count":7,"href":"https:\/\/www.djurskyddet.se\/sigfrid\/wp-json\/wp\/v2\/pages\/5502\/revisions"}],"predecessor-version":[{"id":7360,"href":"https:\/\/www.djurskyddet.se\/sigfrid\/wp-json\/wp\/v2\/pages\/5502\/revisions\/7360"}],"wp:attachment":[{"href":"https:\/\/www.djurskyddet.se\/sigfrid\/wp-json\/wp\/v2\/media?parent=5502"}],"curies":[{"name":"wp","href":"https:\/\/api.w.org\/{rel}","templated":true}]}}