{"id":5504,"date":"2018-06-04T07:39:24","date_gmt":"2018-06-04T07:39:24","guid":{"rendered":"http:\/\/www.djurskyddet.se\/sigfrid\/?page_id=5504"},"modified":"2020-11-08T14:42:02","modified_gmt":"2020-11-08T13:42:02","slug":"tips-rad","status":"publish","type":"page","link":"https:\/\/www.djurskyddet.se\/sigfrid\/tips-rad\/","title":{"rendered":"Tips &amp; R\u00e5d"},"content":{"rendered":"<h4><strong>Har din katt sprungit bort? Eller beh\u00f6ver du tips inf\u00f6r ett bes\u00f6k till veterin\u00e4ren? Kanske vill du veta vad du b\u00f6r t\u00e4nka p\u00e5 med katt i hemmet? I menyn till v\u00e4nster hittar du svar p\u00e5 m\u00e5nga vanliga fr\u00e5gor vi f\u00e5r samt tips och r\u00e5d.<\/strong><\/h4>\n<p>\u00a0<\/p>\n\n\n<figure class=\"wp-block-image\"><img loading=\"lazy\" decoding=\"async\" width=\"1024\" height=\"988\" src=\"https:\/\/www.djurskyddet.se\/sigfrid\/wp-content\/uploads\/sites\/18\/2020\/11\/Screenshot_20200112_230044-1024x988.jpg\" alt=\"\" class=\"wp-image-6594\" srcset=\"https:\/\/www.djurskyddet.se\/sigfrid\/wp-content\/uploads\/sites\/18\/2020\/11\/Screenshot_20200112_230044.jpg 1024w, https:\/\/www.djurskyddet.se\/sigfrid\/wp-content\/uploads\/sites\/18\/2020\/11\/Screenshot_20200112_230044-300x289.jpg 300w, https:\/\/www.djurskyddet.se\/sigfrid\/wp-content\/uploads\/sites\/18\/2020\/11\/Screenshot_20200112_230044-768x741.jpg 768w, https:\/\/www.djurskyddet.se\/sigfrid\/wp-content\/uploads\/sites\/18\/2020\/11\/Screenshot_20200112_230044-400x386.jpg 400w\" sizes=\"auto, (max-width: 1024px) 100vw, 1024px\" \/><\/figure>\n","protected":false},"excerpt":{"rendered":"<p>Har din katt sprungit bort? Eller beh\u00f6ver du tips inf\u00f6r ett bes\u00f6k till veterin\u00e4ren? Kanske vill du veta vad du b\u00f6r t\u00e4nka p\u00e5 med katt i hemmet? I menyn till v\u00e4nster hittar du svar p\u00e5 m\u00e5nga vanliga fr\u00e5gor vi f\u00e5r samt tips och r\u00e5d. \u00a0<\/p>\n","protected":false},"author":3,"featured_media":0,"parent":0,"menu_order":0,"comment_status":"closed","ping_status":"closed","template":"page-templates\/left-sidebar.php","meta":{"_acf_changed":false,"footnotes":""},"class_list":["post-5504","page","type-page","status-publish","hentry"],"acf":[],"_links":{"self":[{"href":"https:\/\/www.djurskyddet.se\/sigfrid\/wp-json\/wp\/v2\/pages\/5504","targetHints":{"allow":["GET"]}}],"collection":[{"href":"https:\/\/www.djurskyddet.se\/sigfrid\/wp-json\/wp\/v2\/pages"}],"about":[{"href":"https:\/\/www.djurskyddet.se\/sigfrid\/wp-json\/wp\/v2\/types\/page"}],"author":[{"embeddable":true,"href":"https:\/\/www.djurskyddet.se\/sigfrid\/wp-json\/wp\/v2\/users\/3"}],"replies":[{"embeddable":true,"href":"https:\/\/www.djurskyddet.se\/sigfrid\/wp-json\/wp\/v2\/comments?post=5504"}],"version-history":[{"count":7,"href":"https:\/\/www.djurskyddet.se\/sigfrid\/wp-json\/wp\/v2\/pages\/5504\/revisions"}],"predecessor-version":[{"id":6596,"href":"https:\/\/www.djurskyddet.se\/sigfrid\/wp-json\/wp\/v2\/pages\/5504\/revisions\/6596"}],"wp:attachment":[{"href":"https:\/\/www.djurskyddet.se\/sigfrid\/wp-json\/wp\/v2\/media?parent=5504"}],"curies":[{"name":"wp","href":"https:\/\/api.w.org\/{rel}","templated":true}]}}