{"id":5521,"date":"2018-06-04T07:47:33","date_gmt":"2018-06-04T06:47:33","guid":{"rendered":"http:\/\/www.djurskyddet.se\/sigfrid\/?page_id=5521"},"modified":"2023-03-12T11:25:47","modified_gmt":"2023-03-12T10:25:47","slug":"djurskyddet-sverige","status":"publish","type":"page","link":"https:\/\/www.djurskyddet.se\/sigfrid\/om-oss\/djurskyddet-sverige\/","title":{"rendered":"Djurskyddet Sverige"},"content":{"rendered":"<p>Djurskyddet Sigfrid \u00e4r anslutna till Djurskyddet Sverige som med sina n\u00e4stan 10 000 medlemmar \u00e4r en av Sveriges st\u00f6rsta djurskyddsorganisationer. Det \u00e4r en rikst\u00e4ckande ideell organisation med ungef\u00e4r 50 anslutna lokalf\u00f6reningar. Organisationen har arbetat ideellt i \u00f6ver hundra \u00e5r f\u00f6r att hj\u00e4lpa djuren och st\u00e4rka djurskyddet.<\/p>\n<p>Djurskyddet Sveriges vision \u00e4r ett samh\u00e4lle d\u00e4r m\u00e4nniskor visar respekt och medk\u00e4nsla f\u00f6r alla djur. Organisationen jobbar f\u00f6r att alla djur ska behandlas v\u00e4l, oavsett om de lever vilt, h\u00e5lls f\u00f6r m\u00e4nniskans s\u00e4llskap eller f\u00f6ds upp f\u00f6r att bli eller producera mat. Alla djur ska ha r\u00e4tt att utf\u00f6ra sina naturliga beteenden och skyddas fr\u00e5n lidande. N\u00e4r djur avlivas ska det ske fritt fr\u00e5n r\u00e4dsla och sm\u00e4rta.<\/p>\n<p>L\u00e4s g\u00e4rna mer om Djurskyddet Sverige p\u00e5 <a href=\"http:\/\/www.djurskyddet.se\" target=\"_blank\" rel=\"noopener noreferrer\">www.djurskyddet.se<\/a> och f\u00f6lj organisationen p\u00e5 <a href=\"http:\/\/www.facebook.com\/djurskyddet\" target=\"_blank\" rel=\"noopener noreferrer\">www.facebook.com\/djurskyddet<\/a><\/p>\n","protected":false},"excerpt":{"rendered":"<p>Djurskyddet Sigfrid \u00e4r anslutna till Djurskyddet Sverige som med sina n\u00e4stan 10 000 medlemmar \u00e4r en av Sveriges st\u00f6rsta djurskyddsorganisationer. Det \u00e4r en rikst\u00e4ckande ideell organisation med ungef\u00e4r 50 anslutna lokalf\u00f6reningar. Organisationen har arbetat ideellt i \u00f6ver hundra \u00e5r f\u00f6r att hj\u00e4lpa djuren och st\u00e4rka djurskyddet. Djurskyddet Sveriges vision \u00e4r ett samh\u00e4lle d\u00e4r m\u00e4nniskor visar respekt och medk\u00e4nsla f\u00f6r alla djur. Organisationen jobbar f\u00f6r att alla djur ska behandlas v\u00e4l,&hellip;<\/p>\n<p><a class=\"more-link\" href=\"https:\/\/www.djurskyddet.se\/sigfrid\/om-oss\/djurskyddet-sverige\/\" title=\"Continue reading &lsquo;Djurskyddet Sverige&rsquo;\">L&auml;s mer<span class=\"meta-nav\">&raquo;<\/span><\/a><\/p>\n","protected":false},"author":3,"featured_media":0,"parent":5498,"menu_order":2,"comment_status":"closed","ping_status":"closed","template":"page-templates\/left-sidebar.php","meta":{"_acf_changed":false,"footnotes":""},"class_list":["post-5521","page","type-page","status-publish","hentry"],"acf":[],"_links":{"self":[{"href":"https:\/\/www.djurskyddet.se\/sigfrid\/wp-json\/wp\/v2\/pages\/5521","targetHints":{"allow":["GET"]}}],"collection":[{"href":"https:\/\/www.djurskyddet.se\/sigfrid\/wp-json\/wp\/v2\/pages"}],"about":[{"href":"https:\/\/www.djurskyddet.se\/sigfrid\/wp-json\/wp\/v2\/types\/page"}],"author":[{"embeddable":true,"href":"https:\/\/www.djurskyddet.se\/sigfrid\/wp-json\/wp\/v2\/users\/3"}],"replies":[{"embeddable":true,"href":"https:\/\/www.djurskyddet.se\/sigfrid\/wp-json\/wp\/v2\/comments?post=5521"}],"version-history":[{"count":6,"href":"https:\/\/www.djurskyddet.se\/sigfrid\/wp-json\/wp\/v2\/pages\/5521\/revisions"}],"predecessor-version":[{"id":6327,"href":"https:\/\/www.djurskyddet.se\/sigfrid\/wp-json\/wp\/v2\/pages\/5521\/revisions\/6327"}],"up":[{"embeddable":true,"href":"https:\/\/www.djurskyddet.se\/sigfrid\/wp-json\/wp\/v2\/pages\/5498"}],"wp:attachment":[{"href":"https:\/\/www.djurskyddet.se\/sigfrid\/wp-json\/wp\/v2\/media?parent=5521"}],"curies":[{"name":"wp","href":"https:\/\/api.w.org\/{rel}","templated":true}]}}