{"id":5538,"date":"2018-06-05T10:51:14","date_gmt":"2018-06-05T10:51:14","guid":{"rendered":"http:\/\/www.djurskyddet.se\/sigfrid\/?page_id=5538"},"modified":"2020-11-08T13:39:35","modified_gmt":"2020-11-08T12:39:35","slug":"ge-en-gava","status":"publish","type":"page","link":"https:\/\/www.djurskyddet.se\/sigfrid\/stod-oss\/ge-en-gava\/","title":{"rendered":"Ge en g\u00e5va"},"content":{"rendered":"<p><strong>Djurskyddet Sigfrid bedrivs helt ideellt- Vi f\u00e5r v\u00e5ra int\u00e4kter fr\u00e5n m\u00e5nadsgivare, medlemsavgifter, adoptionsavgifter, g\u00e5vor och f\u00f6rs\u00e4ljning till f\u00f6rm\u00e5n f\u00f6r oss.<\/strong><br \/>\nF\u00f6r att vi ska kunna hj\u00e4lpa s\u00e5 m\u00e5nga katter som m\u00f6jligt, kan du hj\u00e4lpa oss p\u00e5 f\u00f6ljande s\u00e4tt!<\/p>\n<h3>G\u00e5va i form av pengar<\/h3>\n<p>S\u00e4tt in din g\u00e5va p\u00e5 v\u00e5rt konto genom att <strong>Swisha till 123 024 63 55<\/strong> eller via <strong>bankgiro 263-6504<\/strong>.<br \/>\nAlla summor \u00e4r tacksamt v\u00e4lkomna och du bidrar till veterin\u00e4rv\u00e5rd, mediciner och f\u00f6rbrukningsvaror till v\u00e5ra djur.<\/p>\n<h3>Sk\u00e4nk f\u00f6rbrukningsvaror<\/h3>\n<p>P\u00e5 v\u00e5rt katthem g\u00e5r det \u00e5t mycket f\u00f6rbrukningsvaror. Nedan finns en lista p\u00e5 saker som alltid beh\u00f6vs. Vill du sk\u00e4nka f\u00f6rbrukningsvaror g\u00e5r det bra att kontakta oss via mail p\u00e5 <a href=\"mailto:sigfrid@djurskyddet.se\">sigfrid@djurskyddet.se<\/a> eller p\u00e5 <a href=\"http:\/\/www.facebook.com\/djurskyddetsigfrid\" target=\"_blank\" rel=\"noopener noreferrer\">facebook<\/a> f\u00f6r adress till uppsamlingsplatsen.<br \/>\n<strong>OBS! L\u00e4mna inte av saker utanf\u00f6r katthemmet utan att ha kontaktat oss f\u00f6rst.\u00a0<\/strong><\/p>\n<h3>Vi \u00e4r i behov av:<\/h3>\n<ul>\n<li>Kattgodis<\/li>\n<li>Makrill i tomats\u00e5s<\/li>\n<li>Kattsand<\/li>\n<li>Avmaskningsmedel Milbemax f\u00f6r kattungar\/vuxna katter<\/li>\n<li>Feliway adapter\/refills<\/li>\n<li>Leksaker<\/li>\n<\/ul>\n","protected":false},"excerpt":{"rendered":"<p>Djurskyddet Sigfrid bedrivs helt ideellt- Vi f\u00e5r v\u00e5ra int\u00e4kter fr\u00e5n m\u00e5nadsgivare, medlemsavgifter, adoptionsavgifter, g\u00e5vor och f\u00f6rs\u00e4ljning till f\u00f6rm\u00e5n f\u00f6r oss. F\u00f6r att vi ska kunna hj\u00e4lpa s\u00e5 m\u00e5nga katter som m\u00f6jligt, kan du hj\u00e4lpa oss p\u00e5 f\u00f6ljande s\u00e4tt! G\u00e5va i form av pengar S\u00e4tt in din g\u00e5va p\u00e5 v\u00e5rt konto genom att Swisha till 123 024 63 55 eller via bankgiro 263-6504. Alla summor \u00e4r tacksamt v\u00e4lkomna och du bidrar&hellip;<\/p>\n<p><a class=\"more-link\" href=\"https:\/\/www.djurskyddet.se\/sigfrid\/stod-oss\/ge-en-gava\/\" title=\"Continue reading &lsquo;Ge en g\u00e5va&rsquo;\">L&auml;s mer<span class=\"meta-nav\">&raquo;<\/span><\/a><\/p>\n","protected":false},"author":3,"featured_media":0,"parent":5500,"menu_order":0,"comment_status":"closed","ping_status":"closed","template":"page-templates\/left-sidebar.php","meta":{"_acf_changed":false,"footnotes":""},"class_list":["post-5538","page","type-page","status-publish","hentry"],"acf":[],"_links":{"self":[{"href":"https:\/\/www.djurskyddet.se\/sigfrid\/wp-json\/wp\/v2\/pages\/5538","targetHints":{"allow":["GET"]}}],"collection":[{"href":"https:\/\/www.djurskyddet.se\/sigfrid\/wp-json\/wp\/v2\/pages"}],"about":[{"href":"https:\/\/www.djurskyddet.se\/sigfrid\/wp-json\/wp\/v2\/types\/page"}],"author":[{"embeddable":true,"href":"https:\/\/www.djurskyddet.se\/sigfrid\/wp-json\/wp\/v2\/users\/3"}],"replies":[{"embeddable":true,"href":"https:\/\/www.djurskyddet.se\/sigfrid\/wp-json\/wp\/v2\/comments?post=5538"}],"version-history":[{"count":14,"href":"https:\/\/www.djurskyddet.se\/sigfrid\/wp-json\/wp\/v2\/pages\/5538\/revisions"}],"predecessor-version":[{"id":6571,"href":"https:\/\/www.djurskyddet.se\/sigfrid\/wp-json\/wp\/v2\/pages\/5538\/revisions\/6571"}],"up":[{"embeddable":true,"href":"https:\/\/www.djurskyddet.se\/sigfrid\/wp-json\/wp\/v2\/pages\/5500"}],"wp:attachment":[{"href":"https:\/\/www.djurskyddet.se\/sigfrid\/wp-json\/wp\/v2\/media?parent=5538"}],"curies":[{"name":"wp","href":"https:\/\/api.w.org\/{rel}","templated":true}]}}