{"id":5540,"date":"2018-06-05T10:52:04","date_gmt":"2018-06-05T10:52:04","guid":{"rendered":"http:\/\/www.djurskyddet.se\/sigfrid\/?page_id=5540"},"modified":"2025-06-01T20:07:02","modified_gmt":"2025-06-01T19:07:02","slug":"bli-volontar","status":"publish","type":"page","link":"https:\/\/www.djurskyddet.se\/sigfrid\/stod-oss\/bli-volontar\/","title":{"rendered":"Bli volont\u00e4r"},"content":{"rendered":"<p>\u00c4r du nyfiken p\u00e5 v\u00e5r verksamhet och funderar p\u00e5 att bli volont\u00e4r?\u00a0 S\u00e5 roligt!<br \/>\nHos oss bor katter som haft det tufft och som nu st\u00e5r inf\u00f6r en stor f\u00f6r\u00e4ndring. N\u00e5gra har precis anl\u00e4nt till v\u00e5rt katthem, n\u00e5gra bor i jourhem f\u00f6r rehabilitering och n\u00e5gra \u00e4r redo f\u00f6r att adopteras ut.<br \/>\nSom volont\u00e4r hos oss kommer du vara med och hj\u00e4lpa dem p\u00e5 resan till ett tryggt liv.<\/p>\n<p><strong>Fundera innan!<br \/>\n<\/strong><span style=\"font-size: inherit\">Innan du h\u00f6r av dig till oss vill vi att du funderar \u00f6ver hur mycket tid du har att l\u00e4gga som volont\u00e4r. V\u00e5r verksamhet och v\u00e5ra katter beh\u00f6ver kontinuitet, d\u00e4rf\u00f6r ser vi helst att du tar 1 pass i veckan. Ett tillsynspass inneb\u00e4r mockning av l\u00e5dor, utfodring, eventuell medicinering samt socialisering av katterna.<\/span><\/p>\n<p><strong>Rekryteringsprocessen<br \/>\n<\/strong>N\u00e4r du redo f\u00f6r att engagera dig hos oss kommer du att f\u00e5 prata med n\u00e5gon ur verksamheten f\u00f6r en intervju. Syftet med invervjun \u00e4r att vi ska l\u00e4ra k\u00e4nna varandra. Under tr\u00e4ffen kommer vi presenentera v\u00e5r f\u00f6rening och st\u00e4lla fr\u00e5gor till dig.<\/p>\n<p><strong>Introduktion<br \/>\n<\/strong>Du kommer att f\u00e5 introduktionspass p\u00e5 katthemmet av vana, trygga volont\u00e4rer. Se, l\u00e4r och passa p\u00e5 att fr\u00e5ga! Efter dina introduktionspass \u00e4r du redo att volont\u00e4rarbeta p\u00e5 egen hand.<\/p>\n<p><strong>Djurhemsgrupp p\u00e5 Facebook<br \/>\n<\/strong>Vi har en grupp f\u00f6r volont\u00e4rer p\u00e5 katthemmet d\u00e4r det kontinuerligt kommer information om verksamheten. H\u00e4r l\u00e4ggs det upp information om katterna och deras sk\u00f6tsel. Du kan st\u00e4lla fr\u00e5gor eller sj\u00e4lv skriva in information. Viktig information g\u00e5r p\u00e5 s\u00e5 s\u00e4tt snabbt ut till alla volont\u00e4rer.<\/p>\n<p><strong>Ans\u00f6kningsformul\u00e4r<br \/>\n<\/strong>Skriv s\u00e5 utf\u00f6rligt som m\u00f6jligt.<\/p>\n<p><strong>OBS! T\u00e4nk p\u00e5 att v\u00e5r verksamhet ligger i V\u00e4xj\u00f6, Sm\u00e5land.<\/strong><\/p>\n\n<div class=\"wpcf7 no-js\" id=\"wpcf7-f6459-o1\" lang=\"sv-SE\" dir=\"ltr\" data-wpcf7-id=\"6459\">\n<div class=\"screen-reader-response\"><p role=\"status\" aria-live=\"polite\" aria-atomic=\"true\"><\/p> <ul><\/ul><\/div>\n<form action=\"\/sigfrid\/wp-json\/wp\/v2\/pages\/5540#wpcf7-f6459-o1\" method=\"post\" class=\"wpcf7-form init\" aria-label=\"Kontaktformul\u00e4r\" novalidate=\"novalidate\" data-status=\"init\">\n<fieldset class=\"hidden-fields-container\"><input type=\"hidden\" name=\"_wpcf7\" value=\"6459\" \/><input type=\"hidden\" name=\"_wpcf7_version\" value=\"6.1\" \/><input type=\"hidden\" name=\"_wpcf7_locale\" value=\"sv_SE\" \/><input type=\"hidden\" name=\"_wpcf7_unit_tag\" value=\"wpcf7-f6459-o1\" \/><input type=\"hidden\" name=\"_wpcf7_container_post\" value=\"0\" \/><input type=\"hidden\" name=\"_wpcf7_posted_data_hash\" value=\"\" \/><input type=\"hidden\" name=\"_wpcf7_recaptcha_response\" value=\"\" \/>\n<\/fieldset>\n<div class=\"uacf7-form-wrapper-container uacf7-form-6459  \"><label> Ditt namn*\n    <span class=\"wpcf7-form-control-wrap\" data-name=\"namn\"><input size=\"40\" maxlength=\"400\" class=\"wpcf7-form-control wpcf7-text wpcf7-validates-as-required\" aria-required=\"true\" aria-invalid=\"false\" value=\"\" type=\"text\" name=\"namn\" \/><\/span> <\/label>\n\n<label> Personnummer*\n<span class=\"wpcf7-form-control-wrap\" data-name=\"personnummer\"><input class=\"wpcf7-form-control wpcf7-number wpcf7-validates-as-required wpcf7-validates-as-number\" aria-required=\"true\" aria-invalid=\"false\" placeholder=\"\u00e5\u00e5\u00e5\u00e5mmdd-xxxx\" value=\"\" type=\"number\" name=\"personnummer\" \/><\/span> <\/label>\n\n<label>Epostadress*\n    <span class=\"wpcf7-form-control-wrap\" data-name=\"epostadress\"><input size=\"40\" maxlength=\"400\" class=\"wpcf7-form-control wpcf7-email wpcf7-validates-as-required wpcf7-text wpcf7-validates-as-email\" aria-required=\"true\" aria-invalid=\"false\" value=\"\" type=\"email\" name=\"epostadress\" \/><\/span> <\/label>\n\n<label> Telefonnummer\n    <span class=\"wpcf7-form-control-wrap\" data-name=\"telefonnummer\"><input class=\"wpcf7-form-control wpcf7-number wpcf7-validates-as-number\" aria-invalid=\"false\" value=\"\" type=\"number\" name=\"telefonnummer\" \/><\/span> <\/label>\n\n<label> Ort*\n    <span class=\"wpcf7-form-control-wrap\" data-name=\"boende\"><input size=\"40\" maxlength=\"400\" class=\"wpcf7-form-control wpcf7-text wpcf7-validates-as-required\" aria-required=\"true\" aria-invalid=\"false\" value=\"\" type=\"text\" name=\"boende\" \/><\/span> <\/label>\n\n\n<label>Arbete eller annan syssels\u00e4ttning*\n<span class=\"wpcf7-form-control-wrap\" data-name=\"arbete\"><input size=\"40\" maxlength=\"400\" class=\"wpcf7-form-control wpcf7-text wpcf7-validates-as-required\" aria-required=\"true\" aria-invalid=\"false\" value=\"\" type=\"text\" name=\"arbete\" \/><\/span><\/label>\n\n\n<label> Ber\u00e4tta lite om dig och varf\u00f6r du vill engagera dig hos oss!*\n    <span class=\"wpcf7-form-control-wrap\" data-name=\"meddelande\"><input size=\"40\" maxlength=\"400\" class=\"wpcf7-form-control wpcf7-text\" aria-invalid=\"false\" value=\"\" type=\"text\" name=\"meddelande\" \/><\/span> <\/label>\n\nHar du l\u00e4st och f\u00f6rst\u00e5tt informationen ovan?\n<span class=\"wpcf7-form-control-wrap\" data-name=\"Info\"><span class=\"wpcf7-form-control wpcf7-checkbox wpcf7-validates-as-required wpcf7-exclusive-checkbox\"><span class=\"wpcf7-list-item first\"><input type=\"checkbox\" name=\"Info\" value=\"Ja\" \/><span class=\"wpcf7-list-item-label\">Ja<\/span><\/span><span class=\"wpcf7-list-item last\"><input type=\"checkbox\" name=\"Info\" value=\"Nej\" \/><span class=\"wpcf7-list-item-label\">Nej<\/span><\/span><\/span><\/span>\n\nHar du k\u00f6rkort?\n<span class=\"wpcf7-form-control-wrap\" data-name=\"Korkort\"><span class=\"wpcf7-form-control wpcf7-checkbox wpcf7-validates-as-required\"><span class=\"wpcf7-list-item first\"><input type=\"checkbox\" name=\"Korkort[]\" value=\"Ja\" \/><span class=\"wpcf7-list-item-label\">Ja<\/span><\/span><span class=\"wpcf7-list-item last\"><input type=\"checkbox\" name=\"Korkort[]\" value=\"Nej\" \/><span class=\"wpcf7-list-item-label\">Nej<\/span><\/span><\/span><\/span>\n\nHar du erfarenhet av katter och katters beteende sedan tidigare?\n<span class=\"wpcf7-form-control-wrap\" data-name=\"Erfarenhet\"><span class=\"wpcf7-form-control wpcf7-checkbox wpcf7-validates-as-required\"><span class=\"wpcf7-list-item first\"><input type=\"checkbox\" name=\"Erfarenhet[]\" value=\"Ja\" \/><span class=\"wpcf7-list-item-label\">Ja<\/span><\/span><span class=\"wpcf7-list-item last\"><input type=\"checkbox\" name=\"Erfarenhet[]\" value=\"Nej\" \/><span class=\"wpcf7-list-item-label\">Nej<\/span><\/span><\/span><\/span>\n\n\u00c4r du bekv\u00e4m med att utf\u00f6ra uppgifter som till exempel medicinering och enklare s\u00e5rv\u00e5rd?\n<span class=\"wpcf7-form-control-wrap\" data-name=\"medicin\"><span class=\"wpcf7-form-control wpcf7-checkbox wpcf7-validates-as-required\"><span class=\"wpcf7-list-item first\"><input type=\"checkbox\" name=\"medicin[]\" value=\"Ja\" \/><span class=\"wpcf7-list-item-label\">Ja<\/span><\/span><span class=\"wpcf7-list-item last\"><input type=\"checkbox\" name=\"medicin[]\" value=\"Nej\" \/><span class=\"wpcf7-list-item-label\">Nej<\/span><\/span><\/span><\/span>\n\nKan du t\u00e4nka dig att engagera dig i n\u00e5gon av v\u00e5ra arbetsgrupper?\n<span class=\"wpcf7-form-control-wrap\" data-name=\"Arbetsgrupper\"><span class=\"wpcf7-form-control wpcf7-checkbox wpcf7-validates-as-required\"><span class=\"wpcf7-list-item first\"><input type=\"checkbox\" name=\"Arbetsgrupper[]\" value=\"Ja\" \/><span class=\"wpcf7-list-item-label\">Ja<\/span><\/span><span class=\"wpcf7-list-item last\"><input type=\"checkbox\" name=\"Arbetsgrupper[]\" value=\"Nej\" \/><span class=\"wpcf7-list-item-label\">Nej<\/span><\/span><\/span><\/span>\n\n*Obligatoriska f\u00e4lt.\n\n<input class=\"wpcf7-form-control wpcf7-submit has-spinner\" type=\"submit\" value=\"Skicka\" \/><\/div><div class=\"wpcf7-response-output\" aria-hidden=\"true\"><\/div>\n<\/form>\n<\/div>\n\n<p><!--more--><\/p>\n","protected":false},"excerpt":{"rendered":"<p>\u00c4r du nyfiken p\u00e5 v\u00e5r verksamhet och funderar p\u00e5 att bli volont\u00e4r?\u00a0 S\u00e5 roligt! Hos oss bor katter som haft det tufft och som nu st\u00e5r inf\u00f6r en stor f\u00f6r\u00e4ndring. N\u00e5gra har precis anl\u00e4nt till v\u00e5rt katthem, n\u00e5gra bor i jourhem f\u00f6r rehabilitering och n\u00e5gra \u00e4r redo f\u00f6r att adopteras ut. Som volont\u00e4r hos oss kommer du vara med och hj\u00e4lpa dem p\u00e5 resan till ett tryggt liv. Fundera innan!&hellip;<\/p>\n<p><a class=\"more-link\" href=\"https:\/\/www.djurskyddet.se\/sigfrid\/stod-oss\/bli-volontar\/\" title=\"Continue reading &lsquo;Bli volont\u00e4r&rsquo;\">L&auml;s mer<span class=\"meta-nav\">&raquo;<\/span><\/a><\/p>\n","protected":false},"author":3,"featured_media":0,"parent":5500,"menu_order":0,"comment_status":"closed","ping_status":"closed","template":"page-templates\/left-sidebar.php","meta":{"_acf_changed":false,"footnotes":""},"class_list":["post-5540","page","type-page","status-publish","hentry"],"acf":[],"_links":{"self":[{"href":"https:\/\/www.djurskyddet.se\/sigfrid\/wp-json\/wp\/v2\/pages\/5540","targetHints":{"allow":["GET"]}}],"collection":[{"href":"https:\/\/www.djurskyddet.se\/sigfrid\/wp-json\/wp\/v2\/pages"}],"about":[{"href":"https:\/\/www.djurskyddet.se\/sigfrid\/wp-json\/wp\/v2\/types\/page"}],"author":[{"embeddable":true,"href":"https:\/\/www.djurskyddet.se\/sigfrid\/wp-json\/wp\/v2\/users\/3"}],"replies":[{"embeddable":true,"href":"https:\/\/www.djurskyddet.se\/sigfrid\/wp-json\/wp\/v2\/comments?post=5540"}],"version-history":[{"count":25,"href":"https:\/\/www.djurskyddet.se\/sigfrid\/wp-json\/wp\/v2\/pages\/5540\/revisions"}],"predecessor-version":[{"id":8427,"href":"https:\/\/www.djurskyddet.se\/sigfrid\/wp-json\/wp\/v2\/pages\/5540\/revisions\/8427"}],"up":[{"embeddable":true,"href":"https:\/\/www.djurskyddet.se\/sigfrid\/wp-json\/wp\/v2\/pages\/5500"}],"wp:attachment":[{"href":"https:\/\/www.djurskyddet.se\/sigfrid\/wp-json\/wp\/v2\/media?parent=5540"}],"curies":[{"name":"wp","href":"https:\/\/api.w.org\/{rel}","templated":true}]}}