{"id":5542,"date":"2018-06-05T10:52:27","date_gmt":"2018-06-05T10:52:27","guid":{"rendered":"http:\/\/www.djurskyddet.se\/sigfrid\/?page_id=5542"},"modified":"2020-11-08T13:45:59","modified_gmt":"2020-11-08T12:45:59","slug":"bli-jourhem","status":"publish","type":"page","link":"https:\/\/www.djurskyddet.se\/sigfrid\/stod-oss\/bli-jourhem\/","title":{"rendered":"Bli jourhem"},"content":{"rendered":"<p>Som jourhem tar du tillf\u00e4lligt emot en eller flera katter i ditt hem.<\/p>\n<p><strong>Vad inneb\u00e4r det att vara jourhem?<\/strong><br \/>\nAtt vara jourhem inneb\u00e4r att du under en period tar du emot en katt i ditt hem. Det kan r\u00f6ra sig om allt fr\u00e5n n\u00e5gra veckor till ett halv\u00e5r eller \u00e5r. Du tar hand om katten som om den vore din egen. Vi bekostar veterin\u00e4rv\u00e5rd, foder och f\u00f6rs\u00e4kring. Du bekostar kattsand. N\u00e4r katten \u00e4r redo f\u00f6r att flytta till ett egen hem hanterar vi annonsering och f\u00f6rs\u00e4ljning av katten.<br \/>\nDet brukar vara v\u00e4ldigt roligt att vara jourhem och n\u00e4r katten f\u00e5r ett eget hem kan du stolt k\u00e4nna att du har gjort en stor insats f\u00f6r katten!<\/p>\n<p><strong>Varf\u00f6r beh\u00f6ver katter vara i jourhem?<\/strong><br \/>\nDet finns m\u00e5nga olika sk\u00e4l till varf\u00f6r en katt m\u00e5ste bo i jourhem. Oftast handlar det om heml\u00f6sa katter som inte tidigare haft n\u00e4ra kontakt med m\u00e4nniskor. Jourhemmets uppgift blir d\u00e5 att med sm\u00e5 steg hj\u00e4lpa katten att bli tam. Katten beh\u00f6ver v\u00e4njas vid vardagliga ljud, inredning och v\u00e5ra r\u00f6relser. Socialisering i jourhemmet \u00e4r viktigt och vi ser g\u00e4rna att du n\u00e4rmar dig katten via lek eller lockar med godis. Det viktigaste h\u00e4r \u00e4r att all n\u00e4rkontakt sker p\u00e5 kattens villkor.<\/p>\n<p>Ibland s\u00f6ker vi jourhem till dr\u00e4ktiga honor eller en kattfamilj. Kattfamiljen beh\u00f6ver d\u00e5 stanna i minst 12-16 veckor hos dig. En dr\u00e4ktig hona beh\u00f6ver ett lugnt hem, g\u00e4rna med tillg\u00e5ng till eget rum eller en separat vr\u00e5. En f\u00f6rdel \u00e4r om du har erfarenhet av kattuppf\u00f6dning. Du m\u00e5ste vara en trygg och stabil person som kan hantera en eventuell kris och ha tillg\u00e5ng till bil.<\/p>\n<p><strong>Att t\u00e4nka p\u00e5<\/strong><br \/>\n* Din tillf\u00e4lliga familjemedlem f\u00e5r inte g\u00e5 ut. D\u00e4rf\u00f6r \u00e4r det viktigt att du ser till att det inte<br \/>\nfinns n\u00e5gra flyktv\u00e4gar. F\u00f6nster ska ha s\u00e4kra v\u00e4dringssp\u00e4rrar och ytterd\u00f6rrar m\u00e5ste<br \/>\nh\u00e5llas st\u00e4ngda. Eventuell balkong ska vara n\u00e4tad.<br \/>\n* Om du har egen katt \u00e4r det viktigt att den \u00e4r kastrerad och vaccinerad mot b\u00e5de kattpest och kattsnuva.<br \/>\n* Vi \u00e4ger din jourhemskatt. D\u00e4rmed \u00e4r det vi som v\u00e4ljer hem \u00e5t katten, h\u00e5ller kontakten med k\u00f6pare, ansvarar f\u00f6r att katten f\u00e5r r\u00e4tt veterin\u00e4rv\u00e5rd och foder.<\/p>\n<p><strong>Hembes\u00f6k och kontrakt<\/strong><br \/>\nInnan du blir jourhem g\u00f6r vi ett hembes\u00f6k hemma hos dig. P\u00e5 hembes\u00f6ket har du m\u00f6jlighet att st\u00e4lla fr\u00e5gor till oss och vi g\u00e5r igenom v\u00e5rt jourhemsavtal. Avtalet ska vara p\u00e5skrivet innan katten anl\u00e4nder till dig. <strong>\u00c4r du intresserad av att bli jourhem \u2013fyll i en intresseanm\u00e4lan <a href=\"http:\/\/www.djurskyddet.se\/sigfrid\/djuren\/intresseanmalan\/\">&#8211; klicka h\u00e4r.<\/a><\/strong><\/p>\n","protected":false},"excerpt":{"rendered":"<p>Som jourhem tar du tillf\u00e4lligt emot en eller flera katter i ditt hem. Vad inneb\u00e4r det att vara jourhem? Att vara jourhem inneb\u00e4r att du under en period tar du emot en katt i ditt hem. Det kan r\u00f6ra sig om allt fr\u00e5n n\u00e5gra veckor till ett halv\u00e5r eller \u00e5r. Du tar hand om katten som om den vore din egen. Vi bekostar veterin\u00e4rv\u00e5rd, foder och f\u00f6rs\u00e4kring. Du bekostar kattsand.&hellip;<\/p>\n<p><a class=\"more-link\" href=\"https:\/\/www.djurskyddet.se\/sigfrid\/stod-oss\/bli-jourhem\/\" title=\"Continue reading &lsquo;Bli jourhem&rsquo;\">L&auml;s mer<span class=\"meta-nav\">&raquo;<\/span><\/a><\/p>\n","protected":false},"author":3,"featured_media":0,"parent":5500,"menu_order":0,"comment_status":"closed","ping_status":"closed","template":"page-templates\/left-sidebar.php","meta":{"_acf_changed":false,"footnotes":""},"class_list":["post-5542","page","type-page","status-publish","hentry"],"acf":[],"_links":{"self":[{"href":"https:\/\/www.djurskyddet.se\/sigfrid\/wp-json\/wp\/v2\/pages\/5542","targetHints":{"allow":["GET"]}}],"collection":[{"href":"https:\/\/www.djurskyddet.se\/sigfrid\/wp-json\/wp\/v2\/pages"}],"about":[{"href":"https:\/\/www.djurskyddet.se\/sigfrid\/wp-json\/wp\/v2\/types\/page"}],"author":[{"embeddable":true,"href":"https:\/\/www.djurskyddet.se\/sigfrid\/wp-json\/wp\/v2\/users\/3"}],"replies":[{"embeddable":true,"href":"https:\/\/www.djurskyddet.se\/sigfrid\/wp-json\/wp\/v2\/comments?post=5542"}],"version-history":[{"count":9,"href":"https:\/\/www.djurskyddet.se\/sigfrid\/wp-json\/wp\/v2\/pages\/5542\/revisions"}],"predecessor-version":[{"id":6575,"href":"https:\/\/www.djurskyddet.se\/sigfrid\/wp-json\/wp\/v2\/pages\/5542\/revisions\/6575"}],"up":[{"embeddable":true,"href":"https:\/\/www.djurskyddet.se\/sigfrid\/wp-json\/wp\/v2\/pages\/5500"}],"wp:attachment":[{"href":"https:\/\/www.djurskyddet.se\/sigfrid\/wp-json\/wp\/v2\/media?parent=5542"}],"curies":[{"name":"wp","href":"https:\/\/api.w.org\/{rel}","templated":true}]}}