{"id":5624,"date":"2018-06-11T07:38:33","date_gmt":"2018-06-11T07:38:33","guid":{"rendered":"http:\/\/www.djurskyddet.se\/sigfrid\/?page_id=5624"},"modified":"2025-02-08T00:48:24","modified_gmt":"2025-02-07T23:48:24","slug":"intresseanmalan","status":"publish","type":"page","link":"https:\/\/www.djurskyddet.se\/sigfrid\/intresseanmalan\/","title":{"rendered":"Intresseanm\u00e4lan katt"},"content":{"rendered":"<h4>F\u00f6r oss \u00e4r det viktigt att hitta r\u00e4tt hem till r\u00e4tt katt. D\u00e4rf\u00f6r vill vi l\u00e4ra k\u00e4nna dig f\u00f6r att det ska bli s\u00e5 bra som m\u00f6jligt f\u00f6r dig och din nya familjemedlem. En intresseanm\u00e4lan \u00e4r obligatorisk f\u00f6r att du ska bli aktuell f\u00f6r adoption eller som jourhem. Fyll i din intresseanm\u00e4lan noggrant f\u00f6r att underl\u00e4tta f\u00f6r oss vid rekryteringen.<\/h4>\n<p>OBS! V\u00e5r verksamhet finns i V\u00c4XJ\u00d6, Sm\u00e5land.<\/p>\n\n<div class=\"wpcf7 no-js\" id=\"wpcf7-f5737-o1\" lang=\"sv-SE\" dir=\"ltr\" data-wpcf7-id=\"5737\">\n<div class=\"screen-reader-response\"><p role=\"status\" aria-live=\"polite\" aria-atomic=\"true\"><\/p> <ul><\/ul><\/div>\n<form action=\"\/sigfrid\/wp-json\/wp\/v2\/pages\/5624#wpcf7-f5737-o1\" method=\"post\" class=\"wpcf7-form init\" aria-label=\"Kontaktformul\u00e4r\" novalidate=\"novalidate\" data-status=\"init\">\n<fieldset class=\"hidden-fields-container\"><input type=\"hidden\" name=\"_wpcf7\" value=\"5737\" \/><input type=\"hidden\" name=\"_wpcf7_version\" value=\"6.1\" \/><input type=\"hidden\" name=\"_wpcf7_locale\" value=\"sv_SE\" \/><input type=\"hidden\" name=\"_wpcf7_unit_tag\" value=\"wpcf7-f5737-o1\" \/><input type=\"hidden\" name=\"_wpcf7_container_post\" value=\"0\" \/><input type=\"hidden\" name=\"_wpcf7_posted_data_hash\" value=\"\" \/><input type=\"hidden\" name=\"_wpcf7_recaptcha_response\" value=\"\" \/>\n<\/fieldset>\n<div class=\"uacf7-form-wrapper-container uacf7-form-5737  \">\u00c4r du intresserad av att adoptera eller bli jourhem?\n\n<span class=\"wpcf7-form-control-wrap\" data-name=\"radio-81\"><span class=\"wpcf7-form-control wpcf7-radio\"><span class=\"wpcf7-list-item first\"><label><input type=\"radio\" name=\"radio-81\" value=\"Adoption\" checked=\"checked\" \/><span class=\"wpcf7-list-item-label\">Adoption<\/span><\/label><\/span><span class=\"wpcf7-list-item last\"><label><input type=\"radio\" name=\"radio-81\" value=\"Jourhem\" \/><span class=\"wpcf7-list-item-label\">Jourhem<\/span><\/label><\/span><\/span><\/span>\n\n<label> Ditt namn*\n    <span class=\"wpcf7-form-control-wrap\" data-name=\"namn\"><input size=\"40\" maxlength=\"400\" class=\"wpcf7-form-control wpcf7-text wpcf7-validates-as-required\" aria-required=\"true\" aria-invalid=\"false\" value=\"\" type=\"text\" name=\"namn\" \/><\/span> <\/label>\n\n<label> F\u00f6delsedatum\/\u00e5r*\n<span class=\"wpcf7-form-control-wrap\" data-name=\"personnummer\"><input class=\"wpcf7-form-control wpcf7-number wpcf7-validates-as-required wpcf7-validates-as-number\" aria-required=\"true\" aria-invalid=\"false\" placeholder=\"\u00e5\u00e5\u00e5\u00e5mmdd\" value=\"\" type=\"number\" name=\"personnummer\" \/><\/span> <\/label>\n\n\n<label> Ort och boendesituation*\n    <span class=\"wpcf7-form-control-wrap\" data-name=\"boende\"><input size=\"40\" maxlength=\"400\" class=\"wpcf7-form-control wpcf7-text wpcf7-validates-as-required\" aria-required=\"true\" aria-invalid=\"false\" value=\"\" type=\"text\" name=\"boende\" \/><\/span> <\/label>\n\n<label>Relationsstatus och familj*\n<span class=\"wpcf7-form-control-wrap\" data-name=\"familj\"><input size=\"40\" maxlength=\"400\" class=\"wpcf7-form-control wpcf7-text wpcf7-validates-as-required\" aria-required=\"true\" aria-invalid=\"false\" value=\"\" type=\"text\" name=\"familj\" \/><\/span><\/label>\n\n<label>Arbete eller annan syssels\u00e4ttning*\n<span class=\"wpcf7-form-control-wrap\" data-name=\"arbete\"><input size=\"40\" maxlength=\"400\" class=\"wpcf7-form-control wpcf7-text wpcf7-validates-as-required\" aria-required=\"true\" aria-invalid=\"false\" value=\"\" type=\"text\" name=\"arbete\" \/><\/span><\/label>\n\n<label>Information om eventuella andra husdjur\n<span class=\"wpcf7-form-control-wrap\" data-name=\"tidigare-djur\"><input size=\"40\" maxlength=\"400\" class=\"wpcf7-form-control wpcf7-text\" aria-invalid=\"false\" value=\"\" type=\"text\" name=\"tidigare-djur\" \/><\/span><\/label>\n\n\n<label>Beskriv vilken typ av djur du s\u00f6ker*\n   <span class=\"wpcf7-form-control-wrap\" data-name=\"typ-katt\"><input size=\"40\" maxlength=\"400\" class=\"wpcf7-form-control wpcf7-text wpcf7-validates-as-required\" aria-required=\"true\" aria-invalid=\"false\" value=\"\" type=\"text\" name=\"typ-katt\" \/><\/span> <\/label>\n\n\n<label>Har du hittat en specifikt djur bland v\u00e5ra djur som s\u00f6ker hem, som du \u00e4r intresserad av? Vilket djur i s\u00e5 fall?\n   <span class=\"wpcf7-form-control-wrap\" data-name=\"katt-namn\"><input size=\"40\" maxlength=\"400\" class=\"wpcf7-form-control wpcf7-text\" aria-invalid=\"false\" value=\"\" type=\"text\" name=\"katt-namn\" \/><\/span> <\/label>\n\n<label>Epostadress*\n    <span class=\"wpcf7-form-control-wrap\" data-name=\"epostadress\"><input size=\"40\" maxlength=\"400\" class=\"wpcf7-form-control wpcf7-email wpcf7-validates-as-required wpcf7-text wpcf7-validates-as-email\" aria-required=\"true\" aria-invalid=\"false\" value=\"\" type=\"email\" name=\"epostadress\" \/><\/span> <\/label>\n\n<label> Telefonnummer\n    <span class=\"wpcf7-form-control-wrap\" data-name=\"telefonnummer\"><input class=\"wpcf7-form-control wpcf7-number wpcf7-validates-as-number\" aria-invalid=\"false\" value=\"\" type=\"number\" name=\"telefonnummer\" \/><\/span> <\/label>\n\n<label> Eventuellt \u00f6vrigt meddelande\n    <span class=\"wpcf7-form-control-wrap\" data-name=\"meddelande\"><input size=\"40\" maxlength=\"400\" class=\"wpcf7-form-control wpcf7-text\" aria-invalid=\"false\" value=\"\" type=\"text\" name=\"meddelande\" \/><\/span> <\/label>\n\n\nJag \u00e4r inf\u00f6rst\u00e5dd med att verksamheten ligger i V\u00e4xj\u00f6, Sm\u00e5land\n<span class=\"wpcf7-form-control-wrap\" data-name=\"radio-722\"><span class=\"wpcf7-form-control wpcf7-radio\"><span class=\"wpcf7-list-item first\"><label><input type=\"radio\" name=\"radio-722\" value=\"Ja\" \/><span class=\"wpcf7-list-item-label\">Ja<\/span><\/label><\/span><span class=\"wpcf7-list-item last\"><label><input type=\"radio\" name=\"radio-722\" value=\"Nej\" \/><span class=\"wpcf7-list-item-label\">Nej<\/span><\/label><\/span><\/span><\/span> \n\n\n*Obligatoriska f\u00e4lt.\n\n<input class=\"wpcf7-form-control wpcf7-submit has-spinner\" type=\"submit\" value=\"Skicka\" \/><\/div><div class=\"wpcf7-response-output\" aria-hidden=\"true\"><\/div>\n<\/form>\n<\/div>\n\n","protected":false},"excerpt":{"rendered":"<p>F\u00f6r oss \u00e4r det viktigt att hitta r\u00e4tt hem till r\u00e4tt katt. D\u00e4rf\u00f6r vill vi l\u00e4ra k\u00e4nna dig f\u00f6r att det ska bli s\u00e5 bra som m\u00f6jligt f\u00f6r dig och din nya familjemedlem. En intresseanm\u00e4lan \u00e4r obligatorisk f\u00f6r att du ska bli aktuell f\u00f6r adoption eller som jourhem. Fyll i din intresseanm\u00e4lan noggrant f\u00f6r att underl\u00e4tta f\u00f6r oss vid rekryteringen. OBS! V\u00e5r verksamhet finns i V\u00c4XJ\u00d6, Sm\u00e5land.<\/p>\n","protected":false},"author":3,"featured_media":0,"parent":0,"menu_order":0,"comment_status":"closed","ping_status":"closed","template":"page-templates\/left-sidebar.php","meta":{"_acf_changed":false,"footnotes":""},"class_list":["post-5624","page","type-page","status-publish","hentry"],"acf":[],"_links":{"self":[{"href":"https:\/\/www.djurskyddet.se\/sigfrid\/wp-json\/wp\/v2\/pages\/5624","targetHints":{"allow":["GET"]}}],"collection":[{"href":"https:\/\/www.djurskyddet.se\/sigfrid\/wp-json\/wp\/v2\/pages"}],"about":[{"href":"https:\/\/www.djurskyddet.se\/sigfrid\/wp-json\/wp\/v2\/types\/page"}],"author":[{"embeddable":true,"href":"https:\/\/www.djurskyddet.se\/sigfrid\/wp-json\/wp\/v2\/users\/3"}],"replies":[{"embeddable":true,"href":"https:\/\/www.djurskyddet.se\/sigfrid\/wp-json\/wp\/v2\/comments?post=5624"}],"version-history":[{"count":17,"href":"https:\/\/www.djurskyddet.se\/sigfrid\/wp-json\/wp\/v2\/pages\/5624\/revisions"}],"predecessor-version":[{"id":7754,"href":"https:\/\/www.djurskyddet.se\/sigfrid\/wp-json\/wp\/v2\/pages\/5624\/revisions\/7754"}],"wp:attachment":[{"href":"https:\/\/www.djurskyddet.se\/sigfrid\/wp-json\/wp\/v2\/media?parent=5624"}],"curies":[{"name":"wp","href":"https:\/\/api.w.org\/{rel}","templated":true}]}}