{"id":5680,"date":"2018-06-11T11:13:25","date_gmt":"2018-06-11T11:13:25","guid":{"rendered":"http:\/\/www.djurskyddet.se\/sigfrid\/?page_id=5680"},"modified":"2020-11-08T15:07:42","modified_gmt":"2020-11-08T14:07:42","slug":"infor-veterinarbesoket","status":"publish","type":"page","link":"https:\/\/www.djurskyddet.se\/sigfrid\/tips-rad\/infor-veterinarbesoket\/","title":{"rendered":"Inf\u00f6r veterin\u00e4rbes\u00f6ket"},"content":{"rendered":"<p><strong>Blir din katt stressad n\u00e4r du ska till veterin\u00e4ren? H\u00e4r f\u00e5r du tips p\u00e5 hur veterin\u00e4rbes\u00f6ket kan bli en b\u00e4ttre upplevelse f\u00f6r din katt.<\/strong><\/p>\n<p>Att f\u00e5 in katten i transportburen upplevs av m\u00e5nga \u00e4gare som ett problem och \u00e4r en av anledningarna till att katter bes\u00f6ker veterin\u00e4r mer s\u00e4llan \u00e4n hundar. Genom att v\u00e4nja katten vid buren och vid att transporteras kan man minska risken att katten \u00e4r stressad d\u00e5 den kommer till kliniken.<\/p>\n<p><strong>H\u00e4r \u00e4r n\u00e5gra tips p\u00e5 hur du kan minska stress vid transport:<br \/>\n<\/strong><br \/>\nAnv\u00e4nd en transportbur med avtagbar \u00f6verdel. En r\u00e4dd katt kan k\u00e4nna sig mer trygg<br \/>\nom den f\u00e5r sitta kvar i underdelen av buren vid unders\u00f6kning.<\/p>\n<p>Placera buren l\u00e4ttillg\u00e4nglig i hemmet en tid innan veterin\u00e4rbes\u00f6ket. L\u00e4gg in ett mjukt underlag, n\u00e5gra leksaker eller godis. Uppmuntra katten att g\u00e5 in i buren men anv\u00e4nd aldrig tv\u00e5ng.<\/p>\n<p>Tr\u00e4na med korta bilturer och bel\u00f6na katten n\u00e4r den \u00e4r lugn.<br \/>\nAtt anv\u00e4nda en spray med syntetiska feromoner (t.ex. Feliway) i buren 30 min innan resa kan minska oro och stress.<\/p>\n<p>T\u00e4ck \u00f6ver buren med en tunn filt eller b\u00e4r buren med framsidan bak\u00e5tv\u00e4nd f\u00f6r att minska kattens synintryck. Att minska kattens synintryck kan \u00e4ven hj\u00e4lpa mot \u00e5ksjuka, alternativt kan medicinering innan bilresa anv\u00e4ndas.<\/p>\n<p>Du kan redan fr\u00e5n kattungestadiet v\u00e4nja din katt vid klinisk unders\u00f6kning genom att \u00f6va p\u00e5 att t ex inspektera din katts mun eller reng\u00f6ra kattens \u00f6ron hemma. V\u00e4nj din katt vid ber\u00f6ring p\u00e5 tassar, klor och svans.<\/p>\n<p>F\u00f6r att hj\u00e4lpa en stressad katt \u00e4r det viktigt att h\u00e5lla sig lugn och inte visa sin oro vid veterin\u00e4rbes\u00f6ket. All form av bestraffning \u00f6kar kattens r\u00e4dsla och ska undvikas helt. O\u00f6nskat beteende b\u00f6r ignoreras och \u00f6nskat beteende ska bel\u00f6nas i form av kel, godis eller lek.<\/p>\n<p>K\u00e4lla: <a href=\"http:\/\/stud.epsilon.slu.se\/6008\/7\/eriksson_f_130904.pdf\" target=\"_blank\" rel=\"noopener noreferrer\">Att f\u00f6rebygga stress hos kattpatienten<\/a><\/p>\n","protected":false},"excerpt":{"rendered":"<p>Blir din katt stressad n\u00e4r du ska till veterin\u00e4ren? H\u00e4r f\u00e5r du tips p\u00e5 hur veterin\u00e4rbes\u00f6ket kan bli en b\u00e4ttre upplevelse f\u00f6r din katt. Att f\u00e5 in katten i transportburen upplevs av m\u00e5nga \u00e4gare som ett problem och \u00e4r en av anledningarna till att katter bes\u00f6ker veterin\u00e4r mer s\u00e4llan \u00e4n hundar. Genom att v\u00e4nja katten vid buren och vid att transporteras kan man minska risken att katten \u00e4r stressad d\u00e5&hellip;<\/p>\n<p><a class=\"more-link\" href=\"https:\/\/www.djurskyddet.se\/sigfrid\/tips-rad\/infor-veterinarbesoket\/\" title=\"Continue reading &lsquo;Inf\u00f6r veterin\u00e4rbes\u00f6ket&rsquo;\">L&auml;s mer<span class=\"meta-nav\">&raquo;<\/span><\/a><\/p>\n","protected":false},"author":3,"featured_media":0,"parent":5504,"menu_order":0,"comment_status":"closed","ping_status":"closed","template":"page-templates\/left-sidebar.php","meta":{"_acf_changed":false,"footnotes":""},"class_list":["post-5680","page","type-page","status-publish","hentry"],"acf":[],"_links":{"self":[{"href":"https:\/\/www.djurskyddet.se\/sigfrid\/wp-json\/wp\/v2\/pages\/5680","targetHints":{"allow":["GET"]}}],"collection":[{"href":"https:\/\/www.djurskyddet.se\/sigfrid\/wp-json\/wp\/v2\/pages"}],"about":[{"href":"https:\/\/www.djurskyddet.se\/sigfrid\/wp-json\/wp\/v2\/types\/page"}],"author":[{"embeddable":true,"href":"https:\/\/www.djurskyddet.se\/sigfrid\/wp-json\/wp\/v2\/users\/3"}],"replies":[{"embeddable":true,"href":"https:\/\/www.djurskyddet.se\/sigfrid\/wp-json\/wp\/v2\/comments?post=5680"}],"version-history":[{"count":5,"href":"https:\/\/www.djurskyddet.se\/sigfrid\/wp-json\/wp\/v2\/pages\/5680\/revisions"}],"predecessor-version":[{"id":6600,"href":"https:\/\/www.djurskyddet.se\/sigfrid\/wp-json\/wp\/v2\/pages\/5680\/revisions\/6600"}],"up":[{"embeddable":true,"href":"https:\/\/www.djurskyddet.se\/sigfrid\/wp-json\/wp\/v2\/pages\/5504"}],"wp:attachment":[{"href":"https:\/\/www.djurskyddet.se\/sigfrid\/wp-json\/wp\/v2\/media?parent=5680"}],"curies":[{"name":"wp","href":"https:\/\/api.w.org\/{rel}","templated":true}]}}