{"id":5687,"date":"2018-06-11T11:48:43","date_gmt":"2018-06-11T11:48:43","guid":{"rendered":"http:\/\/www.djurskyddet.se\/sigfrid\/?page_id=5687"},"modified":"2023-03-12T12:50:23","modified_gmt":"2023-03-12T11:50:23","slug":"bortsprungen-katt","status":"publish","type":"page","link":"https:\/\/www.djurskyddet.se\/sigfrid\/tips-rad\/bortsprungen-katt\/","title":{"rendered":"Bortsprungen katt"},"content":{"rendered":"<p><strong>Har din katt f\u00f6rsvunnit?<\/strong><\/p>\n<p><em>N\u00e4r du sj\u00e4lv s\u00f6ker efter din katt \u00e4r de b\u00e4sta tiderna i gryning och skymning. Katten kan ha blivit skr\u00e4md och trycker troligtvis n\u00e5gonstans i n\u00e4rheten. En innekatt h\u00e5ller sig i regel inom en radie av 100 meter fr\u00e5n hemmet f\u00f6rsta dagarna efter ett f\u00f6rsvinnande. <\/em><em>Locka med n\u00e5got ljud som \u00e4r positivt f\u00f6r din katt, kanske en prasslande p\u00e5se med favoritgodiset? Titta \u00e4ven upp i tr\u00e4den \u2013 katten kan ha skr\u00e4mts upp och kanske sedan inte kan komma ner sj\u00e4lv. Alla katter l\u00e4r sig n\u00e4mligen inte att kl\u00e4ttra bakl\u00e4nges.<\/em><\/p>\n<p>St\u00e4ll omg\u00e5ende ut mat, helst i en transsportbur med en filt som luktar \u201dhemma\u201d.<br \/>\n\u00c4ven sand fr\u00e5n kattl\u00e5dan kan st\u00e4llas ut i n\u00e4rheten av hemmet f\u00f6r att locka till sig katten.<\/p>\n<p>Kontrollera att dina och ditt djurs uppgifter \u00e4r registrerade hos <a href=\"https:\/\/jordbruksverket.se\/e-tjanster-databaser-och-appar\/e-tjanster-och-databaser-djur\/kattregistret---registrera-katt\">Jordbruksverket<\/a>. Har du registrerat din katt hos Svenska Kennelklubbens katt\u00e4garregister <a href=\"http:\/\/www.djurid.se\" target=\"_blank\" rel=\"noopener noreferrer\">DjurID.se<\/a> och\/eller <a href=\"http:\/\/www.sverak.se\/id-register\/\" target=\"_blank\" rel=\"noopener noreferrer\">Sverak<\/a> kontrollera \u00e4ven att dessa \u00e4r korrekta.<\/p>\n<p><strong>Ge inte upp!<br \/>\n<\/strong>Det kan ta tid att f\u00e5 tillbaka sin katt. Dagar kan g\u00e5 och l\u00e4get k\u00e4nns hoppl\u00f6st, men ha t\u00e5lamod och ge inte upp! Kom ih\u00e5g att m\u00e5nga m\u00e4nniskor g\u00e4rna hj\u00e4lper till n\u00e4r en katt \u00e4r p\u00e5 rymmen. Engagera dina v\u00e4nner, familj och grannar. Gl\u00f6m inte meddela alla som engagerat sig n\u00e4r katten hittat hem igen.<\/p>\n<p><strong>Efterlys din katt<\/strong><\/p>\n<p>*Anm\u00e4l till polisen att din katt \u00e4r f\u00f6rsvunnen. De har register \u00f6ver bortsprungna och upphittade djur. Numret du ringer \u00e4r 114 14.<\/p>\n<p>*G\u00f6r en efterlysning p\u00e5 <a href=\"http:\/\/www.vilse.nu\" target=\"_blank\" rel=\"noopener noreferrer\">vilse.nu<\/a> \u2013 en nationell databas f\u00f6r f\u00f6rsvunna\/upphittade katter fr\u00e5n SVERAK.<\/p>\n<p>*Om katten \u00e4r adopterad fr\u00e5n Djurskyddet Sigfrid\u2013 kontakta oss p\u00e5 mailadressen sigfrid.katt@djurskyddet.se.<\/p>\n<p>*Ber\u00e4tta f\u00f6r dina grannar, annonsera p\u00e5 Blocket under Efterlysningar, annonsera i lokala Facebookgrupper. S\u00e4tt upp lappar med bild i n\u00e4romr\u00e5det, i mataff\u00e4rer, i zoo-aff\u00e4rer, p\u00e5 djurkliniker, vid bussh\u00e5llplatser och p\u00e5 andra st\u00e4llen d\u00e4r folk r\u00f6r sig.<\/p>\n<p>*H\u00f6r dig f\u00f6r med lokala katthem om de f\u00e5tt in en katt som matchar din.<\/p>\n","protected":false},"excerpt":{"rendered":"<p>Har din katt f\u00f6rsvunnit? N\u00e4r du sj\u00e4lv s\u00f6ker efter din katt \u00e4r de b\u00e4sta tiderna i gryning och skymning. Katten kan ha blivit skr\u00e4md och trycker troligtvis n\u00e5gonstans i n\u00e4rheten. En innekatt h\u00e5ller sig i regel inom en radie av 100 meter fr\u00e5n hemmet f\u00f6rsta dagarna efter ett f\u00f6rsvinnande. Locka med n\u00e5got ljud som \u00e4r positivt f\u00f6r din katt, kanske en prasslande p\u00e5se med favoritgodiset? Titta \u00e4ven upp i tr\u00e4den&hellip;<\/p>\n<p><a class=\"more-link\" href=\"https:\/\/www.djurskyddet.se\/sigfrid\/tips-rad\/bortsprungen-katt\/\" title=\"Continue reading &lsquo;Bortsprungen katt&rsquo;\">L&auml;s mer<span class=\"meta-nav\">&raquo;<\/span><\/a><\/p>\n","protected":false},"author":3,"featured_media":0,"parent":5504,"menu_order":0,"comment_status":"closed","ping_status":"closed","template":"page-templates\/left-sidebar.php","meta":{"_acf_changed":false,"footnotes":""},"class_list":["post-5687","page","type-page","status-publish","hentry"],"acf":[],"_links":{"self":[{"href":"https:\/\/www.djurskyddet.se\/sigfrid\/wp-json\/wp\/v2\/pages\/5687","targetHints":{"allow":["GET"]}}],"collection":[{"href":"https:\/\/www.djurskyddet.se\/sigfrid\/wp-json\/wp\/v2\/pages"}],"about":[{"href":"https:\/\/www.djurskyddet.se\/sigfrid\/wp-json\/wp\/v2\/types\/page"}],"author":[{"embeddable":true,"href":"https:\/\/www.djurskyddet.se\/sigfrid\/wp-json\/wp\/v2\/users\/3"}],"replies":[{"embeddable":true,"href":"https:\/\/www.djurskyddet.se\/sigfrid\/wp-json\/wp\/v2\/comments?post=5687"}],"version-history":[{"count":5,"href":"https:\/\/www.djurskyddet.se\/sigfrid\/wp-json\/wp\/v2\/pages\/5687\/revisions"}],"predecessor-version":[{"id":7375,"href":"https:\/\/www.djurskyddet.se\/sigfrid\/wp-json\/wp\/v2\/pages\/5687\/revisions\/7375"}],"up":[{"embeddable":true,"href":"https:\/\/www.djurskyddet.se\/sigfrid\/wp-json\/wp\/v2\/pages\/5504"}],"wp:attachment":[{"href":"https:\/\/www.djurskyddet.se\/sigfrid\/wp-json\/wp\/v2\/media?parent=5687"}],"curies":[{"name":"wp","href":"https:\/\/api.w.org\/{rel}","templated":true}]}}