{"id":5695,"date":"2018-06-11T12:01:43","date_gmt":"2018-06-11T12:01:43","guid":{"rendered":"http:\/\/www.djurskyddet.se\/sigfrid\/?page_id=5695"},"modified":"2020-11-08T16:08:53","modified_gmt":"2020-11-08T15:08:53","slug":"med-katt-i-hemmet","status":"publish","type":"page","link":"https:\/\/www.djurskyddet.se\/sigfrid\/tips-rad\/med-katt-i-hemmet\/","title":{"rendered":"Med katt i hemmet"},"content":{"rendered":"<p><strong>Hur katts\u00e4krar du ditt hem? Vad ska en katt \u00e4ta? H\u00e4r har vi samlat ihop saker att t\u00e4nka p\u00e5 som katt\u00e4gare.<\/strong><\/p>\n<p><strong>Kost<\/strong><br \/>\nI m\u00e4nniskans kost finns det saker som katter inte ska \u00e4ta, exempelvis l\u00f6k, salt och kryddor. Katter ska \u00e4ta en fullv\u00e4rdig kost som \u00e4r anpassad f\u00f6r just katter.<br \/>\nGe g\u00e4rna din katt bl\u00f6tfoder, d\u00e5 f\u00e5r katten i sig bra med v\u00e4tska. Katter saknar t\u00f6rstreflex och k\u00e4nner d\u00e4rmed inte av att dem beh\u00f6ver dricka. Placera vattensk\u00e5len l\u00e5ngt ifr\u00e5n matsk\u00e5len, kanske i ett f\u00f6nster eller p\u00e5 en hylla, det g\u00f6r att de flesta katter dricker b\u00e4ttre.<br \/>\nTorrfoder b\u00f6r ges i begr\u00e4nsad m\u00e4ngd f\u00f6r att undvika \u00f6vervikt. L\u00e4s p\u00e5 f\u00f6rpackningen om hur du ska dosera torrfodret och v\u00e4lj ett foder l\u00e4mpad f\u00f6r just din katt.<\/p>\n<p><strong>Blommor, v\u00e4xter och \u00f6rter<\/strong><br \/>\nN\u00e5gra av v\u00e5ra vanliga krukv\u00e4xter \u00e4r tyv\u00e4rr giftiga f\u00f6r katter. Ha d\u00e4rf\u00f6r g\u00e4rna fr\u00e4scht kattgr\u00e4s tillg\u00e4ngligt. L\u00e4s mer om farliga v\u00e4xter f\u00f6r katter <a href=\"https:\/\/www.agria.se\/katt\/artiklar\/sjukdomar-och-skador\/farliga-vaxter-for-katten\/\">h\u00e4r.<\/a><\/p>\n<p><strong>Sm\u00e5saker<\/strong><br \/>\nAtt katts\u00e4kra ett hem \u00e4r ungef\u00e4r som att barns\u00e4kra ett hem. Undvik att ha framme eller h\u00e5ll under uppsikt: levande ljus, garnnystan, gummisnoddar, sm\u00e5 vassa f\u00f6rem\u00e5l s\u00e5som n\u00e5lar osv. Vassa f\u00f6rem\u00e5l mindre \u00e4n 1 cm i diameter kan skada mag- och tarmsystemet. Sm\u00e5 f\u00f6rem\u00e5l st\u00f6rre \u00e4n s\u00e5 riskerar att fastna i matstrupen. L\u00e5t inte sm\u00e5saker ligga framme!<\/p>\n<p><strong>L\u00e4kemedel och kemikalier<\/strong><br \/>\nL\u00e4kemedel och kemikalier ska h\u00e5llas undan f\u00f6r katt. Oftast \u00e4ter inte en katt kemikalier direkt men kan f\u00e5 det i sig via omv\u00e4gar, exempelvis gift som man lagt ut f\u00f6r att bek\u00e4mpa olika skadedjur.<br \/>\nI inomhusmilj\u00f6n finns flera kemikalier som p\u00e5verkar b\u00e5de m\u00e4nniska och djur. Dessa \u00e4mnen samlas ofta i damm. Det \u00e4r d\u00e4rf\u00f6r bra att komma ih\u00e5g att allt som en katt f\u00e5r p\u00e5 sig f\u00e5r den ocks\u00e5 i sig, n\u00e4r den reng\u00f6r sin p\u00e4ls.<br \/>\nEn katt \u00e4r en katt och har sin specifika \u00e4mnesoms\u00e4ttning som g\u00f6r att den kan bryta ner vissa \u00e4mnen men inte andra. D\u00e4rf\u00f6r \u00e4r det sj\u00e4lvklart att l\u00e4kemedel som \u00e4r framtagna f\u00f6r m\u00e4nniskor och f\u00f6r hundar per automatik inte passar katter. Man ska inte sj\u00e4lv inleda en medicinering av sin katt utan alltid r\u00e5dfr\u00e5ga veterin\u00e4r.<\/p>\n","protected":false},"excerpt":{"rendered":"<p>Hur katts\u00e4krar du ditt hem? Vad ska en katt \u00e4ta? H\u00e4r har vi samlat ihop saker att t\u00e4nka p\u00e5 som katt\u00e4gare. Kost I m\u00e4nniskans kost finns det saker som katter inte ska \u00e4ta, exempelvis l\u00f6k, salt och kryddor. Katter ska \u00e4ta en fullv\u00e4rdig kost som \u00e4r anpassad f\u00f6r just katter. Ge g\u00e4rna din katt bl\u00f6tfoder, d\u00e5 f\u00e5r katten i sig bra med v\u00e4tska. Katter saknar t\u00f6rstreflex och k\u00e4nner d\u00e4rmed inte&hellip;<\/p>\n<p><a class=\"more-link\" href=\"https:\/\/www.djurskyddet.se\/sigfrid\/tips-rad\/med-katt-i-hemmet\/\" title=\"Continue reading &lsquo;Med katt i hemmet&rsquo;\">L&auml;s mer<span class=\"meta-nav\">&raquo;<\/span><\/a><\/p>\n","protected":false},"author":3,"featured_media":0,"parent":5504,"menu_order":0,"comment_status":"closed","ping_status":"closed","template":"page-templates\/left-sidebar.php","meta":{"_acf_changed":false,"footnotes":""},"class_list":["post-5695","page","type-page","status-publish","hentry"],"acf":[],"_links":{"self":[{"href":"https:\/\/www.djurskyddet.se\/sigfrid\/wp-json\/wp\/v2\/pages\/5695","targetHints":{"allow":["GET"]}}],"collection":[{"href":"https:\/\/www.djurskyddet.se\/sigfrid\/wp-json\/wp\/v2\/pages"}],"about":[{"href":"https:\/\/www.djurskyddet.se\/sigfrid\/wp-json\/wp\/v2\/types\/page"}],"author":[{"embeddable":true,"href":"https:\/\/www.djurskyddet.se\/sigfrid\/wp-json\/wp\/v2\/users\/3"}],"replies":[{"embeddable":true,"href":"https:\/\/www.djurskyddet.se\/sigfrid\/wp-json\/wp\/v2\/comments?post=5695"}],"version-history":[{"count":3,"href":"https:\/\/www.djurskyddet.se\/sigfrid\/wp-json\/wp\/v2\/pages\/5695\/revisions"}],"predecessor-version":[{"id":6605,"href":"https:\/\/www.djurskyddet.se\/sigfrid\/wp-json\/wp\/v2\/pages\/5695\/revisions\/6605"}],"up":[{"embeddable":true,"href":"https:\/\/www.djurskyddet.se\/sigfrid\/wp-json\/wp\/v2\/pages\/5504"}],"wp:attachment":[{"href":"https:\/\/www.djurskyddet.se\/sigfrid\/wp-json\/wp\/v2\/media?parent=5695"}],"curies":[{"name":"wp","href":"https:\/\/api.w.org\/{rel}","templated":true}]}}