{"id":5716,"date":"2018-06-12T13:27:07","date_gmt":"2018-06-12T13:27:07","guid":{"rendered":"http:\/\/www.djurskyddet.se\/sigfrid\/?page_id=5716"},"modified":"2026-03-29T17:49:58","modified_gmt":"2026-03-29T16:49:58","slug":"sponsorer","status":"publish","type":"page","link":"https:\/\/www.djurskyddet.se\/sigfrid\/stod-oss\/sponsorer\/","title":{"rendered":"Sponsorer"},"content":{"rendered":"<h3>Dessa f\u00f6retag st\u00f6djer oss i v\u00e5rt arbete f\u00f6r djurens b\u00e4sta! Klicka p\u00e5 bilderna f\u00f6r att komma till f\u00f6retagens respektive hemsida.<\/h3>\n<h3>Tusen tack f\u00f6r all den hj\u00e4lp vi f\u00e5r av er f\u00f6r att kunna hj\u00e4lpa djuren.<\/h3>\n\n\n<figure class=\"wp-block-gallery has-nested-images columns-4 wp-block-gallery-1 is-layout-flex wp-block-gallery-is-layout-flex\">\n<figure class=\"wp-block-image size-full\"><a href=\"https:\/\/www.hillspet.se\/\" target=\"_blank\" rel=\" noreferrer noopener\"><img loading=\"lazy\" decoding=\"async\" width=\"320\" height=\"320\" data-id=\"8410\" src=\"https:\/\/www.djurskyddet.se\/sigfrid\/wp-content\/uploads\/sites\/18\/2025\/05\/hills-logo-png_seeklogo-168904.png\" alt=\"\" class=\"wp-image-8410\" srcset=\"https:\/\/www.djurskyddet.se\/sigfrid\/wp-content\/uploads\/sites\/18\/2025\/05\/hills-logo-png_seeklogo-168904.png 320w, https:\/\/www.djurskyddet.se\/sigfrid\/wp-content\/uploads\/sites\/18\/2025\/05\/hills-logo-png_seeklogo-168904-300x300.png 300w, https:\/\/www.djurskyddet.se\/sigfrid\/wp-content\/uploads\/sites\/18\/2025\/05\/hills-logo-png_seeklogo-168904-150x150.png 150w\" sizes=\"auto, (max-width: 320px) 100vw, 320px\" \/><\/a><\/figure>\n\n\n\n<figure class=\"wp-block-image size-large\"><a href=\"https:\/\/vaxjonyadjurklinik.se\/\" target=\"_blank\" rel=\" noreferrer noopener\"><img loading=\"lazy\" decoding=\"async\" width=\"225\" height=\"224\" data-id=\"7996\" src=\"https:\/\/www.djurskyddet.se\/sigfrid\/wp-content\/uploads\/sites\/18\/2025\/01\/images.jpg\" alt=\"\" class=\"wp-image-7996\" srcset=\"https:\/\/www.djurskyddet.se\/sigfrid\/wp-content\/uploads\/sites\/18\/2025\/01\/images.jpg 225w, https:\/\/www.djurskyddet.se\/sigfrid\/wp-content\/uploads\/sites\/18\/2025\/01\/images-150x150.jpg 150w\" sizes=\"auto, (max-width: 225px) 100vw, 225px\" \/><\/a><\/figure>\n\n\n\n<figure class=\"wp-block-image size-full\"><a href=\"https:\/\/www.agria.se\/\" target=\"_blank\" rel=\" noreferrer noopener\"><img loading=\"lazy\" decoding=\"async\" width=\"300\" height=\"300\" data-id=\"8409\" src=\"https:\/\/www.djurskyddet.se\/sigfrid\/wp-content\/uploads\/sites\/18\/2025\/05\/98514311-7spku.png\" alt=\"\" class=\"wp-image-8409\" srcset=\"https:\/\/www.djurskyddet.se\/sigfrid\/wp-content\/uploads\/sites\/18\/2025\/05\/98514311-7spku.png 300w, https:\/\/www.djurskyddet.se\/sigfrid\/wp-content\/uploads\/sites\/18\/2025\/05\/98514311-7spku-150x150.png 150w\" sizes=\"auto, (max-width: 300px) 100vw, 300px\" \/><\/a><\/figure>\n\n\n\n<figure class=\"wp-block-image size-large\"><a href=\"https:\/\/www.cs-reklam.com\/\" target=\"_blank\" rel=\" noreferrer noopener\"><img loading=\"lazy\" decoding=\"async\" width=\"1024\" height=\"1001\" data-id=\"7416\" src=\"https:\/\/www.djurskyddet.se\/sigfrid\/wp-content\/uploads\/sites\/18\/2023\/05\/IMG_3762-1024x1001.png\" alt=\"\" class=\"wp-image-7416\" srcset=\"https:\/\/www.djurskyddet.se\/sigfrid\/wp-content\/uploads\/sites\/18\/2023\/05\/IMG_3762-1024x1001.png 1024w, https:\/\/www.djurskyddet.se\/sigfrid\/wp-content\/uploads\/sites\/18\/2023\/05\/IMG_3762-300x293.png 300w, https:\/\/www.djurskyddet.se\/sigfrid\/wp-content\/uploads\/sites\/18\/2023\/05\/IMG_3762-768x751.png 768w, https:\/\/www.djurskyddet.se\/sigfrid\/wp-content\/uploads\/sites\/18\/2023\/05\/IMG_3762-1536x1502.png 1536w, https:\/\/www.djurskyddet.se\/sigfrid\/wp-content\/uploads\/sites\/18\/2023\/05\/IMG_3762-400x391.png 400w, https:\/\/www.djurskyddet.se\/sigfrid\/wp-content\/uploads\/sites\/18\/2023\/05\/IMG_3762.png 1786w\" sizes=\"auto, (max-width: 1024px) 100vw, 1024px\" \/><\/a><\/figure>\n\n\n\n<figure class=\"wp-block-image size-large\"><a href=\"https:\/\/pavelsgard.se\/\" target=\"_blank\" rel=\" noreferrer noopener\"><img loading=\"lazy\" decoding=\"async\" width=\"930\" height=\"1024\" data-id=\"8460\" src=\"https:\/\/www.djurskyddet.se\/sigfrid\/wp-content\/uploads\/sites\/18\/2025\/06\/2a587823-ef2c-4bb5-be4b-c3d645ef2014.jpg\" alt=\"\" class=\"wp-image-8460\" srcset=\"https:\/\/www.djurskyddet.se\/sigfrid\/wp-content\/uploads\/sites\/18\/2025\/06\/2a587823-ef2c-4bb5-be4b-c3d645ef2014.jpg 930w, https:\/\/www.djurskyddet.se\/sigfrid\/wp-content\/uploads\/sites\/18\/2025\/06\/2a587823-ef2c-4bb5-be4b-c3d645ef2014-272x300.jpg 272w, https:\/\/www.djurskyddet.se\/sigfrid\/wp-content\/uploads\/sites\/18\/2025\/06\/2a587823-ef2c-4bb5-be4b-c3d645ef2014-768x846.jpg 768w, https:\/\/www.djurskyddet.se\/sigfrid\/wp-content\/uploads\/sites\/18\/2025\/06\/2a587823-ef2c-4bb5-be4b-c3d645ef2014-400x440.jpg 400w\" sizes=\"auto, (max-width: 930px) 100vw, 930px\" \/><\/a><\/figure>\n\n\n\n<figure class=\"wp-block-image size-large\"><a href=\"https:\/\/vetgruppen.se\/\" target=\"_blank\" rel=\" noreferrer noopener\"><img loading=\"lazy\" decoding=\"async\" width=\"189\" height=\"204\" data-id=\"8770\" src=\"https:\/\/www.djurskyddet.se\/sigfrid\/wp-content\/uploads\/sites\/18\/2026\/03\/images-1.png\" alt=\"\" class=\"wp-image-8770\" \/><\/a><\/figure>\n\n\n\n<figure class=\"wp-block-image size-large\"><a href=\"https:\/\/tctextiltryck.se\/\" target=\"_blank\" rel=\" noreferrer noopener\"><img loading=\"lazy\" decoding=\"async\" width=\"225\" height=\"225\" data-id=\"8776\" src=\"https:\/\/www.djurskyddet.se\/sigfrid\/wp-content\/uploads\/sites\/18\/2026\/03\/images-2-1.png\" alt=\"\" class=\"wp-image-8776\" srcset=\"https:\/\/www.djurskyddet.se\/sigfrid\/wp-content\/uploads\/sites\/18\/2026\/03\/images-2-1.png 225w, https:\/\/www.djurskyddet.se\/sigfrid\/wp-content\/uploads\/sites\/18\/2026\/03\/images-2-1-150x150.png 150w\" sizes=\"auto, (max-width: 225px) 100vw, 225px\" \/><\/a><\/figure>\n\n\n\n<figure class=\"wp-block-image size-large\"><a href=\"https:\/\/www.smedbergsskaft.com\/\" target=\"_blank\" rel=\" noreferrer noopener\"><img loading=\"lazy\" decoding=\"async\" width=\"720\" height=\"720\" data-id=\"8320\" src=\"https:\/\/www.djurskyddet.se\/sigfrid\/wp-content\/uploads\/sites\/18\/2025\/04\/profilbildfb.jpg\" alt=\"\" class=\"wp-image-8320\" srcset=\"https:\/\/www.djurskyddet.se\/sigfrid\/wp-content\/uploads\/sites\/18\/2025\/04\/profilbildfb.jpg 720w, https:\/\/www.djurskyddet.se\/sigfrid\/wp-content\/uploads\/sites\/18\/2025\/04\/profilbildfb-300x300.jpg 300w, https:\/\/www.djurskyddet.se\/sigfrid\/wp-content\/uploads\/sites\/18\/2025\/04\/profilbildfb-150x150.jpg 150w, https:\/\/www.djurskyddet.se\/sigfrid\/wp-content\/uploads\/sites\/18\/2025\/04\/profilbildfb-400x400.jpg 400w\" sizes=\"auto, (max-width: 720px) 100vw, 720px\" \/><\/a><\/figure>\n\n\n\n<figure class=\"wp-block-image size-large\"><a href=\"https:\/\/bestfriend.com\/sv\" target=\"_blank\" rel=\" noreferrer noopener\"><img loading=\"lazy\" decoding=\"async\" width=\"225\" height=\"225\" data-id=\"7997\" src=\"https:\/\/www.djurskyddet.se\/sigfrid\/wp-content\/uploads\/sites\/18\/2025\/01\/images-1.png\" alt=\"\" class=\"wp-image-7997\" srcset=\"https:\/\/www.djurskyddet.se\/sigfrid\/wp-content\/uploads\/sites\/18\/2025\/01\/images-1.png 225w, https:\/\/www.djurskyddet.se\/sigfrid\/wp-content\/uploads\/sites\/18\/2025\/01\/images-1-150x150.png 150w\" sizes=\"auto, (max-width: 225px) 100vw, 225px\" \/><\/a><\/figure>\n\n\n\n<figure class=\"wp-block-image size-large is-style-default\"><a href=\"https:\/\/www.vislandavet.se\/\" target=\"_blank\" rel=\" noreferrer noopener\"><img loading=\"lazy\" decoding=\"async\" width=\"1024\" height=\"683\" data-id=\"8469\" src=\"https:\/\/www.djurskyddet.se\/sigfrid\/wp-content\/uploads\/sites\/18\/2025\/06\/64cc577d-af31-4856-b51e-0dc6ebb85941.jpg\" alt=\"\" class=\"wp-image-8469\" srcset=\"https:\/\/www.djurskyddet.se\/sigfrid\/wp-content\/uploads\/sites\/18\/2025\/06\/64cc577d-af31-4856-b51e-0dc6ebb85941.jpg 1024w, https:\/\/www.djurskyddet.se\/sigfrid\/wp-content\/uploads\/sites\/18\/2025\/06\/64cc577d-af31-4856-b51e-0dc6ebb85941-300x200.jpg 300w, https:\/\/www.djurskyddet.se\/sigfrid\/wp-content\/uploads\/sites\/18\/2025\/06\/64cc577d-af31-4856-b51e-0dc6ebb85941-768x512.jpg 768w, https:\/\/www.djurskyddet.se\/sigfrid\/wp-content\/uploads\/sites\/18\/2025\/06\/64cc577d-af31-4856-b51e-0dc6ebb85941-400x267.jpg 400w\" sizes=\"auto, (max-width: 1024px) 100vw, 1024px\" \/><\/a><\/figure>\n\n\n\n<figure class=\"wp-block-image size-large\"><a href=\"https:\/\/kattkuratorn.se\/\" target=\"_blank\" rel=\" noreferrer noopener\"><img loading=\"lazy\" decoding=\"async\" width=\"500\" height=\"500\" data-id=\"8400\" src=\"https:\/\/www.djurskyddet.se\/sigfrid\/wp-content\/uploads\/sites\/18\/2025\/05\/506b7e88-ec87-4f09-ae26-f6e37e2d228c.jpg\" alt=\"\" class=\"wp-image-8400\" srcset=\"https:\/\/www.djurskyddet.se\/sigfrid\/wp-content\/uploads\/sites\/18\/2025\/05\/506b7e88-ec87-4f09-ae26-f6e37e2d228c.jpg 500w, https:\/\/www.djurskyddet.se\/sigfrid\/wp-content\/uploads\/sites\/18\/2025\/05\/506b7e88-ec87-4f09-ae26-f6e37e2d228c-300x300.jpg 300w, https:\/\/www.djurskyddet.se\/sigfrid\/wp-content\/uploads\/sites\/18\/2025\/05\/506b7e88-ec87-4f09-ae26-f6e37e2d228c-150x150.jpg 150w, https:\/\/www.djurskyddet.se\/sigfrid\/wp-content\/uploads\/sites\/18\/2025\/05\/506b7e88-ec87-4f09-ae26-f6e37e2d228c-400x400.jpg 400w\" sizes=\"auto, (max-width: 500px) 100vw, 500px\" \/><\/a><\/figure>\n\n\n\n<figure class=\"wp-block-image size-large\"><a href=\"https:\/\/www.bpmobler.se\/\" target=\"_blank\" rel=\" noreferrer noopener\"><img loading=\"lazy\" decoding=\"async\" width=\"225\" height=\"225\" data-id=\"7998\" src=\"https:\/\/www.djurskyddet.se\/sigfrid\/wp-content\/uploads\/sites\/18\/2025\/01\/images.png\" alt=\"\" class=\"wp-image-7998\" srcset=\"https:\/\/www.djurskyddet.se\/sigfrid\/wp-content\/uploads\/sites\/18\/2025\/01\/images.png 225w, https:\/\/www.djurskyddet.se\/sigfrid\/wp-content\/uploads\/sites\/18\/2025\/01\/images-150x150.png 150w\" sizes=\"auto, (max-width: 225px) 100vw, 225px\" \/><\/a><\/figure>\n<\/figure>\n\n\n\n<p><\/p>\n","protected":false},"excerpt":{"rendered":"<p>Dessa f\u00f6retag st\u00f6djer oss i v\u00e5rt arbete f\u00f6r djurens b\u00e4sta! Klicka p\u00e5 bilderna f\u00f6r att komma till f\u00f6retagens respektive hemsida. Tusen tack f\u00f6r all den hj\u00e4lp vi f\u00e5r av er f\u00f6r att kunna hj\u00e4lpa djuren.<\/p>\n","protected":false},"author":3,"featured_media":0,"parent":5500,"menu_order":0,"comment_status":"closed","ping_status":"closed","template":"page-templates\/left-sidebar.php","meta":{"_acf_changed":false,"footnotes":""},"class_list":["post-5716","page","type-page","status-publish","hentry"],"acf":[],"_links":{"self":[{"href":"https:\/\/www.djurskyddet.se\/sigfrid\/wp-json\/wp\/v2\/pages\/5716","targetHints":{"allow":["GET"]}}],"collection":[{"href":"https:\/\/www.djurskyddet.se\/sigfrid\/wp-json\/wp\/v2\/pages"}],"about":[{"href":"https:\/\/www.djurskyddet.se\/sigfrid\/wp-json\/wp\/v2\/types\/page"}],"author":[{"embeddable":true,"href":"https:\/\/www.djurskyddet.se\/sigfrid\/wp-json\/wp\/v2\/users\/3"}],"replies":[{"embeddable":true,"href":"https:\/\/www.djurskyddet.se\/sigfrid\/wp-json\/wp\/v2\/comments?post=5716"}],"version-history":[{"count":46,"href":"https:\/\/www.djurskyddet.se\/sigfrid\/wp-json\/wp\/v2\/pages\/5716\/revisions"}],"predecessor-version":[{"id":8778,"href":"https:\/\/www.djurskyddet.se\/sigfrid\/wp-json\/wp\/v2\/pages\/5716\/revisions\/8778"}],"up":[{"embeddable":true,"href":"https:\/\/www.djurskyddet.se\/sigfrid\/wp-json\/wp\/v2\/pages\/5500"}],"wp:attachment":[{"href":"https:\/\/www.djurskyddet.se\/sigfrid\/wp-json\/wp\/v2\/media?parent=5716"}],"curies":[{"name":"wp","href":"https:\/\/api.w.org\/{rel}","templated":true}]}}