{"id":5812,"date":"2018-08-14T14:14:50","date_gmt":"2018-08-14T13:14:50","guid":{"rendered":"http:\/\/www.djurskyddet.se\/sigfrid\/?page_id=5812"},"modified":"2018-08-14T14:20:24","modified_gmt":"2018-08-14T13:20:24","slug":"testamentera","status":"publish","type":"page","link":"https:\/\/www.djurskyddet.se\/sigfrid\/stod-oss\/testamentera\/","title":{"rendered":"Testamentera"},"content":{"rendered":"<p><strong>TESTEMENTERA TILL F\u00d6RM\u00c5N F\u00d6R DJUREN<\/strong><\/p>\n<p>De flesta skriver aldrig ett testamente. Kanske k\u00e4nner man ett visst obehag f\u00f6r att planera f\u00f6r sin egen bortg\u00e5ng. Men att sj\u00e4lv f\u00e5 best\u00e4mma vad som ska h\u00e4nda med sina tillg\u00e5ngar efter sin bortg\u00e5ng \u00e4r ett starkt sk\u00e4l att t\u00e4nka om.<\/p>\n<p>\u00c4r Du intresserad av att testamentera medel till Djurskyddet Sigfrid?<br \/>\nDu kan v\u00e4lja om medlen ska g\u00e5 till f\u00f6reningens allm\u00e4nna medel eller om de ska g\u00e5 till specifika \u00e4ndam\u00e5l.<\/p>\n<p>Vad \u00e4r ett testamente?<br \/>\nEtt testamente \u00e4r en skriftlig handling som anger hur en persons kvarl\u00e5tenskap ska f\u00f6rdelas. Testamentet m\u00e5ste inte skrivas av testatorn, men testatorn m\u00e5ste skriva under.<\/p>\n<p>M\u00e5ste det bevittnas?<br \/>\nJA!<br \/>\nDet ska bevittnas av tv\u00e5 personer som \u00e4r med n\u00e4r Du skriver under. Vittnena ska veta att det \u00e4r ett testamente, men beh\u00f6ver inte f\u00e5 se inneh\u00e5llet i det.<br \/>\nDe f\u00e5r inte vara sl\u00e4kt med Dig eller med dina arvingar och inte sj\u00e4lva kommer att \u00e4rva Dig. Vittnena ska avg\u00f6ra att Du \u00e4r vid dina sinnes fulla bruk.<\/p>\n<p>Hur hanteras ett arv?<br \/>\n1. En testator har testamenterat medel till Djurskyddet Sigfrid utan att ange n\u00e5got \u00e4ndam\u00e5l eller angivit \u00f6nskem\u00e5l som till exempel allm\u00e4nt djurskydd.<\/p>\n<p>\u00c5tg\u00e4rd: Medlen g\u00e5r till Djurskyddet Sigfrid allm\u00e4nna verksamhet<\/p>\n<p>2. En testator har testamenterat medel till Djurskyddet Sigfrid och uttryckt \u00f6nskem\u00e5l om att medlen ska anv\u00e4ndas f\u00f6r ett speciellt \u00e4ndam\u00e5l. Dock kan hela eller delar av r\u00e4ntan g\u00e5 till f\u00f6reningens l\u00f6pande verksamhet.<\/p>\n<p>\u00c5tg\u00e4rd: Hela kapitalet avs\u00e4tts f\u00f6r angivet \u00e4ndam\u00e5l och f\u00e5r endast anv\u00e4ndas till detta.<\/p>\n<p>Har Du fr\u00e5gor kring hur man testementerar till Djurskyddet Sigfrid \u00e4r Du v\u00e4lkommen att kontakta oss!<\/p>\n","protected":false},"excerpt":{"rendered":"<p>TESTEMENTERA TILL F\u00d6RM\u00c5N F\u00d6R DJUREN De flesta skriver aldrig ett testamente. Kanske k\u00e4nner man ett visst obehag f\u00f6r att planera f\u00f6r sin egen bortg\u00e5ng. Men att sj\u00e4lv f\u00e5 best\u00e4mma vad som ska h\u00e4nda med sina tillg\u00e5ngar efter sin bortg\u00e5ng \u00e4r ett starkt sk\u00e4l att t\u00e4nka om. \u00c4r Du intresserad av att testamentera medel till Djurskyddet Sigfrid? Du kan v\u00e4lja om medlen ska g\u00e5 till f\u00f6reningens allm\u00e4nna medel eller om de&hellip;<\/p>\n<p><a class=\"more-link\" href=\"https:\/\/www.djurskyddet.se\/sigfrid\/stod-oss\/testamentera\/\" title=\"Continue reading &lsquo;Testamentera&rsquo;\">L&auml;s mer<span class=\"meta-nav\">&raquo;<\/span><\/a><\/p>\n","protected":false},"author":3,"featured_media":0,"parent":5500,"menu_order":0,"comment_status":"closed","ping_status":"closed","template":"page-templates\/left-sidebar.php","meta":{"_acf_changed":false,"footnotes":""},"class_list":["post-5812","page","type-page","status-publish","hentry"],"acf":[],"_links":{"self":[{"href":"https:\/\/www.djurskyddet.se\/sigfrid\/wp-json\/wp\/v2\/pages\/5812","targetHints":{"allow":["GET"]}}],"collection":[{"href":"https:\/\/www.djurskyddet.se\/sigfrid\/wp-json\/wp\/v2\/pages"}],"about":[{"href":"https:\/\/www.djurskyddet.se\/sigfrid\/wp-json\/wp\/v2\/types\/page"}],"author":[{"embeddable":true,"href":"https:\/\/www.djurskyddet.se\/sigfrid\/wp-json\/wp\/v2\/users\/3"}],"replies":[{"embeddable":true,"href":"https:\/\/www.djurskyddet.se\/sigfrid\/wp-json\/wp\/v2\/comments?post=5812"}],"version-history":[{"count":5,"href":"https:\/\/www.djurskyddet.se\/sigfrid\/wp-json\/wp\/v2\/pages\/5812\/revisions"}],"predecessor-version":[{"id":5819,"href":"https:\/\/www.djurskyddet.se\/sigfrid\/wp-json\/wp\/v2\/pages\/5812\/revisions\/5819"}],"up":[{"embeddable":true,"href":"https:\/\/www.djurskyddet.se\/sigfrid\/wp-json\/wp\/v2\/pages\/5500"}],"wp:attachment":[{"href":"https:\/\/www.djurskyddet.se\/sigfrid\/wp-json\/wp\/v2\/media?parent=5812"}],"curies":[{"name":"wp","href":"https:\/\/api.w.org\/{rel}","templated":true}]}}