{"id":6292,"date":"2019-11-19T13:30:28","date_gmt":"2019-11-19T12:30:28","guid":{"rendered":"https:\/\/www.djurskyddet.se\/sigfrid\/?page_id=6292"},"modified":"2025-05-29T14:33:35","modified_gmt":"2025-05-29T13:33:35","slug":"bli-manadsgivare","status":"publish","type":"page","link":"https:\/\/www.djurskyddet.se\/sigfrid\/stod-oss\/bli-manadsgivare\/","title":{"rendered":"Bli m\u00e5nadsgivare"},"content":{"rendered":"\n<p><strong>Vill du hj\u00e4lpa utsatta djur genom att sk\u00e4nka en g\u00e5va varje m\u00e5nad&nbsp;via autogiro? Att st\u00f6dja oss regelbundet har stor betydelse. <\/strong><\/p>\n\n\n\n<p>F\u00f6r att st\u00f6dja oss m\u00e5nadsvis beh\u00f6ver vi ett medgivande g\u00e4llande att vi f\u00e5r dra pengar fr\u00e5n ditt bankkonto. V\u00e4lj om du vill skriva ut en blankett f\u00f6r autogiromedgivande som du sedan skickar till oss eller om du vill fylla i ett digitalt autogiromedgivande med hj\u00e4lp av BankID. Du v\u00e4ljer belopp n\u00e4r du fyller i autogiromedgivandet.<\/p>\n\n\n\n<p><a href=\"https:\/\/www.mvh.bgonline.se\/Public.Web\/Templates\/MandateApplications\/FillInMandateApplication.aspx?formRef=45ed9689-bcb3-49dc-878b-d8dc821d8b5a\">Fyll i autogiroanm\u00e4lan med Bank-ID h\u00e4r!<\/a><br><br><a href=\"https:\/\/www.djurskyddet.se\/sigfrid\/wp-content\/uploads\/sites\/18\/2020\/02\/Autogiroblankett_medvillkor.pdf\">Ladda ner och skriv ut blankett!<\/a><\/p>\n\n\n\n<p><strong>Vad g\u00e5r dina pengar till?<\/strong><br>Din g\u00e5va g\u00e5r varje m\u00e5nad direkt till djuren. Pengarna anv\u00e4nds till bland annat veterin\u00e4rv\u00e5rd, mediciner, specialfoder, kattsand eller andra n\u00f6dv\u00e4ndigheter som djuren kr\u00e4ver. <br>Varje m\u00e5nad betalar vi hyra f\u00f6r den uppst\u00e4llningsplats v\u00e5rt katthem st\u00e5r p\u00e5. Vi har elkostnader och andra driftkostnader som beh\u00f6vs f\u00f6r att katterna ska ha v\u00e4rme och tak \u00f6ver huvudet. Din m\u00e5nadsg\u00e5va \u00e4r en otroligt viktigt inkomst f\u00f6r v\u00e5rt katthem och \u00e4r d\u00e4rmed bland den viktigaste insatsen du som privatperson kan g\u00f6ra f\u00f6r att hj\u00e4lpa!<br><\/p>\n\n\n\n<p>Om du v\u00e4ljer att bli m\u00e5nadsgivare p\u00e5 100 kr eller mer kommer du bli tilldelad en katt som du f\u00e5r nyhetsuppdateringar kring p\u00e5 mail varje m\u00e5nad eller n\u00e4r det h\u00e4nder n\u00e5got speciellt i kattens liv.<br>N\u00e4r katten adopteras ut blir du tilldelad en annan katt i f\u00f6reningen.<br>(OBS! Om du inte \u00e4r medlem i f\u00f6reningen m\u00e5ste du h\u00f6ra av dig till oss med din mailadress f\u00f6r att vi ska kunna s\u00e4nda dig nyhetsuppdateringar)<\/p>\n\n\n\n<p><br> <br><\/p>\n\n\n\n<figure class=\"wp-block-image\"><img loading=\"lazy\" decoding=\"async\" width=\"1024\" height=\"228\" src=\"https:\/\/www.djurskyddet.se\/sigfrid\/wp-content\/uploads\/sites\/18\/2020\/11\/IMG_20200315_154444-1024x228.jpg\" alt=\"\" class=\"wp-image-6567\" srcset=\"https:\/\/www.djurskyddet.se\/sigfrid\/wp-content\/uploads\/sites\/18\/2020\/11\/IMG_20200315_154444.jpg 1024w, https:\/\/www.djurskyddet.se\/sigfrid\/wp-content\/uploads\/sites\/18\/2020\/11\/IMG_20200315_154444-300x67.jpg 300w, https:\/\/www.djurskyddet.se\/sigfrid\/wp-content\/uploads\/sites\/18\/2020\/11\/IMG_20200315_154444-768x171.jpg 768w, https:\/\/www.djurskyddet.se\/sigfrid\/wp-content\/uploads\/sites\/18\/2020\/11\/IMG_20200315_154444-400x89.jpg 400w\" sizes=\"auto, (max-width: 1024px) 100vw, 1024px\" \/><\/figure>\n\n\n\n<figure class=\"wp-block-image\"><img loading=\"lazy\" decoding=\"async\" width=\"1024\" height=\"196\" src=\"https:\/\/www.djurskyddet.se\/sigfrid\/wp-content\/uploads\/sites\/18\/2020\/11\/IMG_20200315_154527-1024x196.jpg\" alt=\"\" class=\"wp-image-6568\" srcset=\"https:\/\/www.djurskyddet.se\/sigfrid\/wp-content\/uploads\/sites\/18\/2020\/11\/IMG_20200315_154527.jpg 1024w, https:\/\/www.djurskyddet.se\/sigfrid\/wp-content\/uploads\/sites\/18\/2020\/11\/IMG_20200315_154527-300x57.jpg 300w, https:\/\/www.djurskyddet.se\/sigfrid\/wp-content\/uploads\/sites\/18\/2020\/11\/IMG_20200315_154527-768x147.jpg 768w, https:\/\/www.djurskyddet.se\/sigfrid\/wp-content\/uploads\/sites\/18\/2020\/11\/IMG_20200315_154527-400x77.jpg 400w\" sizes=\"auto, (max-width: 1024px) 100vw, 1024px\" \/><\/figure>\n\n\n\n<p><\/p>\n","protected":false},"excerpt":{"rendered":"<p>Vill du hj\u00e4lpa utsatta djur genom att sk\u00e4nka en g\u00e5va varje m\u00e5nad&nbsp;via autogiro? Att st\u00f6dja oss regelbundet har stor betydelse. F\u00f6r att st\u00f6dja oss m\u00e5nadsvis beh\u00f6ver vi ett medgivande g\u00e4llande att vi f\u00e5r dra pengar fr\u00e5n ditt bankkonto. V\u00e4lj om du vill skriva ut en blankett f\u00f6r autogiromedgivande som du sedan skickar till oss eller om du vill fylla i ett digitalt autogiromedgivande med hj\u00e4lp av BankID. Du v\u00e4ljer belopp&hellip;<\/p>\n<p><a class=\"more-link\" href=\"https:\/\/www.djurskyddet.se\/sigfrid\/stod-oss\/bli-manadsgivare\/\" title=\"Continue reading &lsquo;Bli m\u00e5nadsgivare&rsquo;\">L&auml;s mer<span class=\"meta-nav\">&raquo;<\/span><\/a><\/p>\n","protected":false},"author":3,"featured_media":0,"parent":5500,"menu_order":0,"comment_status":"closed","ping_status":"closed","template":"left-sidebar.php","meta":{"_acf_changed":false,"footnotes":""},"class_list":["post-6292","page","type-page","status-publish","hentry"],"acf":[],"_links":{"self":[{"href":"https:\/\/www.djurskyddet.se\/sigfrid\/wp-json\/wp\/v2\/pages\/6292","targetHints":{"allow":["GET"]}}],"collection":[{"href":"https:\/\/www.djurskyddet.se\/sigfrid\/wp-json\/wp\/v2\/pages"}],"about":[{"href":"https:\/\/www.djurskyddet.se\/sigfrid\/wp-json\/wp\/v2\/types\/page"}],"author":[{"embeddable":true,"href":"https:\/\/www.djurskyddet.se\/sigfrid\/wp-json\/wp\/v2\/users\/3"}],"replies":[{"embeddable":true,"href":"https:\/\/www.djurskyddet.se\/sigfrid\/wp-json\/wp\/v2\/comments?post=6292"}],"version-history":[{"count":8,"href":"https:\/\/www.djurskyddet.se\/sigfrid\/wp-json\/wp\/v2\/pages\/6292\/revisions"}],"predecessor-version":[{"id":8399,"href":"https:\/\/www.djurskyddet.se\/sigfrid\/wp-json\/wp\/v2\/pages\/6292\/revisions\/8399"}],"up":[{"embeddable":true,"href":"https:\/\/www.djurskyddet.se\/sigfrid\/wp-json\/wp\/v2\/pages\/5500"}],"wp:attachment":[{"href":"https:\/\/www.djurskyddet.se\/sigfrid\/wp-json\/wp\/v2\/media?parent=6292"}],"curies":[{"name":"wp","href":"https:\/\/api.w.org\/{rel}","templated":true}]}}