{"id":6608,"date":"2020-11-10T08:50:50","date_gmt":"2020-11-10T07:50:50","guid":{"rendered":"https:\/\/www.djurskyddet.se\/sigfrid\/?page_id=6608"},"modified":"2023-03-12T13:06:05","modified_gmt":"2023-03-12T12:06:05","slug":"upphittat-djur","status":"publish","type":"page","link":"https:\/\/www.djurskyddet.se\/sigfrid\/upphittat-djur\/","title":{"rendered":"Upphittad katt"},"content":{"rendered":"\n<p><strong>Har du hittat en katt som inte tycks h\u00f6ra hemma n\u00e5gonstans eller som \u00e4r i behov av hj\u00e4lp? F\u00f6lj v\u00e5ra r\u00e5d nedan innan du kontaktar ett djurhem.<\/strong> <\/p>\n\n\n\n<p><strong>\u00c4r din katt bortsprungen? L\u00e4s mer <a href=\"https:\/\/www.djurskyddet.se\/sigfrid\/tips-rad\/bortsprungen-katt\/\">h\u00e4r<\/a>.<\/strong><\/p>\n\n\n\n<p class=\"has-luminous-vivid-amber-background-color has-background\"><strong>OBS!<\/strong> \u00c4r katten i fysiskt d\u00e5ligt skick, dvs skadad, mager, sl\u00f6 eller okontaktbar? Kontakta veterin\u00e4r snarast.<br><br><strong>G\u00e4ller ditt \u00e4rende viltdjur, vanv\u00e5rd av privat\u00e4gda djur eller liknande h\u00e4nvisar vi dig till\u00a0Polismyndigheten 114 14<\/strong>\u00a0eller\u00a0<strong>L\u00e4nsstyrelsen Kronoberg 010-223 70 00<\/strong> <\/p>\n\n\n\n<p>T\u00e4nk p\u00e5 att inte ta in en katt eller p\u00e5 annat s\u00e4tt f\u00f6rvara en katt som ser ut att vara i fint skick&nbsp;<strong>om du inte har en plan f\u00f6r vad du ska g\u00f6ra med den h\u00e4r n\u00e4st<\/strong>. Du b\u00f6r inte heller mata en katt som ser ut att vara i fint skick d\u00e5 katten troligtvis dras fr\u00e5n sitt hem om du ger den mat.&nbsp;<strong>Dock<\/strong>&nbsp;b\u00f6r du inte bara l\u00e5ta katten vara utan f\u00f6lj listan nedan.<\/p>\n\n\n\n<p><strong>S\u00f6k en \u00e4gare genom att:<\/strong><\/p>\n\n\n\n<p><strong>* Kontrollera om katten har halsband med uppgifter om \u00e4gare.<br><\/strong>Har halsbandet en liten st\u00e5lbeh\u00e5llare p\u00e5 sig? Skruva den p\u00e5 mitten och se om \u00e4garuppgifter finns inuti.<\/p>\n\n\n\n<p><strong>* Kontrollera ID-m\u00e4rkning.<br><\/strong>Katter ska ha en ID-m\u00e4rkning i form av tatuering i \u00f6rat eller via chip som sitter under huden i nacken. En veterin\u00e4r, polis eller vi kan hj\u00e4lpa dig att l\u00e4sa av katten med en chipl\u00e4sare. Observera att du&nbsp;<strong>inte<\/strong>&nbsp;kan k\u00e4nna ett chip genom kattens hud. Vid tr\u00e4ff p\u00e5 ID-m\u00e4rkning s\u00f6k \u00e4gare p\u00e5 jordbruksverkets hemsida. Du kan \u00e4ven s\u00f6ka \u00e4gare&nbsp;p\u00e5&nbsp;<a href=\"https:\/\/hundar.skk.se\/agarreg\/\">Djur-ID<\/a>&nbsp;eller&nbsp;<a href=\"https:\/\/www.id-registret.se\/sok-id-nr\/\">SVERAK<\/a>.<\/p>\n\n\n\n<p><em>Tips! F\u00f6r att l\u00e4ttare kunna avl\u00e4sa en tatuering \u2013 belys \u00f6rat fr\u00e5n baksidan med en ficklampa!<\/em><\/p>\n\n\n\n<p><em>*&nbsp;<\/em><strong>Halsband med nyckelbricka<\/strong><em><br><\/em>Om ovanst\u00e5ende punkter inte ger resultat och katten kommer till dig regelbundet kan du sj\u00e4lv s\u00e4tta ett halsband p\u00e5 katten med en nyckelbricka p\u00e5.<\/p>\n\n\n\n<p>Inf\u00f6rskaffa ett halsband som g\u00e5r upp av sig sj\u00e4lvt om katten skulle fastna och som inte har en bj\u00e4llra p\u00e5 sig. F\u00e4st en nyckelbricka p\u00e5 halsbandet d\u00e4r du ber en eventuell \u00e4gare att kontakta dig. P\u00e5 s\u00e5 vis f\u00e5r du enkelt veta om katten g\u00e5r hem mellan bes\u00f6ken hos dig eller om den faktiskt \u00e4r vilse.<\/p>\n\n\n\n<p><em>Hos oss kan du h\u00e4mta halsband och nyckelbricka kostnadsfritt. Skicka ett mail till sigfrid.katt@djurskyddet.se.<\/em><br><em><\/em><\/p>\n\n\n\n<p><strong>*Anm\u00e4l till polisen att du hittat en katt som tycks sakna \u00e4gare.<\/strong><br>Be polisen registrera katten som upphittad. Ring 114 14.<\/p>\n\n\n\n<p><strong>* Efterlys vidare genom att<\/strong><br>\u2013 Knacka p\u00e5 hos grannar, dela ut informationsblad och s\u00e4tt upp dem i n\u00e4romr\u00e5det.<br>\u2013 L\u00e4gg ut en annons i din lokala Facebookgrupp. Bra om ovanst\u00e5ende \u00e5tg\u00e4rder \u00e4r utf\u00f6rda innan du g\u00f6r detta. Var noga med att beskriva vilka \u00e5tg\u00e4rder du sj\u00e4lv gjort f\u00f6r katten och i vilken stad\/omr\u00e5de katten befinner sig i.<br>\u2013 L\u00e4gg ut en annons p\u00e5&nbsp;<a href=\"https:\/\/www.vilse.nu\/\">vilse.nu<\/a>&nbsp;\u2013 en databas f\u00f6r f\u00f6rsvunna\/upphittade katter.<\/p>\n\n\n\n<p><strong>Kontakta oss eller annat djurhem i din n\u00e4rhet<\/strong><br>Om alla ovanst\u00e5ende \u00e5tg\u00e4rder \u00e4r gjorda och katten fortfarande kommer till dig eller om kattens fysiska status f\u00f6r\u00e4ndras under tiden du efters\u00f6ker en \u00e4gare \u00e4r det dags att kontakta ett djurhem. Vi \u00e4r ett par f\u00f6reningar aktiva i Kronoberg och samtliga arbetar ideellt. Det \u00e4r d\u00e4rf\u00f6r viktigt att du hj\u00e4lper oss genom att:<\/p>\n\n\n\n<p>\u2013 Ta eget ansvar och hj\u00e4lp oss med det vi ber dig om.<br>\u2013 \u00c5terkoppla till oss om du f\u00e5tt hj\u00e4lp fr\u00e5n ett annat djurhem\/f\u00f6rening.<\/p>\n","protected":false},"excerpt":{"rendered":"<p>Har du hittat en katt som inte tycks h\u00f6ra hemma n\u00e5gonstans eller som \u00e4r i behov av hj\u00e4lp? F\u00f6lj v\u00e5ra r\u00e5d nedan innan du kontaktar ett djurhem. \u00c4r din katt bortsprungen? L\u00e4s mer h\u00e4r. OBS! \u00c4r katten i fysiskt d\u00e5ligt skick, dvs skadad, mager, sl\u00f6 eller okontaktbar? Kontakta veterin\u00e4r snarast. G\u00e4ller ditt \u00e4rende viltdjur, vanv\u00e5rd av privat\u00e4gda djur eller liknande h\u00e4nvisar vi dig till\u00a0Polismyndigheten 114 14\u00a0eller\u00a0L\u00e4nsstyrelsen Kronoberg 010-223 70 00&hellip;<\/p>\n<p><a class=\"more-link\" href=\"https:\/\/www.djurskyddet.se\/sigfrid\/upphittat-djur\/\" title=\"Continue reading &lsquo;Upphittad katt&rsquo;\">L&auml;s mer<span class=\"meta-nav\">&raquo;<\/span><\/a><\/p>\n","protected":false},"author":3,"featured_media":0,"parent":0,"menu_order":0,"comment_status":"closed","ping_status":"closed","template":"left-sidebar.php","meta":{"_acf_changed":false,"footnotes":""},"class_list":["post-6608","page","type-page","status-publish","hentry"],"acf":[],"_links":{"self":[{"href":"https:\/\/www.djurskyddet.se\/sigfrid\/wp-json\/wp\/v2\/pages\/6608","targetHints":{"allow":["GET"]}}],"collection":[{"href":"https:\/\/www.djurskyddet.se\/sigfrid\/wp-json\/wp\/v2\/pages"}],"about":[{"href":"https:\/\/www.djurskyddet.se\/sigfrid\/wp-json\/wp\/v2\/types\/page"}],"author":[{"embeddable":true,"href":"https:\/\/www.djurskyddet.se\/sigfrid\/wp-json\/wp\/v2\/users\/3"}],"replies":[{"embeddable":true,"href":"https:\/\/www.djurskyddet.se\/sigfrid\/wp-json\/wp\/v2\/comments?post=6608"}],"version-history":[{"count":5,"href":"https:\/\/www.djurskyddet.se\/sigfrid\/wp-json\/wp\/v2\/pages\/6608\/revisions"}],"predecessor-version":[{"id":7382,"href":"https:\/\/www.djurskyddet.se\/sigfrid\/wp-json\/wp\/v2\/pages\/6608\/revisions\/7382"}],"wp:attachment":[{"href":"https:\/\/www.djurskyddet.se\/sigfrid\/wp-json\/wp\/v2\/media?parent=6608"}],"curies":[{"name":"wp","href":"https:\/\/api.w.org\/{rel}","templated":true}]}}