{"id":6611,"date":"2020-11-10T08:51:37","date_gmt":"2020-11-10T07:51:37","guid":{"rendered":"https:\/\/www.djurskyddet.se\/sigfrid\/?page_id=6611"},"modified":"2020-11-13T09:22:43","modified_gmt":"2020-11-13T08:22:43","slug":"upphittat-djur-2","status":"publish","type":"page","link":"https:\/\/www.djurskyddet.se\/sigfrid\/upphittat-djur-2\/","title":{"rendered":"Upphittat djur"},"content":{"rendered":"\n<p>Har du hittat ett djur i behov av hj\u00e4lp? Fyll i v\u00e5rt formul\u00e4r &#8221;<a href=\"https:\/\/www.djurskyddet.se\/sigfrid\/anmal-nodrop\/\">Anm\u00e4l n\u00f6drop<\/a>&#8221; s\u00e5 kommer vi att hj\u00e4lpa dig p\u00e5 b\u00e4sta s\u00e4tt vi kan.<br><br>\u00c4r djuret i fysiskt d\u00e5ligt skick, dvs skadad, mager, sl\u00f6 eller okontaktbar? Fyll i formul\u00e4ret\u00a0<a href=\"https:\/\/www.djurskyddet.se\/sigfrid\/anmal-nodrop\/\">h\u00e4r<\/a><strong> och<\/strong>\u00a0kontakta oss via meddelande p\u00e5 v\u00e5r Facebooksida. Vi svarar s\u00e5 fort vi kan.\u00a0<\/p>\n\n\n\n<p style=\"text-align:center\" class=\"has-background has-luminous-vivid-amber-background-color\"><strong>G\u00e4ller ditt \u00e4rende viltdjur, vanv\u00e5rd av privat\u00e4gda djur eller liknande h\u00e4nvisar vi dig till\u00a0Polismyndigheten 114 14<\/strong>\u00a0eller\u00a0<strong>L\u00e4nsstyrelsen Kronoberg 010-223 70 00<\/strong><\/p>\n\n\n\n<div class=\"wp-block-image\"><figure class=\"aligncenter is-resized\"><img loading=\"lazy\" decoding=\"async\" src=\"https:\/\/www.djurskyddet.se\/sigfrid\/wp-content\/uploads\/sites\/18\/2020\/11\/IMG_20180726_143710_810.jpg\" alt=\"\" class=\"wp-image-6624\" width=\"281\" height=\"281\" srcset=\"https:\/\/www.djurskyddet.se\/sigfrid\/wp-content\/uploads\/sites\/18\/2020\/11\/IMG_20180726_143710_810.jpg 1024w, https:\/\/www.djurskyddet.se\/sigfrid\/wp-content\/uploads\/sites\/18\/2020\/11\/IMG_20180726_143710_810-150x150.jpg 150w, https:\/\/www.djurskyddet.se\/sigfrid\/wp-content\/uploads\/sites\/18\/2020\/11\/IMG_20180726_143710_810-300x300.jpg 300w, https:\/\/www.djurskyddet.se\/sigfrid\/wp-content\/uploads\/sites\/18\/2020\/11\/IMG_20180726_143710_810-768x768.jpg 768w, https:\/\/www.djurskyddet.se\/sigfrid\/wp-content\/uploads\/sites\/18\/2020\/11\/IMG_20180726_143710_810-400x400.jpg 400w\" sizes=\"auto, (max-width: 281px) 100vw, 281px\" \/><\/figure><\/div>\n","protected":false},"excerpt":{"rendered":"<p>Har du hittat ett djur i behov av hj\u00e4lp? Fyll i v\u00e5rt formul\u00e4r &#8221;Anm\u00e4l n\u00f6drop&#8221; s\u00e5 kommer vi att hj\u00e4lpa dig p\u00e5 b\u00e4sta s\u00e4tt vi kan. \u00c4r djuret i fysiskt d\u00e5ligt skick, dvs skadad, mager, sl\u00f6 eller okontaktbar? Fyll i formul\u00e4ret\u00a0h\u00e4r och\u00a0kontakta oss via meddelande p\u00e5 v\u00e5r Facebooksida. Vi svarar s\u00e5 fort vi kan.\u00a0 G\u00e4ller ditt \u00e4rende viltdjur, vanv\u00e5rd av privat\u00e4gda djur eller liknande h\u00e4nvisar vi dig till\u00a0Polismyndigheten 114 14\u00a0eller\u00a0L\u00e4nsstyrelsen&hellip;<\/p>\n<p><a class=\"more-link\" href=\"https:\/\/www.djurskyddet.se\/sigfrid\/upphittat-djur-2\/\" title=\"Continue reading &lsquo;Upphittat djur&rsquo;\">L&auml;s mer<span class=\"meta-nav\">&raquo;<\/span><\/a><\/p>\n","protected":false},"author":3,"featured_media":0,"parent":0,"menu_order":0,"comment_status":"closed","ping_status":"closed","template":"","meta":{"_acf_changed":false,"footnotes":""},"class_list":["post-6611","page","type-page","status-publish","hentry"],"acf":[],"_links":{"self":[{"href":"https:\/\/www.djurskyddet.se\/sigfrid\/wp-json\/wp\/v2\/pages\/6611","targetHints":{"allow":["GET"]}}],"collection":[{"href":"https:\/\/www.djurskyddet.se\/sigfrid\/wp-json\/wp\/v2\/pages"}],"about":[{"href":"https:\/\/www.djurskyddet.se\/sigfrid\/wp-json\/wp\/v2\/types\/page"}],"author":[{"embeddable":true,"href":"https:\/\/www.djurskyddet.se\/sigfrid\/wp-json\/wp\/v2\/users\/3"}],"replies":[{"embeddable":true,"href":"https:\/\/www.djurskyddet.se\/sigfrid\/wp-json\/wp\/v2\/comments?post=6611"}],"version-history":[{"count":2,"href":"https:\/\/www.djurskyddet.se\/sigfrid\/wp-json\/wp\/v2\/pages\/6611\/revisions"}],"predecessor-version":[{"id":6625,"href":"https:\/\/www.djurskyddet.se\/sigfrid\/wp-json\/wp\/v2\/pages\/6611\/revisions\/6625"}],"wp:attachment":[{"href":"https:\/\/www.djurskyddet.se\/sigfrid\/wp-json\/wp\/v2\/media?parent=6611"}],"curies":[{"name":"wp","href":"https:\/\/api.w.org\/{rel}","templated":true}]}}