{"id":6613,"date":"2020-11-10T08:52:23","date_gmt":"2020-11-10T07:52:23","guid":{"rendered":"https:\/\/www.djurskyddet.se\/sigfrid\/?page_id=6613"},"modified":"2024-12-02T17:50:07","modified_gmt":"2024-12-02T16:50:07","slug":"anmal-nodrop","status":"publish","type":"page","link":"https:\/\/www.djurskyddet.se\/sigfrid\/anmal-nodrop\/","title":{"rendered":"N\u00f6drop Katt"},"content":{"rendered":"\n<p>V\u00e4nligen observera att v\u00e5r organisation ligger i V\u00e4xj\u00f6, Sm\u00e5land. <\/p>\n\n\n\n<div class=\"wpcf7 no-js\" id=\"wpcf7-f6618-o1\" lang=\"sv-SE\" dir=\"ltr\" data-wpcf7-id=\"6618\">\n<div class=\"screen-reader-response\"><p role=\"status\" aria-live=\"polite\" aria-atomic=\"true\"><\/p> <ul><\/ul><\/div>\n<form action=\"\/sigfrid\/wp-json\/wp\/v2\/pages\/6613#wpcf7-f6618-o1\" method=\"post\" class=\"wpcf7-form init\" aria-label=\"Kontaktformul\u00e4r\" novalidate=\"novalidate\" data-status=\"init\">\n<fieldset class=\"hidden-fields-container\"><input type=\"hidden\" name=\"_wpcf7\" value=\"6618\" \/><input type=\"hidden\" name=\"_wpcf7_version\" value=\"6.1\" \/><input type=\"hidden\" name=\"_wpcf7_locale\" value=\"sv_SE\" \/><input type=\"hidden\" name=\"_wpcf7_unit_tag\" value=\"wpcf7-f6618-o1\" \/><input type=\"hidden\" name=\"_wpcf7_container_post\" value=\"0\" \/><input type=\"hidden\" name=\"_wpcf7_posted_data_hash\" value=\"\" \/><input type=\"hidden\" name=\"_wpcf7_recaptcha_response\" value=\"\" \/>\n<\/fieldset>\n<div class=\"uacf7-form-wrapper-container uacf7-form-6618  \"><strong>Anm\u00e4l n\u00f6drop<\/strong>\n\nGenom att fylla i och skicka in foruml\u00e4ret nedan hj\u00e4lper du oss att f\u00e5 svar p\u00e5 m\u00e5nga av v\u00e5ra vanligaste fr\u00e5gor. Ett nogsamt ifyllt formul\u00e4r hj\u00e4lper oss att f\u00e5 en tydlig \u00f6verblick \u00f6ver vad vi kan hj\u00e4lpa dig med och p\u00e5 s\u00e5 s\u00e4tt g\u00e5r arbetet fortare. Observera att vi \u00e4r en ideell f\u00f6rening. \u00c4renden som g\u00e4ller vanv\u00e5rd av djur i privat \u00e4go h\u00e4nvisas till L\u00e4nsstyrelsen i Kronoberg.\n\n<strong>Personuppgifter<\/strong>\n<h6>* obligatoriskt<\/h6>\n\n<label>Namn och efternamn* <span class=\"wpcf7-form-control-wrap\" data-name=\"your-name\"><input size=\"40\" maxlength=\"400\" class=\"wpcf7-form-control wpcf7-text wpcf7-validates-as-required\" aria-required=\"true\" aria-invalid=\"false\" value=\"\" type=\"text\" name=\"your-name\" \/><\/span> <\/label>\n\n<label> Personnummer* <span class=\"wpcf7-form-control-wrap\" data-name=\"Personnr\"><input size=\"40\" maxlength=\"400\" class=\"wpcf7-form-control wpcf7-text wpcf7-validates-as-required\" aria-required=\"true\" aria-invalid=\"false\" value=\"\" type=\"text\" name=\"Personnr\" \/><\/span><\/label>\n\n<label> Adress* <span class=\"wpcf7-form-control-wrap\" data-name=\"Adress\"><input size=\"40\" maxlength=\"400\" class=\"wpcf7-form-control wpcf7-text wpcf7-validates-as-required\" aria-required=\"true\" aria-invalid=\"false\" value=\"\" type=\"text\" name=\"Adress\" \/><\/span><\/label>\n\n<label>Telefonnummer <span class=\"wpcf7-form-control-wrap\" data-name=\"your-number\"><input size=\"40\" maxlength=\"400\" class=\"wpcf7-form-control wpcf7-text\" aria-invalid=\"false\" value=\"\" type=\"text\" name=\"your-number\" \/><\/span> <\/label>\n\n<label>Din epostadress* <span class=\"wpcf7-form-control-wrap\" data-name=\"your-email\"><input size=\"40\" maxlength=\"400\" class=\"wpcf7-form-control wpcf7-email wpcf7-validates-as-required wpcf7-text wpcf7-validates-as-email\" aria-required=\"true\" aria-invalid=\"false\" value=\"\" type=\"email\" name=\"your-email\" \/><\/span> <\/label>\n\n<strong>Information om n\u00f6dropet<\/strong>\n<label>Ort och adress \u00e4rendet g\u00e4ller* <span class=\"wpcf7-form-control-wrap\" data-name=\"OrtochAdress\"><input size=\"40\" maxlength=\"400\" class=\"wpcf7-form-control wpcf7-text wpcf7-validates-as-required\" aria-required=\"true\" aria-invalid=\"false\" value=\"\" type=\"text\" name=\"OrtochAdress\" \/><\/span><\/label>\n\n<label>Djurslag \u00e4rendet g\u00e4ller*<span class=\"wpcf7-form-control-wrap\" data-name=\"Djurslag\"><input size=\"40\" maxlength=\"400\" class=\"wpcf7-form-control wpcf7-text wpcf7-validates-as-required\" aria-required=\"true\" aria-invalid=\"false\" value=\"\" type=\"text\" name=\"Djurslag\" \/><\/span><\/label>\n\n<label>Antal djur \u00e4rendet g\u00e4ller*<span class=\"wpcf7-form-control-wrap\" data-name=\"antal\"><input size=\"40\" maxlength=\"400\" class=\"wpcf7-form-control wpcf7-text wpcf7-validates-as-required\" aria-required=\"true\" aria-invalid=\"false\" value=\"\" type=\"text\" name=\"antal\" \/><\/span><\/label>\n\n<label>Beskrivning av \u00e4rende*\nNedan beskriver du omfattningen av ditt \u00e4rende och om djuret\/djuren som beh\u00f6ver hj\u00e4lp. F\u00f6r att vi ska kunna hj\u00e4lpa dig p\u00e5 b\u00e4sta s\u00e4tt \u00e4r det viktigt att du f\u00f6rklara s\u00e5 utf\u00f6rligt som m\u00f6jligt!\n\n<span class=\"wpcf7-form-control-wrap\" data-name=\"Beskrivning\"><textarea cols=\"40\" rows=\"10\" maxlength=\"2000\" class=\"wpcf7-form-control wpcf7-textarea wpcf7-validates-as-required\" aria-required=\"true\" aria-invalid=\"false\" name=\"Beskrivning\"><\/textarea><\/span><\/label>\n\nUnder \u201dUpphittad katt\u201d finner du en lista p\u00e5 \u00e5tg\u00e4rder vi vill att du ska ha utf\u00f6rt n\u00e4r du hittat ett djur. Kryssa i utf\u00f6rda \u00e5tg\u00e4rder:\n<span class=\"wpcf7-form-control-wrap\" data-name=\"Kryssrutor\"><span class=\"wpcf7-form-control wpcf7-checkbox wpcf7-validates-as-required\"><span class=\"wpcf7-list-item first\"><input type=\"checkbox\" name=\"Kryssrutor[]\" value=\"Kontrollerat ID-m\u00e4rkning\" \/><span class=\"wpcf7-list-item-label\">Kontrollerat ID-m\u00e4rkning<\/span><\/span><span class=\"wpcf7-list-item\"><input type=\"checkbox\" name=\"Kryssrutor[]\" value=\"Halsband med nyckelbricka\" \/><span class=\"wpcf7-list-item-label\">Halsband med nyckelbricka<\/span><\/span><span class=\"wpcf7-list-item\"><input type=\"checkbox\" name=\"Kryssrutor[]\" value=\"Anm\u00e4lan till polis\" \/><span class=\"wpcf7-list-item-label\">Anm\u00e4lan till polis<\/span><\/span><span class=\"wpcf7-list-item\"><input type=\"checkbox\" name=\"Kryssrutor[]\" value=\"Annons p\u00e5 vilse.nu\" \/><span class=\"wpcf7-list-item-label\">Annons p\u00e5 vilse.nu<\/span><\/span><span class=\"wpcf7-list-item last\"><input type=\"checkbox\" name=\"Kryssrutor[]\" value=\"\u00d6vriga efterlysningar\" \/><span class=\"wpcf7-list-item-label\">\u00d6vriga efterlysningar<\/span><\/span><\/span><\/span>\n\nSist men inte minst: Kontrollera att din mailadress st\u00e4mmer. Annars kommer vi inte kunna svara p\u00e5 ditt n\u00f6drop!\n<input class=\"wpcf7-form-control wpcf7-submit has-spinner\" type=\"submit\" value=\"Anm\u00e4l n\u00f6drop\" \/><\/div><div class=\"wpcf7-response-output\" aria-hidden=\"true\"><\/div>\n<\/form>\n<\/div>\n\n\n\n\n<p><\/p>\n","protected":false},"excerpt":{"rendered":"<p>V\u00e4nligen observera att v\u00e5r organisation ligger i V\u00e4xj\u00f6, Sm\u00e5land.<\/p>\n","protected":false},"author":3,"featured_media":0,"parent":0,"menu_order":0,"comment_status":"closed","ping_status":"closed","template":"","meta":{"_acf_changed":false,"footnotes":""},"class_list":["post-6613","page","type-page","status-publish","hentry"],"acf":[],"_links":{"self":[{"href":"https:\/\/www.djurskyddet.se\/sigfrid\/wp-json\/wp\/v2\/pages\/6613","targetHints":{"allow":["GET"]}}],"collection":[{"href":"https:\/\/www.djurskyddet.se\/sigfrid\/wp-json\/wp\/v2\/pages"}],"about":[{"href":"https:\/\/www.djurskyddet.se\/sigfrid\/wp-json\/wp\/v2\/types\/page"}],"author":[{"embeddable":true,"href":"https:\/\/www.djurskyddet.se\/sigfrid\/wp-json\/wp\/v2\/users\/3"}],"replies":[{"embeddable":true,"href":"https:\/\/www.djurskyddet.se\/sigfrid\/wp-json\/wp\/v2\/comments?post=6613"}],"version-history":[{"count":5,"href":"https:\/\/www.djurskyddet.se\/sigfrid\/wp-json\/wp\/v2\/pages\/6613\/revisions"}],"predecessor-version":[{"id":7913,"href":"https:\/\/www.djurskyddet.se\/sigfrid\/wp-json\/wp\/v2\/pages\/6613\/revisions\/7913"}],"wp:attachment":[{"href":"https:\/\/www.djurskyddet.se\/sigfrid\/wp-json\/wp\/v2\/media?parent=6613"}],"curies":[{"name":"wp","href":"https:\/\/api.w.org\/{rel}","templated":true}]}}